{"id":969,"date":"2018-03-06T18:06:33","date_gmt":"2018-03-06T16:06:33","guid":{"rendered":"https:\/\/select-luxury.travel\/?page_id=969"},"modified":"2025-12-01T13:29:16","modified_gmt":"2025-12-01T12:29:16","slug":"myanmar","status":"publish","type":"page","link":"https:\/\/select-luxury.travel\/en\/selections\/private\/myanmar","title":{"rendered":"Myanmar Luxury"},"content":{"rendered":"<p><span class=\"text-braun\">The golden land<\/span><\/p>\n<p>Suddenly everything around you seems to slow down a little. The hectic thoughts fade with every breath you take and every oxcart that passes you by. While you eat an incredibly tasty plate of noodles here in the street kitchen of Bagan, your journey back in time has already begun. And now you are discovering one of the most beautiful and original countries in Asia - Myanmar, formerly Burma. The country only opened up to the outside world a few years ago, making it a true paradise for explorers. The historical, cultural and scenic treasures will cast a spell over you. On this exclusive round trip, experience the legendary highlights of the metropolis of Yangon, the romantic Inle Lake south of Taunggyi, the former royal city of Mandalay, a trip on the Irrawaddy on the Sancturay Ananda and the world of temples in historic Bagan. Get to know the different facets and breathtaking beauty of Myanmar on this luxurious dream holiday.<\/p>","protected":false},"excerpt":{"rendered":"<p>Das goldene Land Auf einmal scheint alles um Sie herum etwas langsamer abzulaufen. Die hektischen Gedanken verblassen mit jedem Atemzug und jedem Ochsenkarren, der an Ihnen vor\u00fcberzieht. W\u00e4hrend Sie hier in der Stra\u00dfenk\u00fcche von Bagan einen unglaublich schmackhaften Teller Nudeln essen, hat Ihre Zeitreise in die Vergangenheit schon begonnen. Und nun entdecken Sie eines der [&hellip;]<\/p>\n","protected":false},"author":3,"featured_media":0,"parent":514,"menu_order":28,"comment_status":"closed","ping_status":"closed","template":"page-reise_detail.php","meta":{"_acf_changed":false,"inline_featured_image":false,"footnotes":""},"categories":[9,8,10],"tags":[],"class_list":["post-969","page","type-page","status-publish","hentry","category-private-selections","category-reisen","category-small-group-selections"],"acf":[],"_links":{"self":[{"href":"https:\/\/select-luxury.travel\/en\/wp-json\/wp\/v2\/pages\/969","targetHints":{"allow":["GET"]}}],"collection":[{"href":"https:\/\/select-luxury.travel\/en\/wp-json\/wp\/v2\/pages"}],"about":[{"href":"https:\/\/select-luxury.travel\/en\/wp-json\/wp\/v2\/types\/page"}],"author":[{"embeddable":true,"href":"https:\/\/select-luxury.travel\/en\/wp-json\/wp\/v2\/users\/3"}],"replies":[{"embeddable":true,"href":"https:\/\/select-luxury.travel\/en\/wp-json\/wp\/v2\/comments?post=969"}],"version-history":[{"count":40,"href":"https:\/\/select-luxury.travel\/en\/wp-json\/wp\/v2\/pages\/969\/revisions"}],"predecessor-version":[{"id":67970,"href":"https:\/\/select-luxury.travel\/en\/wp-json\/wp\/v2\/pages\/969\/revisions\/67970"}],"up":[{"embeddable":true,"href":"https:\/\/select-luxury.travel\/en\/wp-json\/wp\/v2\/pages\/514"}],"wp:attachment":[{"href":"https:\/\/select-luxury.travel\/en\/wp-json\/wp\/v2\/media?parent=969"}],"wp:term":[{"taxonomy":"category","embeddable":true,"href":"https:\/\/select-luxury.travel\/en\/wp-json\/wp\/v2\/categories?post=969"},{"taxonomy":"post_tag","embeddable":true,"href":"https:\/\/select-luxury.travel\/en\/wp-json\/wp\/v2\/tags?post=969"}],"curies":[{"name":"wp","href":"https:\/\/api.w.org\/{rel}","templated":true}]}}