{"id":9620,"date":"2019-11-07T17:23:57","date_gmt":"2019-11-07T16:23:57","guid":{"rendered":"https:\/\/select-luxury.travel\/?page_id=9620"},"modified":"2026-04-30T15:34:11","modified_gmt":"2026-04-30T13:34:11","slug":"beauty-of-botswana","status":"publish","type":"page","link":"https:\/\/select-luxury.travel\/en\/selections\/private\/beauty-of-botswana","title":{"rendered":"Beauty of Sambia &#038; Botswana &#8211; Flug &#038; Landsafari"},"content":{"rendered":"<p><span class=\"text-braun\">Luxuri\u00f6se Flug &#038; Landsafari durch Botswana mit Victoriaf\u00e4llen in atemberaubender Landschaft und einer Vielzahl an Tieren.<\/span><\/p>\n<p>Breathtaking landscapes and vibrant life make Botswana a unique destination. The air is filled with the smell and sound of thousands of wild animals, including elephants, giraffes, lions, hippos and zebras. A cheetah sprints across the grassy plain in pursuit of a gazelle - which manages to escape at the last second into the maze of sprawling water and island landscapes. This is Botswana. Nowhere else in the world are you so undisturbed when stalking game. This is because Botswana does a great deal to preserve the wildlife population and the entire natural environment in all its unspoilt glory. This also includes only allowing a relatively small number of visitors and few accommodations per year. The unique sanctuary lodges and camps in breathtaking locations await you - for your private safari adventure at the very highest level.<\/p>","protected":false},"excerpt":{"rendered":"<p>Luxuri\u00f6se Flug &#038; Landsafari durch Botswana mit Victoriaf\u00e4llen in atemberaubender Landschaft und einer Vielzahl an Tieren. Atemberaubende Landschaften und pulsierendes Leben machen Botswana zu einem einzigartigen Reiseziel. Die Luft ist erf\u00fcllt vom Geruch und Klang tausender Wildtiere, darunter Elefanten, Giraffen, L\u00f6wen, Flusspferde und Zebras. Ein Gepard sprintet \u00fcber die grasbewachsene Ebene und verfolgt eine Gazelle [&hellip;]<\/p>","protected":false},"author":4,"featured_media":0,"parent":514,"menu_order":0,"comment_status":"closed","ping_status":"closed","template":"page-reise_detail.php","meta":{"_acf_changed":false,"inline_featured_image":false,"footnotes":""},"categories":[9,8],"tags":[],"class_list":["post-9620","page","type-page","status-publish","hentry","category-private-selections","category-reisen"],"acf":[],"_links":{"self":[{"href":"https:\/\/select-luxury.travel\/en\/wp-json\/wp\/v2\/pages\/9620","targetHints":{"allow":["GET"]}}],"collection":[{"href":"https:\/\/select-luxury.travel\/en\/wp-json\/wp\/v2\/pages"}],"about":[{"href":"https:\/\/select-luxury.travel\/en\/wp-json\/wp\/v2\/types\/page"}],"author":[{"embeddable":true,"href":"https:\/\/select-luxury.travel\/en\/wp-json\/wp\/v2\/users\/4"}],"replies":[{"embeddable":true,"href":"https:\/\/select-luxury.travel\/en\/wp-json\/wp\/v2\/comments?post=9620"}],"version-history":[{"count":37,"href":"https:\/\/select-luxury.travel\/en\/wp-json\/wp\/v2\/pages\/9620\/revisions"}],"predecessor-version":[{"id":70344,"href":"https:\/\/select-luxury.travel\/en\/wp-json\/wp\/v2\/pages\/9620\/revisions\/70344"}],"up":[{"embeddable":true,"href":"https:\/\/select-luxury.travel\/en\/wp-json\/wp\/v2\/pages\/514"}],"wp:attachment":[{"href":"https:\/\/select-luxury.travel\/en\/wp-json\/wp\/v2\/media?parent=9620"}],"wp:term":[{"taxonomy":"category","embeddable":true,"href":"https:\/\/select-luxury.travel\/en\/wp-json\/wp\/v2\/categories?post=9620"},{"taxonomy":"post_tag","embeddable":true,"href":"https:\/\/select-luxury.travel\/en\/wp-json\/wp\/v2\/tags?post=9620"}],"curies":[{"name":"wp","href":"https:\/\/api.w.org\/{rel}","templated":true}]}}