{"id":8950,"date":"2019-08-30T14:46:38","date_gmt":"2019-08-30T12:46:38","guid":{"rendered":"https:\/\/select-luxury.travel\/?page_id=8950"},"modified":"2025-12-02T11:26:09","modified_gmt":"2025-12-02T10:26:09","slug":"jordan-luxury","status":"publish","type":"page","link":"https:\/\/select-luxury.travel\/en\/selections\/private\/jordanien-luxury","title":{"rendered":"Jordan Luxury"},"content":{"rendered":"<p><span class=\"text-braun\">Discover iconic places, biblical landmarks of a historically rich country in style and comfort<\/span><\/p>\n<p>Romantic Jordan is full of historical treasures and iconic sites, which you will experience on this personalised round trip in unrestricted comfort and style. Remains of Greco-Roman cities and biblical landmarks make this time-honoured country an unforgettable experience. Jordan's most famous UNESCO World Heritage Site is the 'Pink City' of Petra, an impressive architectural masterpiece carved out of a mountain range by the Nabataeans in the third century BC. Discover the history and architecture of this and many other ruins together with your experienced, private guide. Stroll among well-preserved Roman relics in Jerash, the \"Pompeii of the Middle East\", and experience the exciting city of Amman, the political, cultural and commercial centre of Jordan. Feel the special atmosphere in the mysterious Wadi Rum desert and learn about the lifestyle of the Bedouins while chatting with them over tea. Swimming in the Dead Sea and bathing in its healing salts and minerals should not be missed on your trip.<\/p>","protected":false},"excerpt":{"rendered":"<p>Ikonische Orte, biblische Wahrzeichen eines historisch reichen Landes mit Stil und Komfort entdecken Das romantische Jordanien steckt voller historischer Sch\u00e4tze und ikonischer Orte, die Sie auf dieser individuellen Rundreise mit uneingeschr\u00e4nktem Komfort und Stil erleben werden. \u00dcberreste griechisch-r\u00f6mischer St\u00e4dte und biblischer Wahrzeichen machen das altehrw\u00fcrdige Land zu einem unvergesslichen Erlebnis. Jordaniens ber\u00fchmtestes UNESCO Weltkulturerbe ist [&hellip;]<\/p>\n","protected":false},"author":4,"featured_media":0,"parent":514,"menu_order":0,"comment_status":"closed","ping_status":"closed","template":"page-reise_detail.php","meta":{"_acf_changed":false,"inline_featured_image":false,"footnotes":""},"categories":[9,8],"tags":[],"class_list":["post-8950","page","type-page","status-publish","hentry","category-private-selections","category-reisen"],"acf":[],"_links":{"self":[{"href":"https:\/\/select-luxury.travel\/en\/wp-json\/wp\/v2\/pages\/8950","targetHints":{"allow":["GET"]}}],"collection":[{"href":"https:\/\/select-luxury.travel\/en\/wp-json\/wp\/v2\/pages"}],"about":[{"href":"https:\/\/select-luxury.travel\/en\/wp-json\/wp\/v2\/types\/page"}],"author":[{"embeddable":true,"href":"https:\/\/select-luxury.travel\/en\/wp-json\/wp\/v2\/users\/4"}],"replies":[{"embeddable":true,"href":"https:\/\/select-luxury.travel\/en\/wp-json\/wp\/v2\/comments?post=8950"}],"version-history":[{"count":18,"href":"https:\/\/select-luxury.travel\/en\/wp-json\/wp\/v2\/pages\/8950\/revisions"}],"predecessor-version":[{"id":67990,"href":"https:\/\/select-luxury.travel\/en\/wp-json\/wp\/v2\/pages\/8950\/revisions\/67990"}],"up":[{"embeddable":true,"href":"https:\/\/select-luxury.travel\/en\/wp-json\/wp\/v2\/pages\/514"}],"wp:attachment":[{"href":"https:\/\/select-luxury.travel\/en\/wp-json\/wp\/v2\/media?parent=8950"}],"wp:term":[{"taxonomy":"category","embeddable":true,"href":"https:\/\/select-luxury.travel\/en\/wp-json\/wp\/v2\/categories?post=8950"},{"taxonomy":"post_tag","embeddable":true,"href":"https:\/\/select-luxury.travel\/en\/wp-json\/wp\/v2\/tags?post=8950"}],"curies":[{"name":"wp","href":"https:\/\/api.w.org\/{rel}","templated":true}]}}