{"id":8495,"date":"2019-08-16T17:53:12","date_gmt":"2019-08-16T15:53:12","guid":{"rendered":"https:\/\/select-luxury.travel\/?page_id=8495"},"modified":"2026-03-13T13:56:02","modified_gmt":"2026-03-13T12:56:02","slug":"in-the-realm-of-the-macaws-tambopata-peru","status":"publish","type":"page","link":"https:\/\/select-luxury.travel\/en\/selections\/private\/in-the-realm-of-the-macaws-tambopata-peru","title":{"rendered":"In the realm of the macaws, Tambopata, Peru"},"content":{"rendered":"<p><span class=\"text-braun\">Exclusive Amazon expedition to the largest parrot salt licks in the world <\/span><\/p>\n<p>Discovering the secrets of the Peruvian Amazon, immersing yourself in the fascinating nature and experiencing the wonders of the most biodiverse rainforest region in the Tambopata National Park is the focus of this special nature trip. Where the Tambopata and Madre de Dios jungle rivers meet, a boat trip takes you deep into the protected nature reserve. The jungle lodge Refugio Amazonas and the research station with guest lodge Tambopata Research Centre offer ideal conditions for extraordinary animal observations. The area, characterised by jungle, wet savannahs, rivers and lakes, is home to a rare biodiversity: over 20,000 plant species, countless insects, more than 1,300 bird species and 32 parrot species, including the large macaws. Giant otters, jaguars, tapirs and caimans are also at home here.<br \/>\nJoin us on an extraordinary journey where impressive wildlife sightings take centre stage. The lodges are simpler than luxurious accommodation in other regions of the world, but the wildlife experiences make this expedition unrivalled.<\/p>","protected":false},"excerpt":{"rendered":"<p>Exklusive Amazonas-Expedition zu den gr\u00f6\u00dften Papageiensalzlecken der Welt Die Geheimnisse des peruanischen Amazonas zu entdecken, tief in die faszinierende Natur einzutauchen und die Wunder der artenreichsten Regenwaldregion im Tambopata Nationalpark zu erleben, ist Schwerpunkt dieser besonderen Naturreise. Dort, wo die Urwaldfl\u00fcsse Tambopata und Madre de Dios zusammenflie\u00dfen, f\u00fchrt eine Bootsfahrt weit hinein ins gesch\u00fctzte Naturreservat. [&hellip;]<\/p>","protected":false},"author":4,"featured_media":0,"parent":514,"menu_order":35,"comment_status":"closed","ping_status":"closed","template":"page-reise_detail.php","meta":{"_acf_changed":false,"inline_featured_image":false,"footnotes":""},"categories":[9,8],"tags":[],"class_list":["post-8495","page","type-page","status-publish","hentry","category-private-selections","category-reisen"],"acf":[],"_links":{"self":[{"href":"https:\/\/select-luxury.travel\/en\/wp-json\/wp\/v2\/pages\/8495","targetHints":{"allow":["GET"]}}],"collection":[{"href":"https:\/\/select-luxury.travel\/en\/wp-json\/wp\/v2\/pages"}],"about":[{"href":"https:\/\/select-luxury.travel\/en\/wp-json\/wp\/v2\/types\/page"}],"author":[{"embeddable":true,"href":"https:\/\/select-luxury.travel\/en\/wp-json\/wp\/v2\/users\/4"}],"replies":[{"embeddable":true,"href":"https:\/\/select-luxury.travel\/en\/wp-json\/wp\/v2\/comments?post=8495"}],"version-history":[{"count":70,"href":"https:\/\/select-luxury.travel\/en\/wp-json\/wp\/v2\/pages\/8495\/revisions"}],"predecessor-version":[{"id":69284,"href":"https:\/\/select-luxury.travel\/en\/wp-json\/wp\/v2\/pages\/8495\/revisions\/69284"}],"up":[{"embeddable":true,"href":"https:\/\/select-luxury.travel\/en\/wp-json\/wp\/v2\/pages\/514"}],"wp:attachment":[{"href":"https:\/\/select-luxury.travel\/en\/wp-json\/wp\/v2\/media?parent=8495"}],"wp:term":[{"taxonomy":"category","embeddable":true,"href":"https:\/\/select-luxury.travel\/en\/wp-json\/wp\/v2\/categories?post=8495"},{"taxonomy":"post_tag","embeddable":true,"href":"https:\/\/select-luxury.travel\/en\/wp-json\/wp\/v2\/tags?post=8495"}],"curies":[{"name":"wp","href":"https:\/\/api.w.org\/{rel}","templated":true}]}}