{"id":8409,"date":"2019-08-16T11:25:16","date_gmt":"2019-08-16T09:25:16","guid":{"rendered":"https:\/\/select-luxury.travel\/?page_id=8409"},"modified":"2026-03-13T15:12:33","modified_gmt":"2026-03-13T14:12:33","slug":"from-cape-to-kalahari","status":"publish","type":"page","link":"https:\/\/select-luxury.travel\/en\/selections\/private\/von-kap-bis-kalahari","title":{"rendered":"From the Cape to the Kalahari"},"content":{"rendered":"<p><span class=\"text-braun\">Art &amp; Africa: individual luxury trip with safaris to the Big Five in Sabi Sabi and Tswalu Kalahari, art &amp; design in the Cape, culinary delights in the wine country<\/span><\/p>\n<p>Africa's underground art scene, art-inspired safari lodges in Sabi Sabi and Kalahari, street art tours with experts in Cape Town, art routes in Stellenbosch and our top recommendations for contemporary art galleries in South Africa are the unique moments of our luxury tour. We have selected and experienced the essence of these authentic experiences for you, which can be customised to your personal wishes and needs at any time. South Africa at the exotic southern tip of the African continent offers a new and exciting world of unique moments. The seasons are opposite to ours, the fauna and flora are breathtaking, the southern starry skies entice you to take romantic night walks, the hospitable people, the vibrant art scene of the colourful country, the outstanding delicacies from the cuisine and the world-class wines make your trip an event full of outstanding memories. It is the different ecological regions that will always offer you outstanding perspectives on this luxury trip. The selected, outstanding safari destinations on this luxury tour are Tswalu Kalahari and Sabi Sabi, directly adjacent to the Kruger National Park. They are home to the Big Five and other large wild animals. In Sabi Sabi, the ultimate luxury lodge Sabi Sabi Earth Lodge awaits you, showing the new dimension of luxury lodges in Africa. Lush vineyards around Stellenbosch and Paarl are the right address for gourmets and design fans. Rugged cliffs await you at the Cape of Good Hope, forests and lagoons along the Garden Route, while Table Mountain, arguably the best museums in Africa and a young art scene will delight you in Cape Town.<\/p>","protected":false},"excerpt":{"rendered":"<p>Art &#038; Africa: individuelle Luxusreise mit Safaris zu den Big Five in Sabi Sabi und Tswalu Kalahari, Art &#038; Design am Kap, Kulinarik im Weinland Die Underground-Kunstszene Afrikas, kunstinspirierte Safari-Lodges in Sabi Sabi und Kalahari, Street-Art-Touren mit Experten in Kapstadt, Kunstrouten in Stellenbosch sowie unsere Top-Empfehlungen zu Galerien f\u00fcr zeitgen\u00f6ssische Kunst in S\u00fcdafrika sind die [&hellip;]<\/p>\n","protected":false},"author":4,"featured_media":0,"parent":514,"menu_order":6,"comment_status":"closed","ping_status":"closed","template":"page-reise_detail.php","meta":{"_acf_changed":false,"inline_featured_image":false,"footnotes":""},"categories":[9,8,2],"tags":[],"class_list":["post-8409","page","type-page","status-publish","hentry","category-private-selections","category-reisen","category-unkategorisiert"],"acf":[],"_links":{"self":[{"href":"https:\/\/select-luxury.travel\/en\/wp-json\/wp\/v2\/pages\/8409","targetHints":{"allow":["GET"]}}],"collection":[{"href":"https:\/\/select-luxury.travel\/en\/wp-json\/wp\/v2\/pages"}],"about":[{"href":"https:\/\/select-luxury.travel\/en\/wp-json\/wp\/v2\/types\/page"}],"author":[{"embeddable":true,"href":"https:\/\/select-luxury.travel\/en\/wp-json\/wp\/v2\/users\/4"}],"replies":[{"embeddable":true,"href":"https:\/\/select-luxury.travel\/en\/wp-json\/wp\/v2\/comments?post=8409"}],"version-history":[{"count":77,"href":"https:\/\/select-luxury.travel\/en\/wp-json\/wp\/v2\/pages\/8409\/revisions"}],"predecessor-version":[{"id":69331,"href":"https:\/\/select-luxury.travel\/en\/wp-json\/wp\/v2\/pages\/8409\/revisions\/69331"}],"up":[{"embeddable":true,"href":"https:\/\/select-luxury.travel\/en\/wp-json\/wp\/v2\/pages\/514"}],"wp:attachment":[{"href":"https:\/\/select-luxury.travel\/en\/wp-json\/wp\/v2\/media?parent=8409"}],"wp:term":[{"taxonomy":"category","embeddable":true,"href":"https:\/\/select-luxury.travel\/en\/wp-json\/wp\/v2\/categories?post=8409"},{"taxonomy":"post_tag","embeddable":true,"href":"https:\/\/select-luxury.travel\/en\/wp-json\/wp\/v2\/tags?post=8409"}],"curies":[{"name":"wp","href":"https:\/\/api.w.org\/{rel}","templated":true}]}}