{"id":835,"date":"2018-03-05T15:19:51","date_gmt":"2018-03-05T13:19:51","guid":{"rendered":"https:\/\/select-luxury.travel\/?page_id=835"},"modified":"2025-06-26T14:30:51","modified_gmt":"2025-06-26T12:30:51","slug":"sri-lanka","status":"publish","type":"page","link":"https:\/\/select-luxury.travel\/en\/selections\/private\/sri-lanka","title":{"rendered":"Ceylon Collection - Sri Lanka Luxury"},"content":{"rendered":"<p><span class=\"text-braun\">Exotic, wild Sri Lanka - flavours, experiences, comfort &amp; Ayurveda<\/span><\/p>\n<p>The wind blows gently over the vast green hills in the warm morning mist. Only here and there does a human body emerge from the swaying sea of plants. They are tea pluckers, working quickly and with concentration. Leaf by leaf, they pluck the precious plant and transport it to the baskets on their backs. This is Sri Lanka - the former Ceylon. The island is considered a real jewel in the Indian Ocean, combining wild nature and diverse culture in a unique way. Tropical rainforest, dry plains, lush green highlands, the Yala National Park with its fascinating wildlife, many leopards and elephants, as well as marvellous sandy beaches make up the varied landscape. Numerous and unique world heritage sites with gigantic dimensions, ruins and ancient temples are the architectural contrast and witness to a great history. Traditional relaxation with Ayurveda and spa, beautiful gardens on the Indian Ocean with golden beaches provide the perfect relaxation after an eventful round trip through the charming country of Sri Lanka and are also worth a trip of their own. The excellent, exotic cuisine with many new, unknown flavours ensures boundless enjoyment with perfect and attentive service. <\/p>","protected":false},"excerpt":{"rendered":"<p>Exotisches, wildes Sri Lanka &#8211; Aromen, Erlebnisse, Komfort &#038; Ayurveda Der Wind streicht sanft \u00fcber die weiten gr\u00fcnen H\u00fcgel im warmen Morgendunst. Nur hier und da erhebt sich ein menschlicher K\u00f6rper aus dem wogenden Pflanzenmeer. Es sind Teepfl\u00fcckerinnen, die schnell und konzentriert ihrer Arbeit nachgehen. Blatt f\u00fcr Blatt zupfen sie das wertvolle Gew\u00e4chs und bef\u00f6rdern [&hellip;]<\/p>\n","protected":false},"author":3,"featured_media":0,"parent":514,"menu_order":17,"comment_status":"closed","ping_status":"closed","template":"page-reise_detail.php","meta":{"_acf_changed":false,"inline_featured_image":false,"footnotes":""},"categories":[12,9,8,2],"tags":[],"class_list":["post-835","page","type-page","status-publish","hentry","category-island-selections","category-private-selections","category-reisen","category-unkategorisiert"],"acf":[],"_links":{"self":[{"href":"https:\/\/select-luxury.travel\/en\/wp-json\/wp\/v2\/pages\/835","targetHints":{"allow":["GET"]}}],"collection":[{"href":"https:\/\/select-luxury.travel\/en\/wp-json\/wp\/v2\/pages"}],"about":[{"href":"https:\/\/select-luxury.travel\/en\/wp-json\/wp\/v2\/types\/page"}],"author":[{"embeddable":true,"href":"https:\/\/select-luxury.travel\/en\/wp-json\/wp\/v2\/users\/3"}],"replies":[{"embeddable":true,"href":"https:\/\/select-luxury.travel\/en\/wp-json\/wp\/v2\/comments?post=835"}],"version-history":[{"count":62,"href":"https:\/\/select-luxury.travel\/en\/wp-json\/wp\/v2\/pages\/835\/revisions"}],"predecessor-version":[{"id":64826,"href":"https:\/\/select-luxury.travel\/en\/wp-json\/wp\/v2\/pages\/835\/revisions\/64826"}],"up":[{"embeddable":true,"href":"https:\/\/select-luxury.travel\/en\/wp-json\/wp\/v2\/pages\/514"}],"wp:attachment":[{"href":"https:\/\/select-luxury.travel\/en\/wp-json\/wp\/v2\/media?parent=835"}],"wp:term":[{"taxonomy":"category","embeddable":true,"href":"https:\/\/select-luxury.travel\/en\/wp-json\/wp\/v2\/categories?post=835"},{"taxonomy":"post_tag","embeddable":true,"href":"https:\/\/select-luxury.travel\/en\/wp-json\/wp\/v2\/tags?post=835"}],"curies":[{"name":"wp","href":"https:\/\/api.w.org\/{rel}","templated":true}]}}