{"id":8243,"date":"2019-08-14T12:46:49","date_gmt":"2019-08-14T10:46:49","guid":{"rendered":"https:\/\/select-luxury.travel\/?page_id=8243"},"modified":"2026-03-13T13:57:15","modified_gmt":"2026-03-13T12:57:15","slug":"aqua-aria-amazon","status":"publish","type":"page","link":"https:\/\/select-luxury.travel\/en\/selections\/cruise\/aqua-aria-amazon","title":{"rendered":"Amazon cruise - Aria Amazon"},"content":{"rendered":"<p><span class=\"text-braun\">Immerse yourself in the unspoilt beauty of the Amazon rainforest on board the Aria Amazon<\/span><\/p>\n<p>This unique journey takes you deep into the heart of the jungle, where adventure and relaxation await you. Explore the breathtaking flora and fauna of the Amazon and keep an eye out for exotic animals such as river dolphins, monkeys and colourful birds. The Aria Amazon offers you the amenities of a first-class cruise ship. Relax in your comfortable cabin and let yourself be pampered by the attentive staff. Visit indigenous villages and learn more about the fascinating culture and way of life of the local people. Go on exciting excursions such as jungle hikes, canoe trips and night safaris to discover the secrets of the rainforest. The days on board are rounded off by the exquisite cuisine, which offers local specialities and international dishes.<\/p>","protected":false},"excerpt":{"rendered":"<p>Tauchen Sie ein in die unber\u00fchrte Sch\u00f6nheit des Amazonas-Regenwaldes an Bord der Aria Amazon Diese einzigartige Reise f\u00fchrt Sie tief in das Herz des Dschungels, wo Abenteuer und Entspannung auf Sie warten. Erkunden Sie die atemberaubende Flora und Fauna des Amazonas und halten Sie Ausschau nach exotischen Tieren wie Flussdelfinen, Affen und bunten V\u00f6geln. Die [&hellip;]<\/p>","protected":false},"author":4,"featured_media":0,"parent":627,"menu_order":3,"comment_status":"closed","ping_status":"closed","template":"page-reise_detail.php","meta":{"_acf_changed":false,"inline_featured_image":false,"footnotes":""},"categories":[11,8],"tags":[],"class_list":["post-8243","page","type-page","status-publish","hentry","category-cruise-selections","category-reisen"],"acf":[],"_links":{"self":[{"href":"https:\/\/select-luxury.travel\/en\/wp-json\/wp\/v2\/pages\/8243","targetHints":{"allow":["GET"]}}],"collection":[{"href":"https:\/\/select-luxury.travel\/en\/wp-json\/wp\/v2\/pages"}],"about":[{"href":"https:\/\/select-luxury.travel\/en\/wp-json\/wp\/v2\/types\/page"}],"author":[{"embeddable":true,"href":"https:\/\/select-luxury.travel\/en\/wp-json\/wp\/v2\/users\/4"}],"replies":[{"embeddable":true,"href":"https:\/\/select-luxury.travel\/en\/wp-json\/wp\/v2\/comments?post=8243"}],"version-history":[{"count":107,"href":"https:\/\/select-luxury.travel\/en\/wp-json\/wp\/v2\/pages\/8243\/revisions"}],"predecessor-version":[{"id":69285,"href":"https:\/\/select-luxury.travel\/en\/wp-json\/wp\/v2\/pages\/8243\/revisions\/69285"}],"up":[{"embeddable":true,"href":"https:\/\/select-luxury.travel\/en\/wp-json\/wp\/v2\/pages\/627"}],"wp:attachment":[{"href":"https:\/\/select-luxury.travel\/en\/wp-json\/wp\/v2\/media?parent=8243"}],"wp:term":[{"taxonomy":"category","embeddable":true,"href":"https:\/\/select-luxury.travel\/en\/wp-json\/wp\/v2\/categories?post=8243"},{"taxonomy":"post_tag","embeddable":true,"href":"https:\/\/select-luxury.travel\/en\/wp-json\/wp\/v2\/tags?post=8243"}],"curies":[{"name":"wp","href":"https:\/\/api.w.org\/{rel}","templated":true}]}}