{"id":8064,"date":"2019-08-08T16:46:47","date_gmt":"2019-08-08T14:46:47","guid":{"rendered":"https:\/\/select-luxury.travel\/?page_id=8064"},"modified":"2026-03-16T10:26:11","modified_gmt":"2026-03-16T09:26:11","slug":"regent-porto-montenegro","status":"publish","type":"page","link":"https:\/\/select-luxury.travel\/en\/selections\/private\/regent-porto-montenegro","title":{"rendered":"5\u2605 Regent Porto Montenegro"},"content":{"rendered":"<p><span class=\"text-braun\">Luxury Hotel Regent Porto Montenegro &amp; Bay of Kotor - two sparkling jewels<\/span><\/p>\n<p>Once you have checked into the Regent Porto Montenegro, you can let your gaze wander undisturbed over the fantastic Bay of Kotor and its marina and feel a touch of Venetian flair in this hotel. There is a reason for this, of course. The bay has mostly been in different historical and political hands than the rest of the country. Western Rome, but also the Habsburgs and - particularly lastingly - the Venetians left their mark on the area. Accordingly, historical evidence of the various ruling powers can be found everywhere today. The Bay of Kotor, a Mediterranean version of a fjord, is therefore not only worth travelling to for its scenic features and beauty, but also for its many historical and religious sites. A multi-coloured, sparkling jewel of the still young country of Montenegro.<\/p>\n<p>This also applies to the luxury hotel Regent Porto Montenegro, the brightest star in the local luxury hotel sky. The warm and courteous service leaves nothing to be desired. The wonderful spa area and the magnificent pool landscape will put you in the best holiday mood.<\/p>","protected":false},"excerpt":{"rendered":"<p>Luxushotel Regent Porto Montenegro &amp; Bucht von Kotor \u2013 zwei funkelnde Juwele Ganz ungest\u00f6rt k\u00f6nnen Sie den Blick \u00fcber die fantastische Bucht von Kotor und ihre Marina schweifen lassen, nachdem Sie im Regent Porto Montenegro eingecheckt haben und schon in diesem Hotel den Hauch von venezianischem Flair versp\u00fcren. Das hat nat\u00fcrlich seinen Grund. Die Bucht [&hellip;]<\/p>\n","protected":false},"author":4,"featured_media":0,"parent":514,"menu_order":9,"comment_status":"closed","ping_status":"closed","template":"page-reise_detail5.php","meta":{"_acf_changed":false,"inline_featured_image":false,"footnotes":""},"categories":[12,9,8,2],"tags":[],"class_list":["post-8064","page","type-page","status-publish","hentry","category-island-selections","category-private-selections","category-reisen","category-unkategorisiert"],"acf":[],"_links":{"self":[{"href":"https:\/\/select-luxury.travel\/en\/wp-json\/wp\/v2\/pages\/8064","targetHints":{"allow":["GET"]}}],"collection":[{"href":"https:\/\/select-luxury.travel\/en\/wp-json\/wp\/v2\/pages"}],"about":[{"href":"https:\/\/select-luxury.travel\/en\/wp-json\/wp\/v2\/types\/page"}],"author":[{"embeddable":true,"href":"https:\/\/select-luxury.travel\/en\/wp-json\/wp\/v2\/users\/4"}],"replies":[{"embeddable":true,"href":"https:\/\/select-luxury.travel\/en\/wp-json\/wp\/v2\/comments?post=8064"}],"version-history":[{"count":39,"href":"https:\/\/select-luxury.travel\/en\/wp-json\/wp\/v2\/pages\/8064\/revisions"}],"predecessor-version":[{"id":69455,"href":"https:\/\/select-luxury.travel\/en\/wp-json\/wp\/v2\/pages\/8064\/revisions\/69455"}],"up":[{"embeddable":true,"href":"https:\/\/select-luxury.travel\/en\/wp-json\/wp\/v2\/pages\/514"}],"wp:attachment":[{"href":"https:\/\/select-luxury.travel\/en\/wp-json\/wp\/v2\/media?parent=8064"}],"wp:term":[{"taxonomy":"category","embeddable":true,"href":"https:\/\/select-luxury.travel\/en\/wp-json\/wp\/v2\/categories?post=8064"},{"taxonomy":"post_tag","embeddable":true,"href":"https:\/\/select-luxury.travel\/en\/wp-json\/wp\/v2\/tags?post=8064"}],"curies":[{"name":"wp","href":"https:\/\/api.w.org\/{rel}","templated":true}]}}