{"id":7112,"date":"2019-07-22T17:21:08","date_gmt":"2019-07-22T15:21:08","guid":{"rendered":"https:\/\/select-luxury.travel\/?page_id=7112"},"modified":"2026-04-09T10:43:04","modified_gmt":"2026-04-09T08:43:04","slug":"galapagos-andes-deluxe","status":"publish","type":"page","link":"https:\/\/select-luxury.travel\/en\/selections\/private\/galapagos-andes-deluxe","title":{"rendered":"Galapagos &amp; Andes Deluxe"},"content":{"rendered":"<p><span class=\"text-braun\">Welterbe Quito, faszinierendes Andenhochland, paradiesische Tierwelt auf Galapagos inklusive 9 Tage Galapagos-Expeditionskreuzfahrt<\/span><\/p>\n<p>As we all know, all good things come in threes, and the best thing is of course when these three things can be combined, complement each other and merge into a unique ensemble of impressions and experiences. Have you always wanted to marvel at the majestic peaks of the Andes or follow in Darwin's footsteps in the Pacific? Discover colonial gems in Quito or swim and snorkel in the water with turtles and penguins? Explore the culture of the Incas in Machu Picchu or observe animals that don't seem to be afraid of humans? Well, just do it: in the Andean highlands in Ecuador, on the Galapagos Islands far out in the Pacific and in the realm of the Incas in Peru - we have the trip for you! The appeal of \"Galapagos &amp; Andes Deluxe\" is based on the unbeatable combination of top-class destinations: the incomparable Galapagos Islands, the Andean highlands in Ecuador and, if you wish, the additional programme to the realm of the Incas in Peru. You can also choose to spend extra days on the Galapagos in the Finch Bay Hotel or experience the mountain cloud forest of Ecuador in the Mashpi Lodge.<\/p>","protected":false},"excerpt":{"rendered":"<p>Welterbe Quito, faszinierendes Andenhochland, paradiesische Tierwelt auf Galapagos inklusive 9 Tage Galapagos-Expeditionskreuzfahrt Aller guten Dinge sind bekanntlich drei, und das Beste ist nat\u00fcrlich, wenn sich diese drei Dinge kombinieren lassen, sich komplettieren und zu einem einmaligen Ensemble an Eindr\u00fccken und Erlebnissen verschmelzen. Sie wollten schon immer mal majest\u00e4tische Andengipfel bestaunen oder im Pazifik den Spuren [&hellip;]<\/p>","protected":false},"author":4,"featured_media":0,"parent":514,"menu_order":0,"comment_status":"closed","ping_status":"closed","template":"page-reise_detail.php","meta":{"_acf_changed":false,"inline_featured_image":false,"footnotes":""},"categories":[11,9,8,10,2],"tags":[],"class_list":["post-7112","page","type-page","status-publish","hentry","category-cruise-selections","category-private-selections","category-reisen","category-small-group-selections","category-unkategorisiert"],"acf":[],"_links":{"self":[{"href":"https:\/\/select-luxury.travel\/en\/wp-json\/wp\/v2\/pages\/7112","targetHints":{"allow":["GET"]}}],"collection":[{"href":"https:\/\/select-luxury.travel\/en\/wp-json\/wp\/v2\/pages"}],"about":[{"href":"https:\/\/select-luxury.travel\/en\/wp-json\/wp\/v2\/types\/page"}],"author":[{"embeddable":true,"href":"https:\/\/select-luxury.travel\/en\/wp-json\/wp\/v2\/users\/4"}],"replies":[{"embeddable":true,"href":"https:\/\/select-luxury.travel\/en\/wp-json\/wp\/v2\/comments?post=7112"}],"version-history":[{"count":159,"href":"https:\/\/select-luxury.travel\/en\/wp-json\/wp\/v2\/pages\/7112\/revisions"}],"predecessor-version":[{"id":7515,"href":"https:\/\/select-luxury.travel\/en\/wp-json\/wp\/v2\/pages\/7112\/revisions\/7515"}],"up":[{"embeddable":true,"href":"https:\/\/select-luxury.travel\/en\/wp-json\/wp\/v2\/pages\/514"}],"wp:attachment":[{"href":"https:\/\/select-luxury.travel\/en\/wp-json\/wp\/v2\/media?parent=7112"}],"wp:term":[{"taxonomy":"category","embeddable":true,"href":"https:\/\/select-luxury.travel\/en\/wp-json\/wp\/v2\/categories?post=7112"},{"taxonomy":"post_tag","embeddable":true,"href":"https:\/\/select-luxury.travel\/en\/wp-json\/wp\/v2\/tags?post=7112"}],"curies":[{"name":"wp","href":"https:\/\/api.w.org\/{rel}","templated":true}]}}