{"id":70433,"date":"2026-05-05T11:24:58","date_gmt":"2026-05-05T09:24:58","guid":{"rendered":"https:\/\/select-luxury.travel\/?page_id=70433"},"modified":"2026-05-05T11:24:58","modified_gmt":"2026-05-05T09:24:58","slug":"best-of-tansania-sansibar","status":"publish","type":"page","link":"https:\/\/select-luxury.travel\/en\/selections\/private\/best-of-tansania-sansibar","title":{"rendered":"Best of Tansania &#038; Sansibar"},"content":{"rendered":"<p><span class=\"text-braun\">H\u00f6chster Komfort zwischen Savanne und Ozean<\/span><\/p>\n<p>Safari hei\u00dft &#8222;Reise&#8220; in der Landessprache Suaheli. Entdecken Sie Tansania &#8211; das Land der vielf\u00e4ltigen Landschaften; Heimat der faszinierenden Masaiund unendlichen Tierreichtums. Lassen Sie sich von Tier-und Naturerlebnissen der Extraklasse verzaubern., Seien Sie auf den Spuren der Gro\u00dfen Tiermigration hautnah dabei! \u201eSafari Njema \u2013 Gute Reise\u201c! Die Gew\u00fcrzinsel Sansibar steht f\u00fcr Inselzauber, Exotik, tropische \u00dcppigkeit und Seefahrer-Romantik. Die Insel verzaubert mit endlosen, wei\u00dfen Sandstr\u00e4nden und t\u00fcrkisblauen Lagunen. Ein orientalischer Duft von Gew\u00fcrzen liegt in der Luft und die Pal\u00e4ste und H\u00e4user in der Altstadt von Sansibar Town erinnern a die Zeiten der Sultane von Oman im 18. und 19. Jahrhundert.<\/p>","protected":false},"excerpt":{"rendered":"<p>H\u00f6chster Komfort zwischen Savanne und Ozean Safari hei\u00dft &#8222;Reise&#8220; in der Landessprache Suaheli. Entdecken Sie Tansania &#8211; das Land der vielf\u00e4ltigen Landschaften; Heimat der faszinierenden Masaiund unendlichen Tierreichtums. Lassen Sie sich von Tier-und Naturerlebnissen der Extraklasse verzaubern., Seien Sie auf den Spuren der Gro\u00dfen Tiermigration hautnah dabei! \u201eSafari Njema \u2013 Gute Reise\u201c! Die Gew\u00fcrzinsel Sansibar [&hellip;]<\/p>\n","protected":false},"author":4,"featured_media":0,"parent":514,"menu_order":0,"comment_status":"closed","ping_status":"closed","template":"page-reise_detail.php","meta":{"_acf_changed":false,"inline_featured_image":false,"footnotes":""},"categories":[9,8],"tags":[370,374,361,372,371,369,360,364,373,363,366,365,368,367,362],"class_list":["post-70433","page","type-page","status-publish","hentry","category-private-selections","category-reisen","tag-barfuss-luxus-sansibar","tag-elewana-arusha-coffee-lodge","tag-exklusive-rundreise-tansania","tag-exklusive-tiermigration-erlebnisse","tag-gourmet-safari-afrika","tag-high-end-safari-tarangire","tag-luxus-safari-tansania","tag-luxus-zeltlager-serengeti","tag-one-nature-nyaruswiga-lodge","tag-premium-safari-ngorongoro-krater","tag-private-pirschfahrten-tansania","tag-relais-chateaux-sansibar","tag-serengeti-luxusurlaub","tag-vip-einreise-tansania","tag-white-sand-luxury-villas-sansibar"],"acf":[],"_links":{"self":[{"href":"https:\/\/select-luxury.travel\/en\/wp-json\/wp\/v2\/pages\/70433","targetHints":{"allow":["GET"]}}],"collection":[{"href":"https:\/\/select-luxury.travel\/en\/wp-json\/wp\/v2\/pages"}],"about":[{"href":"https:\/\/select-luxury.travel\/en\/wp-json\/wp\/v2\/types\/page"}],"author":[{"embeddable":true,"href":"https:\/\/select-luxury.travel\/en\/wp-json\/wp\/v2\/users\/4"}],"replies":[{"embeddable":true,"href":"https:\/\/select-luxury.travel\/en\/wp-json\/wp\/v2\/comments?post=70433"}],"version-history":[{"count":21,"href":"https:\/\/select-luxury.travel\/en\/wp-json\/wp\/v2\/pages\/70433\/revisions"}],"predecessor-version":[{"id":70482,"href":"https:\/\/select-luxury.travel\/en\/wp-json\/wp\/v2\/pages\/70433\/revisions\/70482"}],"up":[{"embeddable":true,"href":"https:\/\/select-luxury.travel\/en\/wp-json\/wp\/v2\/pages\/514"}],"wp:attachment":[{"href":"https:\/\/select-luxury.travel\/en\/wp-json\/wp\/v2\/media?parent=70433"}],"wp:term":[{"taxonomy":"category","embeddable":true,"href":"https:\/\/select-luxury.travel\/en\/wp-json\/wp\/v2\/categories?post=70433"},{"taxonomy":"post_tag","embeddable":true,"href":"https:\/\/select-luxury.travel\/en\/wp-json\/wp\/v2\/tags?post=70433"}],"curies":[{"name":"wp","href":"https:\/\/api.w.org\/{rel}","templated":true}]}}