{"id":70345,"date":"2026-05-05T11:25:38","date_gmt":"2026-05-05T09:25:38","guid":{"rendered":"https:\/\/select-luxury.travel\/?page_id=70345"},"modified":"2026-05-12T11:26:03","modified_gmt":"2026-05-12T09:26:03","slug":"marokko","status":"publish","type":"page","link":"https:\/\/select-luxury.travel\/en\/selections\/private\/marokko","title":{"rendered":"Marokko Deluxe"},"content":{"rendered":"<p><span class=\"text-braun\">K\u00fcste, D\u00fcnen und Kulturhighlights<\/span><\/p>\n<p>Diese au\u00dfergew\u00f6hnliche Marokko-Reise f\u00fchrt Sie auf einer ebenso abwechslungsreichen wie inspirierenden Route durch ein Land voller Kontraste und Magie. Sie erleben die gro\u00dfen kulturellen Zentren Casablanca, F\u00e8s und Marrakesch, entdecken jedoch ebenso bewusst Orte abseits klassischer Routen \u2013 stille K\u00fcstenabschnitte am Atlantik, mediterrane Landschaften im Norden und die Weite der Sahara. Zwischen wilden Atlantikklippen und designstarken Hideaways genie\u00dfen Sie Zeit zum Ankommen und Durchatmen, bevor Sie sich auf eine unvergessliche Nacht im privaten W\u00fcstencamp unter dem endlosen Sternenhimmel freuen d\u00fcrfen. Ein weiterer H\u00f6hepunkt ist die \u00dcberquerung des Atlasgebirges mit seinen spektakul\u00e4ren P\u00e4ssen, Oasen und Lehmd\u00f6rfern.<\/p>","protected":false},"excerpt":{"rendered":"<p>K\u00fcste, D\u00fcnen und Kulturhighlights Diese au\u00dfergew\u00f6hnliche Marokko-Reise f\u00fchrt Sie auf einer ebenso abwechslungsreichen wie inspirierenden Route durch ein Land voller Kontraste und Magie. Sie erleben die gro\u00dfen kulturellen Zentren Casablanca, F\u00e8s und Marrakesch, entdecken jedoch ebenso bewusst Orte abseits klassischer Routen \u2013 stille K\u00fcstenabschnitte am Atlantik, mediterrane Landschaften im Norden und die Weite der Sahara. [&hellip;]<\/p>\n","protected":false},"author":4,"featured_media":0,"parent":514,"menu_order":0,"comment_status":"closed","ping_status":"closed","template":"page-reise_detail.php","meta":{"_acf_changed":false,"inline_featured_image":false,"footnotes":""},"categories":[9,8],"tags":[357,343,351,342,347,358,348,344,341,340,353,356,354,359,355,349,352,345,346,350],"class_list":["post-70345","page","type-page","status-publish","hentry","category-private-selections","category-reisen","tag-ak-exclusive-mobile-camp-sahara","tag-atlantikkueste-marokko","tag-atlasgebirge-reise","tag-casablanca","tag-chefchaouen","tag-dar-ahlam-skoura","tag-fes-medina","tag-larache","tag-luxus-rundreise-marokko","tag-marokko-luxusreise","tag-marrakesch-luxus","tag-palais-faraj-fes","tag-royal-mansour-casablanca","tag-royal-mansour-marrakech","tag-royal-mansour-tamouda-bay","tag-sahara-luxuscamp","tag-skoura-oase","tag-tamouda-bay","tag-tanger","tag-wuestenreise-marokko"],"acf":[],"_links":{"self":[{"href":"https:\/\/select-luxury.travel\/en\/wp-json\/wp\/v2\/pages\/70345","targetHints":{"allow":["GET"]}}],"collection":[{"href":"https:\/\/select-luxury.travel\/en\/wp-json\/wp\/v2\/pages"}],"about":[{"href":"https:\/\/select-luxury.travel\/en\/wp-json\/wp\/v2\/types\/page"}],"author":[{"embeddable":true,"href":"https:\/\/select-luxury.travel\/en\/wp-json\/wp\/v2\/users\/4"}],"replies":[{"embeddable":true,"href":"https:\/\/select-luxury.travel\/en\/wp-json\/wp\/v2\/comments?post=70345"}],"version-history":[{"count":42,"href":"https:\/\/select-luxury.travel\/en\/wp-json\/wp\/v2\/pages\/70345\/revisions"}],"predecessor-version":[{"id":70570,"href":"https:\/\/select-luxury.travel\/en\/wp-json\/wp\/v2\/pages\/70345\/revisions\/70570"}],"up":[{"embeddable":true,"href":"https:\/\/select-luxury.travel\/en\/wp-json\/wp\/v2\/pages\/514"}],"wp:attachment":[{"href":"https:\/\/select-luxury.travel\/en\/wp-json\/wp\/v2\/media?parent=70345"}],"wp:term":[{"taxonomy":"category","embeddable":true,"href":"https:\/\/select-luxury.travel\/en\/wp-json\/wp\/v2\/categories?post=70345"},{"taxonomy":"post_tag","embeddable":true,"href":"https:\/\/select-luxury.travel\/en\/wp-json\/wp\/v2\/tags?post=70345"}],"curies":[{"name":"wp","href":"https:\/\/api.w.org\/{rel}","templated":true}]}}