{"id":70074,"date":"2026-05-05T11:26:14","date_gmt":"2026-05-05T09:26:14","guid":{"rendered":"https:\/\/select-luxury.travel\/?page_id=70074"},"modified":"2026-05-05T11:26:14","modified_gmt":"2026-05-05T09:26:14","slug":"berggorillas-hautnah-uganda-ruanda","status":"publish","type":"page","link":"https:\/\/select-luxury.travel\/en\/selections\/private\/berggorillas-hautnah-uganda-ruanda","title":{"rendered":"Berggorillas hautnah: Uganda &#038; Ruanda"},"content":{"rendered":"<p><span class=\"text-braun\">Exklusive Begegnungen im Herzen Afrikas<\/span><\/p>\n<p>Tauchen Sie ein in die faszinierende Welt Ruandas und Ugandas auf einer au\u00dfergew\u00f6hnlichen Reise, die unber\u00fchrte Natur, exklusive Lodges und einmalige Tiererlebnisse auf h\u00f6chstem Niveau vereint. Dichte Regenw\u00e4lder, sanfte Vulkanlandschaften und beeindruckende Nationalparks bilden die Kulisse f\u00fcr eines der eindrucksvollsten Abenteuer Afrikas: das Gorilla-Trekking. In kleinen Gruppen begegnen Sie den seltenen Berggorillas hautnah in ihrer nat\u00fcrlichen Umgebung \u2013 ein bewegender Moment, der lange in Erinnerung bleibt. Stilvolle Lodges mit spektakul\u00e4ren Ausblicken, pers\u00f6nlichem Service und hochwertiger Gastronomie sorgen dabei f\u00fcr h\u00f6chsten Komfort inmitten der Wildnis. Erleben Sie eine perfekte Verbindung aus Abenteuer, Natur und Luxus und lassen Sie sich von der Urspr\u00fcnglichkeit Ostafrikas auf einzigartige Weise begeistern.<\/p>","protected":false},"excerpt":{"rendered":"<p>Exklusive Begegnungen im Herzen Afrikas Tauchen Sie ein in die faszinierende Welt Ruandas und Ugandas auf einer au\u00dfergew\u00f6hnlichen Reise, die unber\u00fchrte Natur, exklusive Lodges und einmalige Tiererlebnisse auf h\u00f6chstem Niveau vereint. Dichte Regenw\u00e4lder, sanfte Vulkanlandschaften und beeindruckende Nationalparks bilden die Kulisse f\u00fcr eines der eindrucksvollsten Abenteuer Afrikas: das Gorilla-Trekking. In kleinen Gruppen begegnen Sie den [&hellip;]<\/p>\n","protected":false},"author":4,"featured_media":0,"parent":514,"menu_order":0,"comment_status":"closed","ping_status":"closed","template":"page-reise_detail.php","meta":{"_acf_changed":false,"inline_featured_image":false,"footnotes":""},"categories":[9,8],"tags":[],"class_list":["post-70074","page","type-page","status-publish","hentry","category-private-selections","category-reisen"],"acf":[],"_links":{"self":[{"href":"https:\/\/select-luxury.travel\/en\/wp-json\/wp\/v2\/pages\/70074","targetHints":{"allow":["GET"]}}],"collection":[{"href":"https:\/\/select-luxury.travel\/en\/wp-json\/wp\/v2\/pages"}],"about":[{"href":"https:\/\/select-luxury.travel\/en\/wp-json\/wp\/v2\/types\/page"}],"author":[{"embeddable":true,"href":"https:\/\/select-luxury.travel\/en\/wp-json\/wp\/v2\/users\/4"}],"replies":[{"embeddable":true,"href":"https:\/\/select-luxury.travel\/en\/wp-json\/wp\/v2\/comments?post=70074"}],"version-history":[{"count":27,"href":"https:\/\/select-luxury.travel\/en\/wp-json\/wp\/v2\/pages\/70074\/revisions"}],"predecessor-version":[{"id":70286,"href":"https:\/\/select-luxury.travel\/en\/wp-json\/wp\/v2\/pages\/70074\/revisions\/70286"}],"up":[{"embeddable":true,"href":"https:\/\/select-luxury.travel\/en\/wp-json\/wp\/v2\/pages\/514"}],"wp:attachment":[{"href":"https:\/\/select-luxury.travel\/en\/wp-json\/wp\/v2\/media?parent=70074"}],"wp:term":[{"taxonomy":"category","embeddable":true,"href":"https:\/\/select-luxury.travel\/en\/wp-json\/wp\/v2\/categories?post=70074"},{"taxonomy":"post_tag","embeddable":true,"href":"https:\/\/select-luxury.travel\/en\/wp-json\/wp\/v2\/tags?post=70074"}],"curies":[{"name":"wp","href":"https:\/\/api.w.org\/{rel}","templated":true}]}}