{"id":70034,"date":"2026-04-15T16:57:51","date_gmt":"2026-04-15T14:57:51","guid":{"rendered":"https:\/\/select-luxury.travel\/?page_id=70034"},"modified":"2026-04-15T17:05:11","modified_gmt":"2026-04-15T15:05:11","slug":"seacloud-spirit-reisen-segelreise-karibik","status":"publish","type":"page","link":"https:\/\/select-luxury.travel\/en\/selections\/cruise\/seacloud-spirit-reisen-segelreise-karibik","title":{"rendered":"Karibische Segeltr\u00e4ume auf der Sea Cloud Spirit"},"content":{"rendered":"<p><span class=\"text-braun\">Exklusive Luxuskreuzfahrt ab St. Maarten<\/span><\/p>\n<p>Erleben Sie die Karibik von ihrer elegantesten Seite an Bord der legend\u00e4ren Sea Cloud Spirit. Diese au\u00dfergew\u00f6hnliche Segelkreuzfahrt ab Philipsburg auf St. Maarten verbindet stilvolle Entschleunigung, authentische Seefahrt und luxuri\u00f6sen Komfort zu einem Reiseerlebnis voller Leichtigkeit und Genuss. Unter wei\u00dfen Segeln gleiten Sie durch t\u00fcrkisblaues Wasser, vorbei an traumhaften Inseln, versteckten Buchten und palmenges\u00e4umten Str\u00e4nden.<\/p>\n<p><span class=\"text-braun\"> Exklusiver Vorteil bei Buchung \u00fcber Select Luxury Travel: Sie erhalten \u20ac\u202f300 Bordguthaben pro Person \u2013 nur bei Buchung \u00fcber uns, g\u00fcltig bis 31.05.2026 <\/span><\/p>","protected":false},"excerpt":{"rendered":"<p>Exklusive Luxuskreuzfahrt ab St. Maarten Erleben Sie die Karibik von ihrer elegantesten Seite an Bord der legend\u00e4ren Sea Cloud Spirit. Diese au\u00dfergew\u00f6hnliche Segelkreuzfahrt ab Philipsburg auf St. Maarten verbindet stilvolle Entschleunigung, authentische Seefahrt und luxuri\u00f6sen Komfort zu einem Reiseerlebnis voller Leichtigkeit und Genuss. Unter wei\u00dfen Segeln gleiten Sie durch t\u00fcrkisblaues Wasser, vorbei an traumhaften Inseln, [&hellip;]<\/p>","protected":false},"author":4,"featured_media":0,"parent":627,"menu_order":3,"comment_status":"closed","ping_status":"closed","template":"page-reise_detail.php","meta":{"_acf_changed":false,"inline_featured_image":false,"footnotes":""},"categories":[54,11,8],"tags":[],"class_list":["post-70034","page","type-page","status-publish","hentry","category-alleinige-kreuzfahrt","category-cruise-selections","category-reisen"],"acf":[],"_links":{"self":[{"href":"https:\/\/select-luxury.travel\/en\/wp-json\/wp\/v2\/pages\/70034","targetHints":{"allow":["GET"]}}],"collection":[{"href":"https:\/\/select-luxury.travel\/en\/wp-json\/wp\/v2\/pages"}],"about":[{"href":"https:\/\/select-luxury.travel\/en\/wp-json\/wp\/v2\/types\/page"}],"author":[{"embeddable":true,"href":"https:\/\/select-luxury.travel\/en\/wp-json\/wp\/v2\/users\/4"}],"replies":[{"embeddable":true,"href":"https:\/\/select-luxury.travel\/en\/wp-json\/wp\/v2\/comments?post=70034"}],"version-history":[{"count":9,"href":"https:\/\/select-luxury.travel\/en\/wp-json\/wp\/v2\/pages\/70034\/revisions"}],"predecessor-version":[{"id":70050,"href":"https:\/\/select-luxury.travel\/en\/wp-json\/wp\/v2\/pages\/70034\/revisions\/70050"}],"up":[{"embeddable":true,"href":"https:\/\/select-luxury.travel\/en\/wp-json\/wp\/v2\/pages\/627"}],"wp:attachment":[{"href":"https:\/\/select-luxury.travel\/en\/wp-json\/wp\/v2\/media?parent=70034"}],"wp:term":[{"taxonomy":"category","embeddable":true,"href":"https:\/\/select-luxury.travel\/en\/wp-json\/wp\/v2\/categories?post=70034"},{"taxonomy":"post_tag","embeddable":true,"href":"https:\/\/select-luxury.travel\/en\/wp-json\/wp\/v2\/tags?post=70034"}],"curies":[{"name":"wp","href":"https:\/\/api.w.org\/{rel}","templated":true}]}}