{"id":70004,"date":"2026-04-15T16:35:35","date_gmt":"2026-04-15T14:35:35","guid":{"rendered":"https:\/\/select-luxury.travel\/?page_id=70004"},"modified":"2026-04-15T17:04:01","modified_gmt":"2026-04-15T15:04:01","slug":"seacloud-com-de-reisen-segelreise-sardinien-balearen-scs2621-2","status":"publish","type":"page","link":"https:\/\/select-luxury.travel\/en\/selections\/cruise\/seacloud-com-de-reisen-segelreise-sardinien-balearen-scs2621-2","title":{"rendered":"&#8222;Sylt under Sails&#8220; an Bord der Sea Cloud Spirit"},"content":{"rendered":"<p><span class=\"text-braun\">Mittelmeer-Magie trifft Sylter Lebensgef\u00fchl: Eine Segelreise der Extraklasse<\/span><\/p>\n<p>Das Mittelmeer zeigt sich von seiner sch\u00f6nsten Seite, wenn einer der traditionsreichsten Windjammer der Welt die Segel setzt. Diese au\u00dfergew\u00f6hnliche Reise verbindet die italienische Lebensart, sardische Urspr\u00fcnglichkeit und die entspannte Leichtigkeit der Balearen zu einem unvergesslichen Gesamterlebnis. Zwischen Livorno und M\u00e1laga gleitet die SEA CLOUD SPIRIT unter wei\u00dfen Segeln durch das azurblaue Wasser, vorbei an faszinierenden K\u00fcsten, historischen Hafenst\u00e4dten und versteckten Buchten. Dank des harmonischen Zusammenspiels aus traditioneller Windkraft und moderner Technik steht das echte Segelgef\u00fchl im Mittelpunkt \u2013 entschleunigt, stilvoll und absolut authentisch.<\/p>\n<p><span class=\"text-braun\"> Exklusiver Vorteil bei Buchung \u00fcber Select Luxury Travel: Sie erhalten \u20ac\u202f300 Bordguthaben pro Person \u2013 nur bei Buchung \u00fcber uns, g\u00fcltig bis 31.05.2026 <\/span><\/p>","protected":false},"excerpt":{"rendered":"<p>Mittelmeer-Magie trifft Sylter Lebensgef\u00fchl: Eine Segelreise der Extraklasse Das Mittelmeer zeigt sich von seiner sch\u00f6nsten Seite, wenn einer der traditionsreichsten Windjammer der Welt die Segel setzt. Diese au\u00dfergew\u00f6hnliche Reise verbindet die italienische Lebensart, sardische Urspr\u00fcnglichkeit und die entspannte Leichtigkeit der Balearen zu einem unvergesslichen Gesamterlebnis. Zwischen Livorno und M\u00e1laga gleitet die SEA CLOUD SPIRIT unter [&hellip;]<\/p>","protected":false},"author":4,"featured_media":0,"parent":627,"menu_order":3,"comment_status":"closed","ping_status":"closed","template":"page-reise_detail.php","meta":{"_acf_changed":false,"inline_featured_image":false,"footnotes":""},"categories":[54,11,8],"tags":[],"class_list":["post-70004","page","type-page","status-publish","hentry","category-alleinige-kreuzfahrt","category-cruise-selections","category-reisen"],"acf":[],"_links":{"self":[{"href":"https:\/\/select-luxury.travel\/en\/wp-json\/wp\/v2\/pages\/70004","targetHints":{"allow":["GET"]}}],"collection":[{"href":"https:\/\/select-luxury.travel\/en\/wp-json\/wp\/v2\/pages"}],"about":[{"href":"https:\/\/select-luxury.travel\/en\/wp-json\/wp\/v2\/types\/page"}],"author":[{"embeddable":true,"href":"https:\/\/select-luxury.travel\/en\/wp-json\/wp\/v2\/users\/4"}],"replies":[{"embeddable":true,"href":"https:\/\/select-luxury.travel\/en\/wp-json\/wp\/v2\/comments?post=70004"}],"version-history":[{"count":17,"href":"https:\/\/select-luxury.travel\/en\/wp-json\/wp\/v2\/pages\/70004\/revisions"}],"predecessor-version":[{"id":70047,"href":"https:\/\/select-luxury.travel\/en\/wp-json\/wp\/v2\/pages\/70004\/revisions\/70047"}],"up":[{"embeddable":true,"href":"https:\/\/select-luxury.travel\/en\/wp-json\/wp\/v2\/pages\/627"}],"wp:attachment":[{"href":"https:\/\/select-luxury.travel\/en\/wp-json\/wp\/v2\/media?parent=70004"}],"wp:term":[{"taxonomy":"category","embeddable":true,"href":"https:\/\/select-luxury.travel\/en\/wp-json\/wp\/v2\/categories?post=70004"},{"taxonomy":"post_tag","embeddable":true,"href":"https:\/\/select-luxury.travel\/en\/wp-json\/wp\/v2\/tags?post=70004"}],"curies":[{"name":"wp","href":"https:\/\/api.w.org\/{rel}","templated":true}]}}