{"id":69971,"date":"2026-04-15T13:24:56","date_gmt":"2026-04-15T11:24:56","guid":{"rendered":"https:\/\/select-luxury.travel\/?page_id=69971"},"modified":"2026-04-15T17:02:58","modified_gmt":"2026-04-15T15:02:58","slug":"songsnsail-max-giesinger-sea-cloud-spirit","status":"publish","type":"page","link":"https:\/\/select-luxury.travel\/en\/selections\/cruise\/songsnsail-max-giesinger-sea-cloud-spirit","title":{"rendered":"Musik-Segelreise im Mittelmeer: Sea Cloud Spirit"},"content":{"rendered":"<p><span class=\"text-braun\">Mittelmeer-Premiere mit Max Giesinger &amp; Band<\/span><\/p>\n<p>Erleben Sie die perfekte Symbiose aus traditioneller Windjammer-Romantik und erstklassigem Lifestyle. An Bord der SEA CLOUD SPIRIT feiern wir mit \u201eSONGS\u2019N\u2019SAIL\u201c Premiere im Mittelmeer: Zehn N\u00e4chte voller G\u00e4nsehautmomente, moderiert von Radiolegende Uwe Bahn. W\u00e4hrend Sie den Wind in den Segeln und das Salz auf der Haut sp\u00fcren, sorgen Star-Gast Max Giesinger und Singer-Songwriter Marcus Zimmermann f\u00fcr den perfekten Soundtrack unter freiem Himmel.<\/p>\n<p><span class=\"text-braun\"> Exklusiver Vorteil bei Buchung \u00fcber Select Luxury Travel: Sie erhalten \u20ac\u202f300 Bordguthaben pro Person \u2013 nur bei Buchung \u00fcber uns, g\u00fcltig bis 31.05.2026 <\/span><\/p>","protected":false},"excerpt":{"rendered":"<p>Mittelmeer-Premiere mit Max Giesinger &amp; Band Erleben Sie die perfekte Symbiose aus traditioneller Windjammer-Romantik und erstklassigem Lifestyle. An Bord der SEA CLOUD SPIRIT feiern wir mit \u201eSONGS\u2019N\u2019SAIL\u201c Premiere im Mittelmeer: Zehn N\u00e4chte voller G\u00e4nsehautmomente, moderiert von Radiolegende Uwe Bahn. W\u00e4hrend Sie den Wind in den Segeln und das Salz auf der Haut sp\u00fcren, sorgen Star-Gast [&hellip;]<\/p>","protected":false},"author":4,"featured_media":0,"parent":627,"menu_order":3,"comment_status":"closed","ping_status":"closed","template":"page-reise_detail.php","meta":{"_acf_changed":false,"inline_featured_image":false,"footnotes":""},"categories":[54,11,8],"tags":[],"class_list":["post-69971","page","type-page","status-publish","hentry","category-alleinige-kreuzfahrt","category-cruise-selections","category-reisen"],"acf":[],"_links":{"self":[{"href":"https:\/\/select-luxury.travel\/en\/wp-json\/wp\/v2\/pages\/69971","targetHints":{"allow":["GET"]}}],"collection":[{"href":"https:\/\/select-luxury.travel\/en\/wp-json\/wp\/v2\/pages"}],"about":[{"href":"https:\/\/select-luxury.travel\/en\/wp-json\/wp\/v2\/types\/page"}],"author":[{"embeddable":true,"href":"https:\/\/select-luxury.travel\/en\/wp-json\/wp\/v2\/users\/4"}],"replies":[{"embeddable":true,"href":"https:\/\/select-luxury.travel\/en\/wp-json\/wp\/v2\/comments?post=69971"}],"version-history":[{"count":17,"href":"https:\/\/select-luxury.travel\/en\/wp-json\/wp\/v2\/pages\/69971\/revisions"}],"predecessor-version":[{"id":70046,"href":"https:\/\/select-luxury.travel\/en\/wp-json\/wp\/v2\/pages\/69971\/revisions\/70046"}],"up":[{"embeddable":true,"href":"https:\/\/select-luxury.travel\/en\/wp-json\/wp\/v2\/pages\/627"}],"wp:attachment":[{"href":"https:\/\/select-luxury.travel\/en\/wp-json\/wp\/v2\/media?parent=69971"}],"wp:term":[{"taxonomy":"category","embeddable":true,"href":"https:\/\/select-luxury.travel\/en\/wp-json\/wp\/v2\/categories?post=69971"},{"taxonomy":"post_tag","embeddable":true,"href":"https:\/\/select-luxury.travel\/en\/wp-json\/wp\/v2\/tags?post=69971"}],"curies":[{"name":"wp","href":"https:\/\/api.w.org\/{rel}","templated":true}]}}