{"id":69880,"date":"2026-04-15T10:49:04","date_gmt":"2026-04-15T08:49:04","guid":{"rendered":"https:\/\/select-luxury.travel\/?page_id=69880"},"modified":"2026-04-28T09:11:54","modified_gmt":"2026-04-28T07:11:54","slug":"best-of-suedafrika-mosambik","status":"publish","type":"page","link":"https:\/\/select-luxury.travel\/en\/selections\/private\/best-of-suedafrika-mosambik","title":{"rendered":"Best of S\u00fcdafrika &#038; Mosambik"},"content":{"rendered":"<p><span class=\"text-braun\">Safariabenteuer und Stranderholung auf afrikanische Art<\/span> <\/p>\n<p>Diese besondere Reise vereint eindrucksvolle Safari-Erlebnisse mit entspanntem Luxus am Meer und zeigt Afrika von seiner exklusivsten Seite. In privaten Wildreservaten wie Madikwe und Sabi Sabi entdecken Sie die faszinierende Tierwelt bei gef\u00fchrten Pirschfahrten und begegnen den \u201eBig Five\u201c in ihrer nat\u00fcrlichen Umgebung. Dabei wohnen Sie in au\u00dfergew\u00f6hnlichen Lodges, die h\u00f6chsten Komfort, Privatsph\u00e4re und erstklassigen Service bieten. Kulinarische Highlights und die unmittelbare N\u00e4he zur Natur machen jeden Tag besonders. Zum Abschluss erwartet Sie das Bazaruto-Archipel in Mosambik mit traumhaften Str\u00e4nden, t\u00fcrkisfarbenem Wasser und stilvollen Villen \u2013 eine perfekte Kombination aus Abenteuer und Erholung.<\/p>","protected":false},"excerpt":{"rendered":"<p>Safariabenteuer und Stranderholung auf afrikanische Art Diese besondere Reise vereint eindrucksvolle Safari-Erlebnisse mit entspanntem Luxus am Meer und zeigt Afrika von seiner exklusivsten Seite. In privaten Wildreservaten wie Madikwe und Sabi Sabi entdecken Sie die faszinierende Tierwelt bei gef\u00fchrten Pirschfahrten und begegnen den \u201eBig Five\u201c in ihrer nat\u00fcrlichen Umgebung. Dabei wohnen Sie in au\u00dfergew\u00f6hnlichen Lodges, [&hellip;]<\/p>","protected":false},"author":4,"featured_media":0,"parent":514,"menu_order":0,"comment_status":"closed","ping_status":"closed","template":"page-reise_detail.php","meta":{"_acf_changed":false,"inline_featured_image":false,"footnotes":""},"categories":[9,8],"tags":[288,287,298,299,295,291,292,290,296,286,300,301,294,297,289,293],"class_list":["post-69880","page","type-page","status-publish","hentry","category-private-selections","category-reisen","tag-big-five","tag-boutique-lodge","tag-eco-luxe","tag-entschleunigung","tag-exklusive-rundreise","tag-fine-dining","tag-hideaway","tag-high-end-bush-and-beach","tag-indischer-ozean","tag-luxury-safari","tag-luxus-mosambikreise","tag-luxus-suedafrikareise","tag-luxus-spa","tag-massgeschneidert","tag-privat-konzession","tag-private-villa"],"acf":[],"_links":{"self":[{"href":"https:\/\/select-luxury.travel\/en\/wp-json\/wp\/v2\/pages\/69880","targetHints":{"allow":["GET"]}}],"collection":[{"href":"https:\/\/select-luxury.travel\/en\/wp-json\/wp\/v2\/pages"}],"about":[{"href":"https:\/\/select-luxury.travel\/en\/wp-json\/wp\/v2\/types\/page"}],"author":[{"embeddable":true,"href":"https:\/\/select-luxury.travel\/en\/wp-json\/wp\/v2\/users\/4"}],"replies":[{"embeddable":true,"href":"https:\/\/select-luxury.travel\/en\/wp-json\/wp\/v2\/comments?post=69880"}],"version-history":[{"count":25,"href":"https:\/\/select-luxury.travel\/en\/wp-json\/wp\/v2\/pages\/69880\/revisions"}],"predecessor-version":[{"id":70285,"href":"https:\/\/select-luxury.travel\/en\/wp-json\/wp\/v2\/pages\/69880\/revisions\/70285"}],"up":[{"embeddable":true,"href":"https:\/\/select-luxury.travel\/en\/wp-json\/wp\/v2\/pages\/514"}],"wp:attachment":[{"href":"https:\/\/select-luxury.travel\/en\/wp-json\/wp\/v2\/media?parent=69880"}],"wp:term":[{"taxonomy":"category","embeddable":true,"href":"https:\/\/select-luxury.travel\/en\/wp-json\/wp\/v2\/categories?post=69880"},{"taxonomy":"post_tag","embeddable":true,"href":"https:\/\/select-luxury.travel\/en\/wp-json\/wp\/v2\/tags?post=69880"}],"curies":[{"name":"wp","href":"https:\/\/api.w.org\/{rel}","templated":true}]}}