{"id":69835,"date":"2026-05-05T12:02:35","date_gmt":"2026-05-05T10:02:35","guid":{"rendered":"https:\/\/select-luxury.travel\/?page_id=69835"},"modified":"2026-05-05T13:36:59","modified_gmt":"2026-05-05T11:36:59","slug":"dr-jones-luxus-expeditionsreise-durch-peru-patagonien","status":"publish","type":"page","link":"https:\/\/select-luxury.travel\/en\/selections\/private\/dr-jones-luxus-expeditionsreise-durch-peru-patagonien","title":{"rendered":"Dr. Jones Luxus-Expeditions -reise durch Peru &#038; Patagonien"},"content":{"rendered":"<p class=\"hero-subline text-braun\">Ikonische DC-3 Flugexpedition zu den verborgenen Sch\u00e4tzen S\u00fcdamerikas <\/p>\n<p>Dr. Jones Reisen er\u00f6ffnen Zugang zu einigen der letzten verborgenen Orte unserer Erde \u2013 exklusiv, abgelegen und fernab klassischer Reiserouten. An Bord einer aufwendig restaurierten Douglas DC\u20113, die nostalgischen Charme mit modernster Technik verbindet, wird bereits der Flug selbst zum Erlebnis. Gro\u00dfz\u00fcgige Sitze, ausgew\u00e4hlte Weine und ein stilvolles Interieur schaffen ein Reisegef\u00fchl, das an die goldene \u00c4ra der Luftfahrt erinnert \u2013 neu interpretiert f\u00fcr heutige Anspr\u00fcche.<\/p>\n<p>Die Reisetermine (Weitere Termine und Routen sind in Planung):<br \/>\n<span class=\"text-braun\"><strong>a) Route Peru &#8211; Patagonien (12 Tage)<\/strong><\/span><br \/>\n26.09. \u2013 08.10.2026<br \/>\n18.10. \u2013 30.10.2026<br \/>\n<span class=\"text-braun\"><strong>b) Route Patagonien &#8211; Peru (11 Tage)<\/strong><\/span><br \/>\n07.10. \u2013 18.10.2026<br \/>\n01.03. \u2013 13.03.2027<\/span> <\/p>","protected":false},"excerpt":{"rendered":"<p>Ikonische DC-3 Flugexpedition zu den verborgenen Sch\u00e4tzen S\u00fcdamerikas Dr. Jones Reisen er\u00f6ffnen Zugang zu einigen der letzten verborgenen Orte unserer Erde \u2013 exklusiv, abgelegen und fernab klassischer Reiserouten. An Bord einer aufwendig restaurierten Douglas DC\u20113, die nostalgischen Charme mit modernster Technik verbindet, wird bereits der Flug selbst zum Erlebnis. Gro\u00dfz\u00fcgige Sitze, ausgew\u00e4hlte Weine und ein [&hellip;]<\/p>\n","protected":false},"author":4,"featured_media":0,"parent":514,"menu_order":0,"comment_status":"closed","ping_status":"closed","template":"page-reise_detail.php","meta":{"_acf_changed":false,"inline_featured_image":false,"footnotes":""},"categories":[9,8],"tags":[337,329,333,335,324,336,339,322,328,331,325,321,338,332,327,334,262,323,326,330],"class_list":["post-69835","page","type-page","status-publish","hentry","category-private-selections","category-reisen","tag-abenteuer-und-komfort-reise","tag-abgelegene-reiseziele","tag-atacama-wueste-reise","tag-chile-rundreise-exklusiv","tag-dc-3-flugreise","tag-einzigartige-flugroute","tag-exklusive-entdeckerreise","tag-exklusive-flugexpedition","tag-exklusive-gruppenreise","tag-high-end-expedition","tag-luxus-abenteuerreise","tag-luxus-flugreise","tag-luxus-naturreise","tag-luxusreise-patagonien","tag-massgeschneiderte-fernreise","tag-peru-luxusreise","tag-premium-erlebnisreise","tag-private-flugzeugreise","tag-suedamerika-rundreise-luxus","tag-unentdeckte-orte-reisen"],"acf":[],"_links":{"self":[{"href":"https:\/\/select-luxury.travel\/en\/wp-json\/wp\/v2\/pages\/69835","targetHints":{"allow":["GET"]}}],"collection":[{"href":"https:\/\/select-luxury.travel\/en\/wp-json\/wp\/v2\/pages"}],"about":[{"href":"https:\/\/select-luxury.travel\/en\/wp-json\/wp\/v2\/types\/page"}],"author":[{"embeddable":true,"href":"https:\/\/select-luxury.travel\/en\/wp-json\/wp\/v2\/users\/4"}],"replies":[{"embeddable":true,"href":"https:\/\/select-luxury.travel\/en\/wp-json\/wp\/v2\/comments?post=69835"}],"version-history":[{"count":80,"href":"https:\/\/select-luxury.travel\/en\/wp-json\/wp\/v2\/pages\/69835\/revisions"}],"predecessor-version":[{"id":70521,"href":"https:\/\/select-luxury.travel\/en\/wp-json\/wp\/v2\/pages\/69835\/revisions\/70521"}],"up":[{"embeddable":true,"href":"https:\/\/select-luxury.travel\/en\/wp-json\/wp\/v2\/pages\/514"}],"wp:attachment":[{"href":"https:\/\/select-luxury.travel\/en\/wp-json\/wp\/v2\/media?parent=69835"}],"wp:term":[{"taxonomy":"category","embeddable":true,"href":"https:\/\/select-luxury.travel\/en\/wp-json\/wp\/v2\/categories?post=69835"},{"taxonomy":"post_tag","embeddable":true,"href":"https:\/\/select-luxury.travel\/en\/wp-json\/wp\/v2\/tags?post=69835"}],"curies":[{"name":"wp","href":"https:\/\/api.w.org\/{rel}","templated":true}]}}