{"id":69626,"date":"2026-04-10T12:25:32","date_gmt":"2026-04-10T10:25:32","guid":{"rendered":"https:\/\/select-luxury.travel\/?page_id=69626"},"modified":"2026-04-10T12:36:43","modified_gmt":"2026-04-10T10:36:43","slug":"kazazian-cruises-arax-berge","status":"publish","type":"page","link":"https:\/\/select-luxury.travel\/en\/selections\/cruise\/kazazian-cruises-arax-berge","title":{"rendered":"5\u2605 Kazazian Cruises: Arax &#038; Berge"},"content":{"rendered":"<p><span class=\"text-braun\">Segeln durch \u00c4gypten mit Stil und Exklusivit\u00e4t<\/span> <\/p>\n<p>Kazazian Cruises steht f\u00fcr au\u00dfergew\u00f6hnliche Luxusreisen entlang des Nils, bei denen Geschichte, Kultur und exklusive Privatsph\u00e4re auf einzigartige Weise miteinander verschmelzen. Als familiengef\u00fchrtes Unternehmen mit jahrzehntelanger Erfahrung verfolgt Kazazian das Ziel, Reisenden nicht nur eine Kreuzfahrt, sondern ein ma\u00dfgeschneidertes Erlebnis auf h\u00f6chstem Niveau zu bieten. An Bord der eleganten Yachten erleben G\u00e4ste eine intime Atmosph\u00e4re mit nur wenigen Suiten, pers\u00f6nlichen Service und sorgf\u00e4ltig kuratierte Ausfl\u00fcge zu den bedeutendsten St\u00e4tten des alten \u00c4gyptens \u2013 eine Reise, die Luxus, Authentizit\u00e4t und Entdeckung perfekt miteinander verbindet.<\/p>","protected":false},"excerpt":{"rendered":"<p>Segeln durch \u00c4gypten mit Stil und Exklusivit\u00e4t Kazazian Cruises steht f\u00fcr au\u00dfergew\u00f6hnliche Luxusreisen entlang des Nils, bei denen Geschichte, Kultur und exklusive Privatsph\u00e4re auf einzigartige Weise miteinander verschmelzen. Als familiengef\u00fchrtes Unternehmen mit jahrzehntelanger Erfahrung verfolgt Kazazian das Ziel, Reisenden nicht nur eine Kreuzfahrt, sondern ein ma\u00dfgeschneidertes Erlebnis auf h\u00f6chstem Niveau zu bieten. An Bord der [&hellip;]<\/p>","protected":false},"author":4,"featured_media":0,"parent":627,"menu_order":0,"comment_status":"closed","ping_status":"closed","template":"page-reise_detail.php","meta":{"_acf_changed":false,"inline_featured_image":false,"footnotes":""},"categories":[11,9,8,10,2],"tags":[270,267,271,269,285,274,283,284,280,281,266,278,272,273,275,282,276,268,277,279],"class_list":["post-69626","page","type-page","status-publish","hentry","category-cruise-selections","category-private-selections","category-reisen","category-small-group-selections","category-unkategorisiert","tag-5-sterne-nilkreuzfahrt","tag-aegypten-luxusreise","tag-boutique-yacht-nil","tag-exklusive-nilreise","tag-exklusive-oasenreise","tag-exklusive-tempelbesuche","tag-gourmet-nilkreuzfahrt","tag-high-end-aegyptenreise","tag-historische-aegyptenreise","tag-kulturelle-luxusreise","tag-luxus-nilkreuzfahrt","tag-luxus-nilurlaub","tag-luxusreise-kairo","tag-luxusreise-luxor","tag-massgeschneiderte-aegyptenreise","tag-nilkreuzfahrt-mit-spa","tag-premium-nilkreuzfahrt","tag-private-nilkreuzfahrt","tag-private-yacht-aegypten","tag-vip-nilkreuzfahrt"],"acf":[],"_links":{"self":[{"href":"https:\/\/select-luxury.travel\/en\/wp-json\/wp\/v2\/pages\/69626","targetHints":{"allow":["GET"]}}],"collection":[{"href":"https:\/\/select-luxury.travel\/en\/wp-json\/wp\/v2\/pages"}],"about":[{"href":"https:\/\/select-luxury.travel\/en\/wp-json\/wp\/v2\/types\/page"}],"author":[{"embeddable":true,"href":"https:\/\/select-luxury.travel\/en\/wp-json\/wp\/v2\/users\/4"}],"replies":[{"embeddable":true,"href":"https:\/\/select-luxury.travel\/en\/wp-json\/wp\/v2\/comments?post=69626"}],"version-history":[{"count":20,"href":"https:\/\/select-luxury.travel\/en\/wp-json\/wp\/v2\/pages\/69626\/revisions"}],"predecessor-version":[{"id":69820,"href":"https:\/\/select-luxury.travel\/en\/wp-json\/wp\/v2\/pages\/69626\/revisions\/69820"}],"up":[{"embeddable":true,"href":"https:\/\/select-luxury.travel\/en\/wp-json\/wp\/v2\/pages\/627"}],"wp:attachment":[{"href":"https:\/\/select-luxury.travel\/en\/wp-json\/wp\/v2\/media?parent=69626"}],"wp:term":[{"taxonomy":"category","embeddable":true,"href":"https:\/\/select-luxury.travel\/en\/wp-json\/wp\/v2\/categories?post=69626"},{"taxonomy":"post_tag","embeddable":true,"href":"https:\/\/select-luxury.travel\/en\/wp-json\/wp\/v2\/tags?post=69626"}],"curies":[{"name":"wp","href":"https:\/\/api.w.org\/{rel}","templated":true}]}}