{"id":69044,"date":"2026-04-07T15:14:08","date_gmt":"2026-04-07T13:14:08","guid":{"rendered":"https:\/\/select-luxury.travel\/?page_id=69044"},"modified":"2026-04-07T15:14:08","modified_gmt":"2026-04-07T13:14:08","slug":"rajasthan-deluxe-rundreise","status":"publish","type":"page","link":"https:\/\/select-luxury.travel\/en\/selections\/private\/rajasthan-deluxe-rundreise","title":{"rendered":"Rajasthan Deluxe Rundreise"},"content":{"rendered":"<p><span class=\"text-braun\">Prachtvolle Pal\u00e4ste, Tigersafaris, unvergesslicher Luxus<\/span><\/p>\n<p>Diese au\u00dfergew\u00f6hnliche Luxusreise durch Indien verbindet kulturelle H\u00f6hepunkte, exklusive Unterk\u00fcnfte und unvergessliche Naturerlebnisse zu einer einzigartigen Reiseerfahrung. Von der lebendigen Metropole Delhi \u00fcber das weltber\u00fchmte Taj Mahal in Agra bis zu den faszinierenden Landschaften Rajasthans erleben Sie Indien auf besonders komfortable und authentische Weise. Sie wohnen in legend\u00e4ren Luxushotels und preisgekr\u00f6nten Resorts wie The Imperial, The Oberoi Amarvilas, Aman-i-Kh\u00e1s und Amanbagh. Private Transfers, pers\u00f6nliche Guides und exklusive Safaris im Ranthambore-Nationalpark sorgen f\u00fcr maximale Privatsph\u00e4re und intensive Begegnungen mit Kultur und Natur. Diese sorgf\u00e4ltig zusammengestellte Reise vereint Geschichte, Architektur, Wildlife und erstklassigen Service zu einem luxuri\u00f6sen Erlebnis, das Indien von seiner eindrucksvollsten Seite zeigt.<\/p>","protected":false},"excerpt":{"rendered":"<p>Prachtvolle Pal\u00e4ste, Tigersafaris, unvergesslicher Luxus Diese au\u00dfergew\u00f6hnliche Luxusreise durch Indien verbindet kulturelle H\u00f6hepunkte, exklusive Unterk\u00fcnfte und unvergessliche Naturerlebnisse zu einer einzigartigen Reiseerfahrung. Von der lebendigen Metropole Delhi \u00fcber das weltber\u00fchmte Taj Mahal in Agra bis zu den faszinierenden Landschaften Rajasthans erleben Sie Indien auf besonders komfortable und authentische Weise. Sie wohnen in legend\u00e4ren Luxushotels und [&hellip;]<\/p>","protected":false},"author":4,"featured_media":0,"parent":514,"menu_order":0,"comment_status":"closed","ping_status":"closed","template":"page-reise_detail.php","meta":{"_acf_changed":false,"inline_featured_image":false,"footnotes":""},"categories":[9,8],"tags":[232,233,227,240,228,237,225,238,236,239,235,230,241,224,226,243,231,242,234,223,229],"class_list":["post-69044","page","type-page","status-publish","hentry","category-private-selections","category-reisen","tag-aman-i-khas-luxuscamp-ranthambore","tag-amanbagh-luxusresort-rajasthan","tag-exklusive-indien-privatreise","tag-exklusive-kulturreise-rajasthan","tag-golden-triangle-luxusreise","tag-indien-5-sterne-luxushotels","tag-indien-luxus-rundreise","tag-indien-luxus-wellnessreise","tag-indien-luxusresorts","tag-indien-privatreise-mit-guide","tag-luxus-safari-indien","tag-luxushotel-mit-taj-mahal-blick","tag-luxusreise-delhi-agra-jaipur","tag-luxusreise-indien","tag-luxusreise-rajasthan","tag-massgeschneiderte-luxusreise-indien","tag-oberoi-amarvilas-luxusresort","tag-palace-safari-luxusreise-indien","tag-private-tiger-safari-ranthambore","tag-rajasthan-deluxe-rundreise","tag-taj-mahal-luxusreise"],"acf":[],"_links":{"self":[{"href":"https:\/\/select-luxury.travel\/en\/wp-json\/wp\/v2\/pages\/69044","targetHints":{"allow":["GET"]}}],"collection":[{"href":"https:\/\/select-luxury.travel\/en\/wp-json\/wp\/v2\/pages"}],"about":[{"href":"https:\/\/select-luxury.travel\/en\/wp-json\/wp\/v2\/types\/page"}],"author":[{"embeddable":true,"href":"https:\/\/select-luxury.travel\/en\/wp-json\/wp\/v2\/users\/4"}],"replies":[{"embeddable":true,"href":"https:\/\/select-luxury.travel\/en\/wp-json\/wp\/v2\/comments?post=69044"}],"version-history":[{"count":33,"href":"https:\/\/select-luxury.travel\/en\/wp-json\/wp\/v2\/pages\/69044\/revisions"}],"predecessor-version":[{"id":69115,"href":"https:\/\/select-luxury.travel\/en\/wp-json\/wp\/v2\/pages\/69044\/revisions\/69115"}],"up":[{"embeddable":true,"href":"https:\/\/select-luxury.travel\/en\/wp-json\/wp\/v2\/pages\/514"}],"wp:attachment":[{"href":"https:\/\/select-luxury.travel\/en\/wp-json\/wp\/v2\/media?parent=69044"}],"wp:term":[{"taxonomy":"category","embeddable":true,"href":"https:\/\/select-luxury.travel\/en\/wp-json\/wp\/v2\/categories?post=69044"},{"taxonomy":"post_tag","embeddable":true,"href":"https:\/\/select-luxury.travel\/en\/wp-json\/wp\/v2\/tags?post=69044"}],"curies":[{"name":"wp","href":"https:\/\/api.w.org\/{rel}","templated":true}]}}