{"id":69003,"date":"2026-04-07T15:41:28","date_gmt":"2026-04-07T13:41:28","guid":{"rendered":"https:\/\/select-luxury.travel\/?page_id=69003"},"modified":"2026-04-07T15:41:28","modified_gmt":"2026-04-07T13:41:28","slug":"5%e2%98%85-reindeer-manor-lappland","status":"publish","type":"page","link":"https:\/\/select-luxury.travel\/en\/selections\/island-selections\/5%e2%98%85-reindeer-manor-lappland","title":{"rendered":"5\u2605 Reindeer Manor, Lappland"},"content":{"rendered":"<p><span class=\"text-braun\">Rustikaler Luxus n\u00f6rdlich des Polarkreises<\/span><\/p>\n<p>Willkommen in einem der exklusivsten F\u00fcnf-Sterne-Retreats Lapplands. Nahe Levi gelegen, wo idyllische Kulturlandschaft auf Komfort und rustikale Eleganz trifft, bietet das Reindeer Manor luxuri\u00f6se Erlebnisse auf hunderten Hektar unber\u00fchrten Privatlands. Zehn exklusive Glasiglu-Suiten mit privaten Jacuzzis, ein einzigartiges Hauptgeb\u00e4ude mit Restaurant und Lobby sowie pers\u00f6nlicher Service in authentischer Umgebung garantieren einen unvergesslichen Aufenthalt. Eigene Rentiere, jahrhundertealte Tradition der Rentierhaltung und historische Geb\u00e4ude aus dem Jahr 1843 schaffen eine m\u00e4rchenhafte Kulisse. Ein perfekter R\u00fcckzugsort f\u00fcr Naturgenuss und erstklassigen Service.<\/p>","protected":false},"excerpt":{"rendered":"<p>Rustikaler Luxus n\u00f6rdlich des Polarkreises Willkommen in einem der exklusivsten F\u00fcnf-Sterne-Retreats Lapplands. Nahe Levi gelegen, wo idyllische Kulturlandschaft auf Komfort und rustikale Eleganz trifft, bietet das Reindeer Manor luxuri\u00f6se Erlebnisse auf hunderten Hektar unber\u00fchrten Privatlands. Zehn exklusive Glasiglu-Suiten mit privaten Jacuzzis, ein einzigartiges Hauptgeb\u00e4ude mit Restaurant und Lobby sowie pers\u00f6nlicher Service in authentischer Umgebung garantieren [&hellip;]<\/p>","protected":false},"author":4,"featured_media":0,"parent":3048,"menu_order":0,"comment_status":"closed","ping_status":"closed","template":"page-reise_detail5.php","meta":{"_acf_changed":false,"inline_featured_image":false,"footnotes":""},"categories":[12,8,2],"tags":[],"class_list":["post-69003","page","type-page","status-publish","hentry","category-island-selections","category-reisen","category-unkategorisiert"],"acf":[],"_links":{"self":[{"href":"https:\/\/select-luxury.travel\/en\/wp-json\/wp\/v2\/pages\/69003","targetHints":{"allow":["GET"]}}],"collection":[{"href":"https:\/\/select-luxury.travel\/en\/wp-json\/wp\/v2\/pages"}],"about":[{"href":"https:\/\/select-luxury.travel\/en\/wp-json\/wp\/v2\/types\/page"}],"author":[{"embeddable":true,"href":"https:\/\/select-luxury.travel\/en\/wp-json\/wp\/v2\/users\/4"}],"replies":[{"embeddable":true,"href":"https:\/\/select-luxury.travel\/en\/wp-json\/wp\/v2\/comments?post=69003"}],"version-history":[{"count":19,"href":"https:\/\/select-luxury.travel\/en\/wp-json\/wp\/v2\/pages\/69003\/revisions"}],"predecessor-version":[{"id":69772,"href":"https:\/\/select-luxury.travel\/en\/wp-json\/wp\/v2\/pages\/69003\/revisions\/69772"}],"up":[{"embeddable":true,"href":"https:\/\/select-luxury.travel\/en\/wp-json\/wp\/v2\/pages\/3048"}],"wp:attachment":[{"href":"https:\/\/select-luxury.travel\/en\/wp-json\/wp\/v2\/media?parent=69003"}],"wp:term":[{"taxonomy":"category","embeddable":true,"href":"https:\/\/select-luxury.travel\/en\/wp-json\/wp\/v2\/categories?post=69003"},{"taxonomy":"post_tag","embeddable":true,"href":"https:\/\/select-luxury.travel\/en\/wp-json\/wp\/v2\/tags?post=69003"}],"curies":[{"name":"wp","href":"https:\/\/api.w.org\/{rel}","templated":true}]}}