{"id":68751,"date":"2026-03-12T12:32:51","date_gmt":"2026-03-12T11:32:51","guid":{"rendered":"https:\/\/select-luxury.travel\/?page_id=68751"},"modified":"2026-03-12T12:40:06","modified_gmt":"2026-03-12T11:40:06","slug":"south-korea-2","status":"publish","type":"page","link":"https:\/\/select-luxury.travel\/en\/selections\/private\/south-korea-2","title":{"rendered":"South Korea"},"content":{"rendered":"<p><span class=\"text-braun\">Culture, tradition &amp; vibrant metropolises<\/span><\/p>\n<p>This extraordinary round trip takes you to the most fascinating highlights of South Korea - from the vibrant streets and royal palaces of Seoul to the historical treasures of Gyeongju and the lively coastal city of Busan. You will experience the country's rich history, culture and nature with plenty of time for discovery, enjoyment and impressive photo moments, stay in selected luxury hotels and immerse yourself in South Korea's unique atmosphere. In addition to the well-known sights, you can expect special experiences such as a walk through traditional villages, visits to UNESCO World Heritage Sites and panoramic views of the sea from temples and cliffs. This trip combines intensive cultural insights with comfortable accommodation, varied activities and unforgettable moments.<\/p>","protected":false},"excerpt":{"rendered":"<p>Kultur, Tradition &amp; lebendige Metropolen Diese au\u00dfergew\u00f6hnliche Rundreise f\u00fchrt Sie zu den faszinierendsten H\u00f6hepunkten S\u00fcdkoreas \u2013 von den pulsierenden Stra\u00dfen und k\u00f6niglichen Pal\u00e4sten Seouls \u00fcber die historischen Sch\u00e4tze von Gyeongju bis hin zur lebendigen K\u00fcstenstadt Busan. Sie erleben die reiche Geschichte, Kultur und Natur des Landes mit viel Zeit f\u00fcr Entdeckungen, Genuss und beeindruckende Fotomomente, [&hellip;]<\/p>","protected":false},"author":4,"featured_media":0,"parent":514,"menu_order":0,"comment_status":"closed","ping_status":"closed","template":"page-reise_detail.php","meta":{"_acf_changed":false,"inline_featured_image":false,"footnotes":""},"categories":[9,8],"tags":[190,187,189,192,30,185,188,193,195,194,191,186],"class_list":["post-68751","page","type-page","status-publish","hentry","category-private-selections","category-reisen","tag-busan-luxusurlaub","tag-exklusive-suedkorea-reise","tag-gyeongju-unesco-luxusreise","tag-luxus-hotels-suedkorea","tag-luxushotel","tag-luxusreise-suedkorea","tag-luxusurlaub-seoul","tag-private-fuehrungen-korea","tag-seoul","tag-suedkorea-gourmetreise","tag-suedkorea-kultur-luxus","tag-suedkorea-premium-rundreise"],"acf":[],"_links":{"self":[{"href":"https:\/\/select-luxury.travel\/en\/wp-json\/wp\/v2\/pages\/68751","targetHints":{"allow":["GET"]}}],"collection":[{"href":"https:\/\/select-luxury.travel\/en\/wp-json\/wp\/v2\/pages"}],"about":[{"href":"https:\/\/select-luxury.travel\/en\/wp-json\/wp\/v2\/types\/page"}],"author":[{"embeddable":true,"href":"https:\/\/select-luxury.travel\/en\/wp-json\/wp\/v2\/users\/4"}],"replies":[{"embeddable":true,"href":"https:\/\/select-luxury.travel\/en\/wp-json\/wp\/v2\/comments?post=68751"}],"version-history":[{"count":39,"href":"https:\/\/select-luxury.travel\/en\/wp-json\/wp\/v2\/pages\/68751\/revisions"}],"predecessor-version":[{"id":69232,"href":"https:\/\/select-luxury.travel\/en\/wp-json\/wp\/v2\/pages\/68751\/revisions\/69232"}],"up":[{"embeddable":true,"href":"https:\/\/select-luxury.travel\/en\/wp-json\/wp\/v2\/pages\/514"}],"wp:attachment":[{"href":"https:\/\/select-luxury.travel\/en\/wp-json\/wp\/v2\/media?parent=68751"}],"wp:term":[{"taxonomy":"category","embeddable":true,"href":"https:\/\/select-luxury.travel\/en\/wp-json\/wp\/v2\/categories?post=68751"},{"taxonomy":"post_tag","embeddable":true,"href":"https:\/\/select-luxury.travel\/en\/wp-json\/wp\/v2\/tags?post=68751"}],"curies":[{"name":"wp","href":"https:\/\/api.w.org\/{rel}","templated":true}]}}