{"id":68649,"date":"2026-03-30T10:48:39","date_gmt":"2026-03-30T08:48:39","guid":{"rendered":"https:\/\/select-luxury.travel\/?page_id=68649"},"modified":"2026-03-30T14:17:59","modified_gmt":"2026-03-30T12:17:59","slug":"europa-las-arenas-balneario-resort-hotel","status":"publish","type":"page","link":"https:\/\/select-luxury.travel\/en\/selections\/private\/europa-las-arenas-balneario-resort-hotel","title":{"rendered":"5\u2605 Las Arenas Balneario Resort"},"content":{"rendered":"<p><span class=\"text-braun\">Eleganter Strandluxus direkt an der Promenade von Valencia<\/span><\/p>\n<p>Das 5\u2011Sterne\u2011Hotel Las Arenas Balneario Resort in Valencia vereint luxuri\u00f6ses Ambiente, mediterrane Leichtigkeit und die historische Atmosph\u00e4re des ehemaligen Kurhauses von 1898. Die gro\u00dfz\u00fcgigen, lichtdurchfluteten Zimmer sind R\u00fcckzugsorte voller Ruhe und Komfort. Im hauseigenen Spa treffen moderne Wellness\u2011Konzepte auf historische Tradition. Hochwertige Behandlungen, wohltuende Massagen und entspannende Rituale schaffen perfekte Momente der Regeneration und des Wohlbefindens. Kulinarisch \u00fcberzeugt das Resort mit regionaler, nachhaltiger K\u00fcche: Frischer Fisch aus dem Mittelmeer, Reis aus der Region und lokale Spezialit\u00e4ten werden fein interpretiert und mit h\u00f6chstem Anspruch serviert. Ob f\u00fcr erholsame Urlaubstage, besondere Anl\u00e4sse oder exklusive Veranstaltungen.<\/p>","protected":false},"excerpt":{"rendered":"<p>Eleganter Strandluxus direkt an der Promenade von Valencia Das 5\u2011Sterne\u2011Hotel Las Arenas Balneario Resort in Valencia vereint luxuri\u00f6ses Ambiente, mediterrane Leichtigkeit und die historische Atmosph\u00e4re des ehemaligen Kurhauses von 1898. Die gro\u00dfz\u00fcgigen, lichtdurchfluteten Zimmer sind R\u00fcckzugsorte voller Ruhe und Komfort. Im hauseigenen Spa treffen moderne Wellness\u2011Konzepte auf historische Tradition. Hochwertige Behandlungen, wohltuende Massagen und entspannende [&hellip;]<\/p>\n","protected":false},"author":4,"featured_media":0,"parent":514,"menu_order":0,"comment_status":"closed","ping_status":"closed","template":"page-reise_detail5.php","meta":{"_acf_changed":false,"inline_featured_image":false,"footnotes":""},"categories":[61,9,8,2],"tags":[159,160,161,157,158,156],"class_list":["post-68649","page","type-page","status-publish","hentry","category-luxuryhotels","category-private-selections","category-reisen","category-unkategorisiert","tag-erholung","tag-kultur","tag-las-arenas-balneario-resort","tag-luxus-resort","tag-spabehandlungen","tag-valencia"],"acf":[],"_links":{"self":[{"href":"https:\/\/select-luxury.travel\/en\/wp-json\/wp\/v2\/pages\/68649","targetHints":{"allow":["GET"]}}],"collection":[{"href":"https:\/\/select-luxury.travel\/en\/wp-json\/wp\/v2\/pages"}],"about":[{"href":"https:\/\/select-luxury.travel\/en\/wp-json\/wp\/v2\/types\/page"}],"author":[{"embeddable":true,"href":"https:\/\/select-luxury.travel\/en\/wp-json\/wp\/v2\/users\/4"}],"replies":[{"embeddable":true,"href":"https:\/\/select-luxury.travel\/en\/wp-json\/wp\/v2\/comments?post=68649"}],"version-history":[{"count":33,"href":"https:\/\/select-luxury.travel\/en\/wp-json\/wp\/v2\/pages\/68649\/revisions"}],"predecessor-version":[{"id":69732,"href":"https:\/\/select-luxury.travel\/en\/wp-json\/wp\/v2\/pages\/68649\/revisions\/69732"}],"up":[{"embeddable":true,"href":"https:\/\/select-luxury.travel\/en\/wp-json\/wp\/v2\/pages\/514"}],"wp:attachment":[{"href":"https:\/\/select-luxury.travel\/en\/wp-json\/wp\/v2\/media?parent=68649"}],"wp:term":[{"taxonomy":"category","embeddable":true,"href":"https:\/\/select-luxury.travel\/en\/wp-json\/wp\/v2\/categories?post=68649"},{"taxonomy":"post_tag","embeddable":true,"href":"https:\/\/select-luxury.travel\/en\/wp-json\/wp\/v2\/tags?post=68649"}],"curies":[{"name":"wp","href":"https:\/\/api.w.org\/{rel}","templated":true}]}}