{"id":68646,"date":"2026-04-07T15:12:31","date_gmt":"2026-04-07T13:12:31","guid":{"rendered":"https:\/\/select-luxury.travel\/?page_id=68646"},"modified":"2026-04-07T15:12:31","modified_gmt":"2026-04-07T13:12:31","slug":"5%e2%98%85-casa-de-sierra-nevada-a-belmond-hotel","status":"publish","type":"page","link":"https:\/\/select-luxury.travel\/en\/selections\/private\/5%e2%98%85-casa-de-sierra-nevada-a-belmond-hotel","title":{"rendered":"5\u2605 Casa de Sierra Nevada, A Belmond Hotel"},"content":{"rendered":"<p><span class=\"text-braun\">Luxuri\u00f6ser Komfort im historischen Herzen von San Miguel de Allende<\/span><\/p>\n<p>Das Belmond Casa de Sierra Nevada liegt im historischen Zentrum von San Miguel de Allende und vereint koloniale Eleganz mit modernem Luxus inmitten einer der faszinierendsten St\u00e4dte Mexikos. In sechs liebevoll restaurierten Villen aus dem 16.\u201318. Jahrhundert sorgen verwinkelte Innenh\u00f6fe, Springbrunnen und bl\u00fchende G\u00e4rten f\u00fcr eine Atmosph\u00e4re von zeitloser Sch\u00f6nheit und Ruhe. Jedes Zimmer und jede Suite ist individuell gestaltet, kombiniert authentische Details mit h\u00f6chsten Komfortstandards und schafft so ein unvergessliches Ambiente. Kulinarische Erlebnisse, ein exklusives Spa und vielf\u00e4ltige Aktivit\u00e4ten im charmanten UNESCO-Weltkulturerbe rund um das Hotel machen den Aufenthalt zu einem einzigartigen Erlebnis.<\/p>","protected":false},"excerpt":{"rendered":"<p>Luxuri\u00f6ser Komfort im historischen Herzen von San Miguel de Allende Das Belmond Casa de Sierra Nevada liegt im historischen Zentrum von San Miguel de Allende und vereint koloniale Eleganz mit modernem Luxus inmitten einer der faszinierendsten St\u00e4dte Mexikos. In sechs liebevoll restaurierten Villen aus dem 16.\u201318. Jahrhundert sorgen verwinkelte Innenh\u00f6fe, Springbrunnen und bl\u00fchende G\u00e4rten f\u00fcr [&hellip;]<\/p>","protected":false},"author":4,"featured_media":0,"parent":514,"menu_order":0,"comment_status":"closed","ping_status":"closed","template":"page-reise_detail5.php","meta":{"_acf_changed":false,"inline_featured_image":false,"footnotes":""},"categories":[61,9,8,2,64],"tags":[164,175,183,165,166,178,180,179,184,172,173,171,167,176,169,33,168,162,177,181,163,170,182,174],"class_list":["post-68646","page","type-page","status-publish","hentry","category-luxuryhotels","category-private-selections","category-reisen","category-unkategorisiert","category-villen","tag-5-sterne-hotel","tag-altstadt-san-miguel","tag-aufenthalte-mit-charme","tag-belmond-casa-de-sierra-nevada","tag-boutique-hotel","tag-boutique-luxus","tag-boutique-resort","tag-eleganz-stil","tag-erholung-ambiente","tag-exklusive-suiten","tag-gartenanlage","tag-gourmetrestaurant","tag-historisches-hotel","tag-kunst-und-kultur","tag-luxusreise-mexiko","tag-luxusurlaub","tag-mexikanische-kultur","tag-mexiko","tag-premium-service","tag-reise-mexiko","tag-san-miguel-de-allende","tag-spa-wellness","tag-stilvolles-hotel","tag-unesco-weltkulturerbe"],"acf":[],"_links":{"self":[{"href":"https:\/\/select-luxury.travel\/en\/wp-json\/wp\/v2\/pages\/68646","targetHints":{"allow":["GET"]}}],"collection":[{"href":"https:\/\/select-luxury.travel\/en\/wp-json\/wp\/v2\/pages"}],"about":[{"href":"https:\/\/select-luxury.travel\/en\/wp-json\/wp\/v2\/types\/page"}],"author":[{"embeddable":true,"href":"https:\/\/select-luxury.travel\/en\/wp-json\/wp\/v2\/users\/4"}],"replies":[{"embeddable":true,"href":"https:\/\/select-luxury.travel\/en\/wp-json\/wp\/v2\/comments?post=68646"}],"version-history":[{"count":17,"href":"https:\/\/select-luxury.travel\/en\/wp-json\/wp\/v2\/pages\/68646\/revisions"}],"predecessor-version":[{"id":69760,"href":"https:\/\/select-luxury.travel\/en\/wp-json\/wp\/v2\/pages\/68646\/revisions\/69760"}],"up":[{"embeddable":true,"href":"https:\/\/select-luxury.travel\/en\/wp-json\/wp\/v2\/pages\/514"}],"wp:attachment":[{"href":"https:\/\/select-luxury.travel\/en\/wp-json\/wp\/v2\/media?parent=68646"}],"wp:term":[{"taxonomy":"category","embeddable":true,"href":"https:\/\/select-luxury.travel\/en\/wp-json\/wp\/v2\/categories?post=68646"},{"taxonomy":"post_tag","embeddable":true,"href":"https:\/\/select-luxury.travel\/en\/wp-json\/wp\/v2\/tags?post=68646"}],"curies":[{"name":"wp","href":"https:\/\/api.w.org\/{rel}","templated":true}]}}