{"id":68524,"date":"2026-02-19T16:39:21","date_gmt":"2026-02-19T15:39:21","guid":{"rendered":"https:\/\/select-luxury.travel\/?page_id=68524"},"modified":"2026-03-13T15:22:55","modified_gmt":"2026-03-13T14:22:55","slug":"grand-tour-of-egypt-with-cairo-nile-oasis-siwa-2","status":"publish","type":"page","link":"https:\/\/select-luxury.travel\/en\/selections\/private\/grand-tour-of-egypt-with-cairo-nile-oasis-siwa-2","title":{"rendered":"Grand tour of Egypt with Cairo, Nile &amp; Siwa Oasis"},"content":{"rendered":"<p><span class=\"text-braun\">From the pyramids to Luxor: A journey through 5,000 years of history<\/span><\/p>\n<p>This extraordinary round trip takes you to the most fascinating places in Egypt - from the temples in Luxor and a stylish Nile cruise to the legendary pyramids of Giza and the modern Grand Egyptian Museum. You will experience the land of the pharaohs with plenty of time for culture, history and pleasure, stay overnight in selected luxury hotels and discover one of Egypt's most pristine regions, the Siwa Oasis. In addition to world-famous highlights, you can expect special experiences such as a hot-air balloon ride over the Valley of the Kings, private guided tours with Egyptologists and relaxing days on the Nile. This trip combines intensive insights into the millennia-old high culture with exclusive comfort and unforgettable moments.<\/p>","protected":false},"excerpt":{"rendered":"<p>Von den Pyramiden nach Luxor: Ein Weg durch 5.000 Jahre Geschichte Diese au\u00dfergew\u00f6hnliche Rundreise f\u00fchrt Sie zu den faszinierendsten Schaupl\u00e4tzen \u00c4gyptens \u2013 von den Tempeln in Luxor \u00fcber eine stilvolle Nilkreuzfahrt bis hin zu den legend\u00e4ren Pyramiden von Gizeh und dem modernen Grand Egyptian Museum. Sie erleben das Land der Pharaonen mit viel Zeit f\u00fcr [&hellip;]<\/p>","protected":false},"author":4,"featured_media":0,"parent":514,"menu_order":0,"comment_status":"closed","ping_status":"closed","template":"page-reise_detail.php","meta":{"_acf_changed":false,"inline_featured_image":false,"footnotes":""},"categories":[9,8],"tags":[78,98,97,151,154,152,155,150,153,95],"class_list":["post-68524","page","type-page","status-publish","hentry","category-private-selections","category-reisen","tag-afrika","tag-aegypten","tag-aegypten-luxusurlaub","tag-aegypten-rundreise","tag-heissluftballonfahrt-in-luxor","tag-kairo","tag-luxuskreufahrt","tag-nilkreuzfahrt","tag-oase-siwa","tag-unvergessliche-erlebnisse"],"acf":[],"_links":{"self":[{"href":"https:\/\/select-luxury.travel\/en\/wp-json\/wp\/v2\/pages\/68524","targetHints":{"allow":["GET"]}}],"collection":[{"href":"https:\/\/select-luxury.travel\/en\/wp-json\/wp\/v2\/pages"}],"about":[{"href":"https:\/\/select-luxury.travel\/en\/wp-json\/wp\/v2\/types\/page"}],"author":[{"embeddable":true,"href":"https:\/\/select-luxury.travel\/en\/wp-json\/wp\/v2\/users\/4"}],"replies":[{"embeddable":true,"href":"https:\/\/select-luxury.travel\/en\/wp-json\/wp\/v2\/comments?post=68524"}],"version-history":[{"count":62,"href":"https:\/\/select-luxury.travel\/en\/wp-json\/wp\/v2\/pages\/68524\/revisions"}],"predecessor-version":[{"id":69337,"href":"https:\/\/select-luxury.travel\/en\/wp-json\/wp\/v2\/pages\/68524\/revisions\/69337"}],"up":[{"embeddable":true,"href":"https:\/\/select-luxury.travel\/en\/wp-json\/wp\/v2\/pages\/514"}],"wp:attachment":[{"href":"https:\/\/select-luxury.travel\/en\/wp-json\/wp\/v2\/media?parent=68524"}],"wp:term":[{"taxonomy":"category","embeddable":true,"href":"https:\/\/select-luxury.travel\/en\/wp-json\/wp\/v2\/categories?post=68524"},{"taxonomy":"post_tag","embeddable":true,"href":"https:\/\/select-luxury.travel\/en\/wp-json\/wp\/v2\/tags?post=68524"}],"curies":[{"name":"wp","href":"https:\/\/api.w.org\/{rel}","templated":true}]}}