{"id":68187,"date":"2025-12-17T17:43:58","date_gmt":"2025-12-17T16:43:58","guid":{"rendered":"https:\/\/select-luxury.travel\/?page_id=68187"},"modified":"2026-04-28T16:23:02","modified_gmt":"2026-04-28T14:23:02","slug":"best-of-patagonia-2","status":"publish","type":"page","link":"https:\/\/select-luxury.travel\/en\/selections\/private\/best-of-patagonia-2","title":{"rendered":"Best of Patagonia"},"content":{"rendered":"<p><span class=\"text-braun\">A journey into the overwhelming vastness and untamed beauty of the south of South America<\/span><\/p>\n<p>To truly understand the majestic vastness of Patagonia and the almost untouched wilderness of Tierra del Fuego, you need one thing above all: time. Time to marvel, to discover and to pause. In the south of South America, you can expect landscapes of extraordinary beauty and powerful contrasts that can only be found here. UNESCO World Heritage Sites bear witness to the uniqueness of this region and leave lasting impressions. Legendary sea routes such as the Beagle Channel or the mysterious Fjord of Last Hope, rugged coastlines, thundering calving glaciers, bizarrely shaped mountain massifs and a deep azure sky form a breathtaking backdrop. In the Los Glaciares and Torres del Paine national parks, nature unfolds in its purest form: overwhelming, pristine and full of magic. This journey will captivate you and enrich you with unforgettable moments.<\/p>","protected":false},"excerpt":{"rendered":"<p>Eine Reise in die \u00fcberw\u00e4ltigende Weite und ungez\u00e4hmte Sch\u00f6nheit des S\u00fcdens S\u00fcdamerikas Um die majest\u00e4tische Weite Patagoniens und die nahezu unber\u00fchrte Wildnis Feuerlands wirklich zu begreifen, braucht es vor allem eines: Zeit. Zeit zum Staunen, zum Entdecken und zum Innehalten. Im S\u00fcden S\u00fcdamerikas erwarten Sie Landschaften von au\u00dfergew\u00f6hnlicher Sch\u00f6nheit und kraftvollen Kontrasten, wie man sie [&hellip;]<\/p>\n","protected":false},"author":3,"featured_media":0,"parent":514,"menu_order":0,"comment_status":"closed","ping_status":"closed","template":"page-reise_detail.php","meta":{"_acf_changed":false,"inline_featured_image":false,"footnotes":""},"categories":[9],"tags":[],"class_list":["post-68187","page","type-page","status-publish","hentry","category-private-selections"],"acf":[],"_links":{"self":[{"href":"https:\/\/select-luxury.travel\/en\/wp-json\/wp\/v2\/pages\/68187","targetHints":{"allow":["GET"]}}],"collection":[{"href":"https:\/\/select-luxury.travel\/en\/wp-json\/wp\/v2\/pages"}],"about":[{"href":"https:\/\/select-luxury.travel\/en\/wp-json\/wp\/v2\/types\/page"}],"author":[{"embeddable":true,"href":"https:\/\/select-luxury.travel\/en\/wp-json\/wp\/v2\/users\/3"}],"replies":[{"embeddable":true,"href":"https:\/\/select-luxury.travel\/en\/wp-json\/wp\/v2\/comments?post=68187"}],"version-history":[{"count":19,"href":"https:\/\/select-luxury.travel\/en\/wp-json\/wp\/v2\/pages\/68187\/revisions"}],"predecessor-version":[{"id":70329,"href":"https:\/\/select-luxury.travel\/en\/wp-json\/wp\/v2\/pages\/68187\/revisions\/70329"}],"up":[{"embeddable":true,"href":"https:\/\/select-luxury.travel\/en\/wp-json\/wp\/v2\/pages\/514"}],"wp:attachment":[{"href":"https:\/\/select-luxury.travel\/en\/wp-json\/wp\/v2\/media?parent=68187"}],"wp:term":[{"taxonomy":"category","embeddable":true,"href":"https:\/\/select-luxury.travel\/en\/wp-json\/wp\/v2\/categories?post=68187"},{"taxonomy":"post_tag","embeddable":true,"href":"https:\/\/select-luxury.travel\/en\/wp-json\/wp\/v2\/tags?post=68187"}],"curies":[{"name":"wp","href":"https:\/\/api.w.org\/{rel}","templated":true}]}}