{"id":67902,"date":"2025-12-04T14:27:08","date_gmt":"2025-12-04T13:27:08","guid":{"rendered":"https:\/\/select-luxury.travel\/?page_id=67902"},"modified":"2026-03-13T13:39:33","modified_gmt":"2026-03-13T12:39:33","slug":"peru-bolivia-and-ecuador-with-galapagos-islands","status":"publish","type":"page","link":"https:\/\/select-luxury.travel\/en\/selections\/private\/peru-bolivia-and-ecuador-with-galapagos-islands","title":{"rendered":"Peru, Bolivia and Ecuador with Galapagos Islands"},"content":{"rendered":"<p><span class=\"text-braun\">An unforgettable journey of discovery: Culture, nature and wildlife in South America<\/span><\/p>\n<p>This extraordinary journey through South America combines the cultural treasures of Peru, Bolivia and Ecuador with natural wonders such as the Colca Canyon, Lake Titicaca, the Salar de Uyuni, the Andes and the Galapagos Islands. You will experience colonial old towns, pre-Columbian history, impressive volcanic landscapes and lively traditions. Highlights include the legendary Inca site of Machu Picchu, the endless expanses of the Uyuni salt lake and the unique wildlife of the Galapagos Islands, which you will explore by yacht. Comfortable hotels, private guides and carefully selected experiences make this trip an intensive, varied journey of discovery full of scenic and cultural highlights.<\/p>","protected":false},"excerpt":{"rendered":"<p>Unvergessliche Entdeckungsreise: Kultur, Natur und Tierwelt in S\u00fcdamerika Diese au\u00dfergew\u00f6hnliche Reise durch S\u00fcdamerika verbindet die kulturellen Sch\u00e4tze Perus, Boliviens und Ecuadors mit Naturwundern wie dem Colca-Canyon, dem Titicacasee, dem Salar de Uyuni, den Anden und den Galapagos-Inseln. Sie erleben koloniale Altst\u00e4dte, pr\u00e4kolumbische Geschichte, beeindruckende Vulkanlandschaften und lebendige Traditionen. H\u00f6hepunkte sind die legend\u00e4re Inkast\u00e4tte Machu Picchu, [&hellip;]<\/p>","protected":false},"author":3,"featured_media":0,"parent":514,"menu_order":0,"comment_status":"closed","ping_status":"closed","template":"page-reise_detail.php","meta":{"_acf_changed":false,"inline_featured_image":false,"footnotes":""},"categories":[9,8],"tags":[],"class_list":["post-67902","page","type-page","status-publish","hentry","category-private-selections","category-reisen"],"acf":[],"_links":{"self":[{"href":"https:\/\/select-luxury.travel\/en\/wp-json\/wp\/v2\/pages\/67902","targetHints":{"allow":["GET"]}}],"collection":[{"href":"https:\/\/select-luxury.travel\/en\/wp-json\/wp\/v2\/pages"}],"about":[{"href":"https:\/\/select-luxury.travel\/en\/wp-json\/wp\/v2\/types\/page"}],"author":[{"embeddable":true,"href":"https:\/\/select-luxury.travel\/en\/wp-json\/wp\/v2\/users\/3"}],"replies":[{"embeddable":true,"href":"https:\/\/select-luxury.travel\/en\/wp-json\/wp\/v2\/comments?post=67902"}],"version-history":[{"count":14,"href":"https:\/\/select-luxury.travel\/en\/wp-json\/wp\/v2\/pages\/67902\/revisions"}],"predecessor-version":[{"id":69276,"href":"https:\/\/select-luxury.travel\/en\/wp-json\/wp\/v2\/pages\/67902\/revisions\/69276"}],"up":[{"embeddable":true,"href":"https:\/\/select-luxury.travel\/en\/wp-json\/wp\/v2\/pages\/514"}],"wp:attachment":[{"href":"https:\/\/select-luxury.travel\/en\/wp-json\/wp\/v2\/media?parent=67902"}],"wp:term":[{"taxonomy":"category","embeddable":true,"href":"https:\/\/select-luxury.travel\/en\/wp-json\/wp\/v2\/categories?post=67902"},{"taxonomy":"post_tag","embeddable":true,"href":"https:\/\/select-luxury.travel\/en\/wp-json\/wp\/v2\/tags?post=67902"}],"curies":[{"name":"wp","href":"https:\/\/api.w.org\/{rel}","templated":true}]}}