{"id":67824,"date":"2025-11-25T15:08:05","date_gmt":"2025-11-25T14:08:05","guid":{"rendered":"https:\/\/select-luxury.travel\/?page_id=67824"},"modified":"2026-03-13T13:53:16","modified_gmt":"2026-03-13T12:53:16","slug":"experience-luxury-peru","status":"publish","type":"page","link":"https:\/\/select-luxury.travel\/en\/selections\/private\/experience-luxury-peru","title":{"rendered":"Peru intensively overland"},"content":{"rendered":"<p><span class=\"text-braun\">An unforgettable journey of discovery through the heart of Peru<\/span><\/p>\n<p>This extraordinary Peru trip takes you from the colonial sites of Lima to the fascinating Ballestas Islands, the \u201elittle Gal\u00e1pagos\u201c, to the enigmatic Nazca Lines, which you marvel at from the air. Along the Panamericana you will discover coastal beaches, fertile valleys and the white city of Arequipa with its markets, a cookery show and the impressive Sillar quarries. Continue to the majestic Colca Canyon and the tranquil shores of Lake Titicaca with the islands of Uros and Taquile. In Cusco, colonial treasures and the spiritual world of the Incas await you before you travel to the Sacred Valley on the luxury Hiram Bingham train and experience Machu Picchu almost to yourself at sunset and in the mystical morning light.<\/p>","protected":false},"excerpt":{"rendered":"<p>Eine unvergessliche Entdeckungsreise durch das Herz Perus Diese au\u00dfergew\u00f6hnliche Peru-Reise f\u00fchrt Sie von den kolonialen Pl\u00e4tzen Limas \u00fcber die faszinierenden Ballestas-Inseln, das \u201ekleine Gal\u00e1pagos\u201c, bis zu den r\u00e4tselhaften Nazca-Linien, die Sie aus der Luft bestaunen. Entlang der Panamericana entdecken Sie K\u00fcstenstr\u00e4nde, fruchtbare T\u00e4ler und die wei\u00dfe Stadt Arequipa mit ihren M\u00e4rkten, einer Kochshow und den [&hellip;]<\/p>","protected":false},"author":3,"featured_media":0,"parent":514,"menu_order":0,"comment_status":"closed","ping_status":"closed","template":"page-reise_detail.php","meta":{"_acf_changed":false,"inline_featured_image":false,"footnotes":""},"categories":[9,8],"tags":[],"class_list":["post-67824","page","type-page","status-publish","hentry","category-private-selections","category-reisen"],"acf":[],"_links":{"self":[{"href":"https:\/\/select-luxury.travel\/en\/wp-json\/wp\/v2\/pages\/67824","targetHints":{"allow":["GET"]}}],"collection":[{"href":"https:\/\/select-luxury.travel\/en\/wp-json\/wp\/v2\/pages"}],"about":[{"href":"https:\/\/select-luxury.travel\/en\/wp-json\/wp\/v2\/types\/page"}],"author":[{"embeddable":true,"href":"https:\/\/select-luxury.travel\/en\/wp-json\/wp\/v2\/users\/3"}],"replies":[{"embeddable":true,"href":"https:\/\/select-luxury.travel\/en\/wp-json\/wp\/v2\/comments?post=67824"}],"version-history":[{"count":27,"href":"https:\/\/select-luxury.travel\/en\/wp-json\/wp\/v2\/pages\/67824\/revisions"}],"predecessor-version":[{"id":69281,"href":"https:\/\/select-luxury.travel\/en\/wp-json\/wp\/v2\/pages\/67824\/revisions\/69281"}],"up":[{"embeddable":true,"href":"https:\/\/select-luxury.travel\/en\/wp-json\/wp\/v2\/pages\/514"}],"wp:attachment":[{"href":"https:\/\/select-luxury.travel\/en\/wp-json\/wp\/v2\/media?parent=67824"}],"wp:term":[{"taxonomy":"category","embeddable":true,"href":"https:\/\/select-luxury.travel\/en\/wp-json\/wp\/v2\/categories?post=67824"},{"taxonomy":"post_tag","embeddable":true,"href":"https:\/\/select-luxury.travel\/en\/wp-json\/wp\/v2\/tags?post=67824"}],"curies":[{"name":"wp","href":"https:\/\/api.w.org\/{rel}","templated":true}]}}