{"id":67677,"date":"2025-11-20T13:48:10","date_gmt":"2025-11-20T12:48:10","guid":{"rendered":"https:\/\/select-luxury.travel\/?page_id=67677"},"modified":"2026-03-13T13:41:58","modified_gmt":"2026-03-13T12:41:58","slug":"discover-south-americas-treasures","status":"publish","type":"page","link":"https:\/\/select-luxury.travel\/en\/selections\/private\/discover-south-americas-treasures","title":{"rendered":"Best of Ecuador with Galapagos &amp; Amazonas"},"content":{"rendered":"<p><span class=\"text-braun\">Ecuador, Galapagos &amp; Amazonas<\/span><\/p>\n<p data-start=\"55\" data-end=\"323\">This exclusive trip combines culture, nature and comfort. In Quito, you will spend the night right next to the historic Plaza San Francisco and discover the colonial old town, the Equator Monument and the Andean markets of Otavalo, the Andean village of Peguche and the Hacienda Pinsaqui.<\/p>\n<p data-start=\"325\" data-end=\"616\">You then fly to the Galapagos Islands and board the luxurious yacht La Pinta, where wildlife watching, snorkelling and kayaking are on the programme. Encounters with marine iguanas, sea lions, frigate birds and giant tortoises make every day unforgettable.<\/p>\n<p data-start=\"618\" data-end=\"975\">Finally, we head to the Ecuadorian Amazon. From Coca, you will travel downstream in canoes to the Manatee Amazon Explorer. Comfortable cabins, gourmet cuisine and excursions into the Yasuni National Park await you there, including encounters with river dolphins, squirrel monkeys, manatees and toucans as well as a barbecue in the middle of the rainforest.<\/p>","protected":false},"excerpt":{"rendered":"<p>Ecuador, Galapagos &amp; Amazonas Diese exklusive Reise verbindet Kultur, Natur und Komfort. In Quito n\u00e4chtigen Sie direkt an der historischen Plaza San Francisco und entdecken die koloniale Altstadt, das \u00c4quatordenkmal sowie die Andenm\u00e4rkte von Otavalo, das Andendorf Peguche und die Hacienda Pinsaqui. Anschlie\u00dfend fliegen Sie auf die Galapagos-Inseln und gehen an Bord der luxuri\u00f6sen Yacht [&hellip;]<\/p>","protected":false},"author":11,"featured_media":67764,"parent":514,"menu_order":0,"comment_status":"closed","ping_status":"closed","template":"page-reise_detail.php","meta":{"_acf_changed":false,"inline_featured_image":false,"footnotes":""},"categories":[9,8],"tags":[],"class_list":["post-67677","page","type-page","status-publish","has-post-thumbnail","hentry","category-private-selections","category-reisen"],"acf":[],"_links":{"self":[{"href":"https:\/\/select-luxury.travel\/en\/wp-json\/wp\/v2\/pages\/67677","targetHints":{"allow":["GET"]}}],"collection":[{"href":"https:\/\/select-luxury.travel\/en\/wp-json\/wp\/v2\/pages"}],"about":[{"href":"https:\/\/select-luxury.travel\/en\/wp-json\/wp\/v2\/types\/page"}],"author":[{"embeddable":true,"href":"https:\/\/select-luxury.travel\/en\/wp-json\/wp\/v2\/users\/11"}],"replies":[{"embeddable":true,"href":"https:\/\/select-luxury.travel\/en\/wp-json\/wp\/v2\/comments?post=67677"}],"version-history":[{"count":26,"href":"https:\/\/select-luxury.travel\/en\/wp-json\/wp\/v2\/pages\/67677\/revisions"}],"predecessor-version":[{"id":69277,"href":"https:\/\/select-luxury.travel\/en\/wp-json\/wp\/v2\/pages\/67677\/revisions\/69277"}],"up":[{"embeddable":true,"href":"https:\/\/select-luxury.travel\/en\/wp-json\/wp\/v2\/pages\/514"}],"wp:featuredmedia":[{"embeddable":true,"href":"https:\/\/select-luxury.travel\/en\/wp-json\/wp\/v2\/media\/67764"}],"wp:attachment":[{"href":"https:\/\/select-luxury.travel\/en\/wp-json\/wp\/v2\/media?parent=67677"}],"wp:term":[{"taxonomy":"category","embeddable":true,"href":"https:\/\/select-luxury.travel\/en\/wp-json\/wp\/v2\/categories?post=67677"},{"taxonomy":"post_tag","embeddable":true,"href":"https:\/\/select-luxury.travel\/en\/wp-json\/wp\/v2\/tags?post=67677"}],"curies":[{"name":"wp","href":"https:\/\/api.w.org\/{rel}","templated":true}]}}