{"id":67445,"date":"2025-10-31T12:27:47","date_gmt":"2025-10-31T11:27:47","guid":{"rendered":"https:\/\/select-luxury.travel\/?page_id=67445"},"modified":"2026-03-12T13:23:30","modified_gmt":"2026-03-12T12:23:30","slug":"christmas-in-new-york","status":"publish","type":"page","link":"https:\/\/select-luxury.travel\/en\/selections\/private\/christmas-in-new-york","title":{"rendered":"Christmas Shopping New York"},"content":{"rendered":"<p><span class=\"text-braun\">The Big Apple in festive splendour for Advent, the holidays or New Year's Eve<\/span><\/p>\n<p>Experience New York City in its magical pre-Christmas season, when the city is ablaze with lights and the famous Christmas tree at Rockefeller Center makes for unforgettable moments. This exclusive luxury trip combines first-class comfort and private guided tours with unique experiences: Enjoy art away from the crowds in museums such as the MoMA or the Frick Collection, spectacular views from Summit One Vanderbilt and Top of the Rock as well as an unforgettable helicopter flight over Manhattan. At the same time, there is time for your own discoveries - stroll through the festively decorated streets, experience shopping on Fifth Avenue, explore trendy neighbourhoods or enjoy entertainment and Broadway shows. A perfect blend of culture, luxury, glittering lights and urban flair awaits you in the city that never sleeps. You can also spend Christmas in New York or celebrate New Year's Eve and welcome the New Year here in the Big Apple! We will be happy to advise you in detail.  <\/p>","protected":false},"excerpt":{"rendered":"<p>Big Apple im festlichen Glanz zum Advent, zu den Feiertagen oder Silvester Erleben Sie New York City in seiner magischen Vorweihnachtszeit, wenn die Stadt im Lichterglanz erstrahlt und der ber\u00fchmte Weihnachtsbaum am Rockefeller Center f\u00fcr unvergessliche Momente sorgt. Diese exklusive Luxusreise kombiniert erstklassigen Komfort und private F\u00fchrungen mit einzigartigen Erlebnissen: Genie\u00dfen Sie Kunst abseits der [&hellip;]<\/p>","protected":false},"author":4,"featured_media":0,"parent":514,"menu_order":0,"comment_status":"closed","ping_status":"closed","template":"page-reise_detail_wams.php","meta":{"_acf_changed":false,"inline_featured_image":false,"footnotes":""},"categories":[9,8],"tags":[],"class_list":["post-67445","page","type-page","status-publish","hentry","category-private-selections","category-reisen"],"acf":[],"_links":{"self":[{"href":"https:\/\/select-luxury.travel\/en\/wp-json\/wp\/v2\/pages\/67445","targetHints":{"allow":["GET"]}}],"collection":[{"href":"https:\/\/select-luxury.travel\/en\/wp-json\/wp\/v2\/pages"}],"about":[{"href":"https:\/\/select-luxury.travel\/en\/wp-json\/wp\/v2\/types\/page"}],"author":[{"embeddable":true,"href":"https:\/\/select-luxury.travel\/en\/wp-json\/wp\/v2\/users\/4"}],"replies":[{"embeddable":true,"href":"https:\/\/select-luxury.travel\/en\/wp-json\/wp\/v2\/comments?post=67445"}],"version-history":[{"count":41,"href":"https:\/\/select-luxury.travel\/en\/wp-json\/wp\/v2\/pages\/67445\/revisions"}],"predecessor-version":[{"id":69248,"href":"https:\/\/select-luxury.travel\/en\/wp-json\/wp\/v2\/pages\/67445\/revisions\/69248"}],"up":[{"embeddable":true,"href":"https:\/\/select-luxury.travel\/en\/wp-json\/wp\/v2\/pages\/514"}],"wp:attachment":[{"href":"https:\/\/select-luxury.travel\/en\/wp-json\/wp\/v2\/media?parent=67445"}],"wp:term":[{"taxonomy":"category","embeddable":true,"href":"https:\/\/select-luxury.travel\/en\/wp-json\/wp\/v2\/categories?post=67445"},{"taxonomy":"post_tag","embeddable":true,"href":"https:\/\/select-luxury.travel\/en\/wp-json\/wp\/v2\/tags?post=67445"}],"curies":[{"name":"wp","href":"https:\/\/api.w.org\/{rel}","templated":true}]}}