{"id":67217,"date":"2025-10-14T08:59:50","date_gmt":"2025-10-14T06:59:50","guid":{"rendered":"https:\/\/select-luxury.travel\/?page_id=67217"},"modified":"2026-03-12T12:55:43","modified_gmt":"2026-03-12T11:55:43","slug":"to-the-caribbean-by-private-plane","status":"publish","type":"page","link":"https:\/\/select-luxury.travel\/en\/selections\/private\/to-the-caribbean-by-private-plane","title":{"rendered":"To the Bahamas by private plane"},"content":{"rendered":"<p><span class=\"text-braun\">Caribbean feeling: from Florida to the Bahamas, for private pilots and passengers<\/span><\/p>\n<p>This trip combines a passion for flying with a paradisiacal island feeling in the Bahamas, boundless freedom and days full of sun, turquoise-coloured sea and the typical flair of flying.<br \/>\nNote: This trip is aimed at flight enthusiasts with a valid private pilot's licence and experience in a small aircraft who are up for an extraordinary adventure. An American FAA licence or a European PPL-A licence (EASA) is required, which can then be revalidated in the USA, as well as a valid medical (airworthiness certificate \/ class 2 is sufficient). You will also need a valid radiotelephony licence that enables you to operate in English. (BFZ 1 or AZF). You should also have approx. 150 hours of flying experience. If you would like to go on the trip without your own pilot's licence, we will organise a pilot to fly the private aircraft for you.<\/p>","protected":false},"excerpt":{"rendered":"<p>Karibik-Feeling: von Florida zu den Bahamas, f\u00fcr Privatiloten und Mitflieger Diese Reise kombiniert die Leidenschaft f\u00fcr das Fliegen mit paradiesischem Inselfeeling auf den Bahamas, grenzenloser Freiheit und Tagen voller Sonne, t\u00fcrkisfarbenem Meer und das typische Flair des Fliegens. Hinweis: Diese Reise richtet sich an Flugenthusiasten mit g\u00fcltiger Privatpilotenlizenz und Erfahrung im Kleinflugzeug, die Lust auf [&hellip;]<\/p>","protected":false},"author":4,"featured_media":0,"parent":514,"menu_order":0,"comment_status":"closed","ping_status":"closed","template":"page-reise_detail_wams.php","meta":{"_acf_changed":false,"inline_featured_image":false,"footnotes":""},"categories":[12,9],"tags":[149],"class_list":["post-67217","page","type-page","status-publish","hentry","category-island-selections","category-private-selections","tag-karibik-feeling-auf-den-bahamas-fuer-piloten"],"acf":[],"_links":{"self":[{"href":"https:\/\/select-luxury.travel\/en\/wp-json\/wp\/v2\/pages\/67217","targetHints":{"allow":["GET"]}}],"collection":[{"href":"https:\/\/select-luxury.travel\/en\/wp-json\/wp\/v2\/pages"}],"about":[{"href":"https:\/\/select-luxury.travel\/en\/wp-json\/wp\/v2\/types\/page"}],"author":[{"embeddable":true,"href":"https:\/\/select-luxury.travel\/en\/wp-json\/wp\/v2\/users\/4"}],"replies":[{"embeddable":true,"href":"https:\/\/select-luxury.travel\/en\/wp-json\/wp\/v2\/comments?post=67217"}],"version-history":[{"count":34,"href":"https:\/\/select-luxury.travel\/en\/wp-json\/wp\/v2\/pages\/67217\/revisions"}],"predecessor-version":[{"id":69235,"href":"https:\/\/select-luxury.travel\/en\/wp-json\/wp\/v2\/pages\/67217\/revisions\/69235"}],"up":[{"embeddable":true,"href":"https:\/\/select-luxury.travel\/en\/wp-json\/wp\/v2\/pages\/514"}],"wp:attachment":[{"href":"https:\/\/select-luxury.travel\/en\/wp-json\/wp\/v2\/media?parent=67217"}],"wp:term":[{"taxonomy":"category","embeddable":true,"href":"https:\/\/select-luxury.travel\/en\/wp-json\/wp\/v2\/categories?post=67217"},{"taxonomy":"post_tag","embeddable":true,"href":"https:\/\/select-luxury.travel\/en\/wp-json\/wp\/v2\/tags?post=67217"}],"curies":[{"name":"wp","href":"https:\/\/api.w.org\/{rel}","templated":true}]}}