{"id":67150,"date":"2025-10-10T10:38:03","date_gmt":"2025-10-10T08:38:03","guid":{"rendered":"https:\/\/select-luxury.travel\/?page_id=67150"},"modified":"2026-03-12T13:32:01","modified_gmt":"2026-03-12T12:32:01","slug":"best-of-patagonia","status":"publish","type":"page","link":"https:\/\/select-luxury.travel\/en\/selections\/private\/best-of-patagonia","title":{"rendered":"Best of Patagonia"},"content":{"rendered":"<p><span class=\"text-braun\">Breathtaking landscapes in a world full of contrasts<\/span><\/p>\n<p>The marvellous contrasts and impressive nature in the south of South America are unique. The UNESCO World Heritage Sites are very impressive! Legendary sea passages such as the Beagle Channel or the Fjord of Last Hope, wild coastal scenery, calving glaciers, bizarre mountains, azure blue skies and fascinating natural beauty in the national parks of Los Glaciares and Torres del Paine will captivate you and leave you marvelling at an overwhelming, vast and unusual landscape.<\/p>","protected":false},"excerpt":{"rendered":"<p>Atemberaubende Landschaften in einer Welt voller Kontraste Die gro\u00dfartigen Kontraste und die beeindruckende Natur im S\u00fcden S\u00fcdamerikas sind einzigartig. Die UNESCO Welterbe-St\u00e4tten beeindrucken sehr! Legend\u00e4ren Meerespassagen wie Beagle Kanal oder Fjord der Letzten Hoffnung, wilde K\u00fcstenszenarien, kalbende Gletscher, bizarre Berge, azurblauer Himmel und faszinierende Natursch\u00f6nheiten in den Nationalparks von Los Glaciares und Torres del Paine [&hellip;]<\/p>","protected":false},"author":3,"featured_media":67160,"parent":514,"menu_order":0,"comment_status":"closed","ping_status":"closed","template":"page-reise_detail.php","meta":{"_acf_changed":false,"inline_featured_image":false,"footnotes":""},"categories":[9,8],"tags":[],"class_list":["post-67150","page","type-page","status-publish","has-post-thumbnail","hentry","category-private-selections","category-reisen"],"acf":[],"_links":{"self":[{"href":"https:\/\/select-luxury.travel\/en\/wp-json\/wp\/v2\/pages\/67150","targetHints":{"allow":["GET"]}}],"collection":[{"href":"https:\/\/select-luxury.travel\/en\/wp-json\/wp\/v2\/pages"}],"about":[{"href":"https:\/\/select-luxury.travel\/en\/wp-json\/wp\/v2\/types\/page"}],"author":[{"embeddable":true,"href":"https:\/\/select-luxury.travel\/en\/wp-json\/wp\/v2\/users\/3"}],"replies":[{"embeddable":true,"href":"https:\/\/select-luxury.travel\/en\/wp-json\/wp\/v2\/comments?post=67150"}],"version-history":[{"count":18,"href":"https:\/\/select-luxury.travel\/en\/wp-json\/wp\/v2\/pages\/67150\/revisions"}],"predecessor-version":[{"id":69252,"href":"https:\/\/select-luxury.travel\/en\/wp-json\/wp\/v2\/pages\/67150\/revisions\/69252"}],"up":[{"embeddable":true,"href":"https:\/\/select-luxury.travel\/en\/wp-json\/wp\/v2\/pages\/514"}],"wp:featuredmedia":[{"embeddable":true,"href":"https:\/\/select-luxury.travel\/en\/wp-json\/wp\/v2\/media\/67160"}],"wp:attachment":[{"href":"https:\/\/select-luxury.travel\/en\/wp-json\/wp\/v2\/media?parent=67150"}],"wp:term":[{"taxonomy":"category","embeddable":true,"href":"https:\/\/select-luxury.travel\/en\/wp-json\/wp\/v2\/categories?post=67150"},{"taxonomy":"post_tag","embeddable":true,"href":"https:\/\/select-luxury.travel\/en\/wp-json\/wp\/v2\/tags?post=67150"}],"curies":[{"name":"wp","href":"https:\/\/api.w.org\/{rel}","templated":true}]}}