{"id":67086,"date":"2025-10-09T10:59:20","date_gmt":"2025-10-09T08:59:20","guid":{"rendered":"https:\/\/select-luxury.travel\/?page_id=67086"},"modified":"2026-01-30T18:00:48","modified_gmt":"2026-01-30T17:00:48","slug":"armenia","status":"publish","type":"page","link":"https:\/\/select-luxury.travel\/en\/selections\/private\/armenia","title":{"rendered":"Armenia"},"content":{"rendered":"<p><span class=\"text-braun\">Culture, nature and enjoyment in the heart of the Caucasus<\/span><\/p>\n<p>Armenia - a country full of myths, history and warm hospitality. Nestled between the Lesser Caucasus and the Ararat Plain, a landscape unfolds that is as rugged as it is poetic: vast plateaus, deeply carved gorges, emerald green forests and tranquil mountain lakes. But Armenia is more than just nature - it is a place of living culture, millennia-old spirituality and silent wonders. In ancient monasteries you will feel the power of faith, in hospitable villages you will discover the pride of a nation that can look back on over 3000 years of history. This extraordinary journey takes you to hand-picked boutique hotels, offers you exclusive encounters and culinary highlights and lets you marvel at the country's cultural and scenic treasures. You will experience Armenia not just as a travel destination - but as an experience that touches, inspires and resonates.<\/p>","protected":false},"excerpt":{"rendered":"<p>Kultur, Natur und Genuss im Herzen des Kaukasus Armenien \u2013 ein Land voller Mythen, Geschichte und herzlicher Gastfreundschaft. Eingebettet zwischen Kleinem Kaukasus und Ararat-Ebene entfaltet sich eine Landschaft, die gleicherma\u00dfen rau wie poetisch ist: weite Hochebenen, tief eingeschnittene Schluchten, smaragdgr\u00fcne W\u00e4lder und stille Bergseen. Doch Armenien ist mehr als nur Natur \u2013 es ist ein [&hellip;]<\/p>","protected":false},"author":3,"featured_media":67118,"parent":514,"menu_order":0,"comment_status":"closed","ping_status":"closed","template":"page-reise_detail.php","meta":{"_acf_changed":false,"inline_featured_image":false,"footnotes":""},"categories":[9,8],"tags":[],"class_list":["post-67086","page","type-page","status-publish","has-post-thumbnail","hentry","category-private-selections","category-reisen"],"acf":[],"_links":{"self":[{"href":"https:\/\/select-luxury.travel\/en\/wp-json\/wp\/v2\/pages\/67086","targetHints":{"allow":["GET"]}}],"collection":[{"href":"https:\/\/select-luxury.travel\/en\/wp-json\/wp\/v2\/pages"}],"about":[{"href":"https:\/\/select-luxury.travel\/en\/wp-json\/wp\/v2\/types\/page"}],"author":[{"embeddable":true,"href":"https:\/\/select-luxury.travel\/en\/wp-json\/wp\/v2\/users\/3"}],"replies":[{"embeddable":true,"href":"https:\/\/select-luxury.travel\/en\/wp-json\/wp\/v2\/comments?post=67086"}],"version-history":[{"count":11,"href":"https:\/\/select-luxury.travel\/en\/wp-json\/wp\/v2\/pages\/67086\/revisions"}],"predecessor-version":[{"id":68440,"href":"https:\/\/select-luxury.travel\/en\/wp-json\/wp\/v2\/pages\/67086\/revisions\/68440"}],"up":[{"embeddable":true,"href":"https:\/\/select-luxury.travel\/en\/wp-json\/wp\/v2\/pages\/514"}],"wp:featuredmedia":[{"embeddable":true,"href":"https:\/\/select-luxury.travel\/en\/wp-json\/wp\/v2\/media\/67118"}],"wp:attachment":[{"href":"https:\/\/select-luxury.travel\/en\/wp-json\/wp\/v2\/media?parent=67086"}],"wp:term":[{"taxonomy":"category","embeddable":true,"href":"https:\/\/select-luxury.travel\/en\/wp-json\/wp\/v2\/categories?post=67086"},{"taxonomy":"post_tag","embeddable":true,"href":"https:\/\/select-luxury.travel\/en\/wp-json\/wp\/v2\/tags?post=67086"}],"curies":[{"name":"wp","href":"https:\/\/api.w.org\/{rel}","templated":true}]}}