{"id":66931,"date":"2025-08-28T12:39:10","date_gmt":"2025-08-28T10:39:10","guid":{"rendered":"https:\/\/select-luxury.travel\/?page_id=66931"},"modified":"2026-03-14T16:51:16","modified_gmt":"2026-03-14T15:51:16","slug":"egyptoberoizahra","status":"publish","type":"page","link":"https:\/\/select-luxury.travel\/en\/selections\/cruise\/aegyptenoberoizahra","title":{"rendered":"Experience Egypt <br \/>on board the Oberoi Zahra"},"content":{"rendered":"<p><span class=\"text-braun\">Nile cruise in a class of its own: Aswan to Luxor<\/span><\/p>\n<p>Experience Egypt's fascinating culture in its most exclusive form - stylish, comfortable and unforgettable. In Cairo, the majestic pyramids of Giza, the mysterious Sphinx and the treasures of the Grand Egyptian Museum await you before you relax in the luxurious St. Regis with a view of the Nile.<br \/>\nIn Aswan, you will stay at the legendary Old Cataract Hotel, where colonial charm meets modern comfort.<br \/>\nOn board the Oberoi Zahra, you will glide along the Nile to the temples of Philae, Karnak and Luxor - a highlight is the balloon ride over Luxor in the golden morning light. Finally, enjoy peace and pleasure at The Chedi El Gouna on the Red Sea - with turquoise-coloured lagoons, fine cuisine and consummate ease. This trip combines culture and luxury at the highest level - an experience to remember.<\/p>","protected":false},"excerpt":{"rendered":"<p>Nilkreuzfahrt der Extraklasse: Assuan bis Luxor Erleben Sie \u00c4gyptens faszinierende Kultur in ihrer exklusivsten Form \u2013 stilvoll, komfortabel und unvergesslich. In Kairo erwarten Sie die majest\u00e4tischen Pyramiden von Gizeh, die geheimnisvolle Sphinx und die Sch\u00e4tze des Grand Egyptian Museum, bevor Sie im luxuri\u00f6sen St. Regis mit Nilblick entspannen. In Assuan residieren Sie im legend\u00e4ren Old [&hellip;]<\/p>\n","protected":false},"author":4,"featured_media":0,"parent":627,"menu_order":0,"comment_status":"closed","ping_status":"closed","template":"page-reise_detail.php","meta":{"_acf_changed":false,"inline_featured_image":false,"footnotes":""},"categories":[54,11,8],"tags":[],"class_list":["post-66931","page","type-page","status-publish","hentry","category-alleinige-kreuzfahrt","category-cruise-selections","category-reisen"],"acf":[],"_links":{"self":[{"href":"https:\/\/select-luxury.travel\/en\/wp-json\/wp\/v2\/pages\/66931","targetHints":{"allow":["GET"]}}],"collection":[{"href":"https:\/\/select-luxury.travel\/en\/wp-json\/wp\/v2\/pages"}],"about":[{"href":"https:\/\/select-luxury.travel\/en\/wp-json\/wp\/v2\/types\/page"}],"author":[{"embeddable":true,"href":"https:\/\/select-luxury.travel\/en\/wp-json\/wp\/v2\/users\/4"}],"replies":[{"embeddable":true,"href":"https:\/\/select-luxury.travel\/en\/wp-json\/wp\/v2\/comments?post=66931"}],"version-history":[{"count":19,"href":"https:\/\/select-luxury.travel\/en\/wp-json\/wp\/v2\/pages\/66931\/revisions"}],"predecessor-version":[{"id":69413,"href":"https:\/\/select-luxury.travel\/en\/wp-json\/wp\/v2\/pages\/66931\/revisions\/69413"}],"up":[{"embeddable":true,"href":"https:\/\/select-luxury.travel\/en\/wp-json\/wp\/v2\/pages\/627"}],"wp:attachment":[{"href":"https:\/\/select-luxury.travel\/en\/wp-json\/wp\/v2\/media?parent=66931"}],"wp:term":[{"taxonomy":"category","embeddable":true,"href":"https:\/\/select-luxury.travel\/en\/wp-json\/wp\/v2\/categories?post=66931"},{"taxonomy":"post_tag","embeddable":true,"href":"https:\/\/select-luxury.travel\/en\/wp-json\/wp\/v2\/tags?post=66931"}],"curies":[{"name":"wp","href":"https:\/\/api.w.org\/{rel}","templated":true}]}}