{"id":66913,"date":"2025-08-13T15:50:17","date_gmt":"2025-08-13T13:50:17","guid":{"rendered":"https:\/\/select-luxury.travel\/?page_id=66913"},"modified":"2026-03-25T09:52:15","modified_gmt":"2026-03-25T08:52:15","slug":"5-one-only-cape-town","status":"publish","type":"page","link":"https:\/\/select-luxury.travel\/en\/selections\/private\/5-one-only-cape-town","title":{"rendered":"5\u2605 One&amp;Only Cape Town"},"content":{"rendered":"<p><span class=\"text-braun\">Die Zimmer und Suiten des Resorts z\u00e4hlen als die gr\u00f6\u00dften von Kapstadt<\/span><\/p>\n<p>Das One&#038;Only Cape Town z\u00e4hlt zu den exklusivsten Adressen der Stadt und begeistert mit seiner einzigartigen Lage an der Victoria &#038; Alfred Waterfront. Mit Blick auf den imposanten Tafelberg und umgeben von glitzernden Wasserwegen vereint das Resort urbanen Lifestyle mit der Ruhe einer privaten Oase. Gro\u00dfz\u00fcgige Zimmer und Suiten \u2013 die gr\u00f6\u00dften der Stadt \u2013, ein preisgekr\u00f6ntes Spa auf einer eigenen Insel, erstklassige Restaurants sowie weitl\u00e4ufige Poollandschaften bieten Paaren, Familien und Genussreisenden stilvolle R\u00fcckzugsorte auf h\u00f6chstem Niveau. Trotz seines modernen, luxuri\u00f6sen Anspruchs bewahrt das Hotel eine entspannte, einladende Atmosph\u00e4re und verbindet s\u00fcdafrikanisches Flair mit internationaler Eleganz \u2013 ein besonderer Ort, der Kapstadt von seiner sch\u00f6nsten Seite erlebbar macht.<\/p>","protected":false},"excerpt":{"rendered":"<p>Die Zimmer und Suiten des Resorts z\u00e4hlen als die gr\u00f6\u00dften von Kapstadt Das One&#038;Only Cape Town z\u00e4hlt zu den exklusivsten Adressen der Stadt und begeistert mit seiner einzigartigen Lage an der Victoria &#038; Alfred Waterfront. Mit Blick auf den imposanten Tafelberg und umgeben von glitzernden Wasserwegen vereint das Resort urbanen Lifestyle mit der Ruhe einer [&hellip;]<\/p>","protected":false},"author":4,"featured_media":0,"parent":514,"menu_order":0,"comment_status":"closed","ping_status":"closed","template":"page-reise_detail5.php","meta":{"_acf_changed":false,"inline_featured_image":false,"footnotes":""},"categories":[61,9],"tags":[],"class_list":["post-66913","page","type-page","status-publish","hentry","category-luxuryhotels","category-private-selections"],"acf":[],"_links":{"self":[{"href":"https:\/\/select-luxury.travel\/en\/wp-json\/wp\/v2\/pages\/66913","targetHints":{"allow":["GET"]}}],"collection":[{"href":"https:\/\/select-luxury.travel\/en\/wp-json\/wp\/v2\/pages"}],"about":[{"href":"https:\/\/select-luxury.travel\/en\/wp-json\/wp\/v2\/types\/page"}],"author":[{"embeddable":true,"href":"https:\/\/select-luxury.travel\/en\/wp-json\/wp\/v2\/users\/4"}],"replies":[{"embeddable":true,"href":"https:\/\/select-luxury.travel\/en\/wp-json\/wp\/v2\/comments?post=66913"}],"version-history":[{"count":18,"href":"https:\/\/select-luxury.travel\/en\/wp-json\/wp\/v2\/pages\/66913\/revisions"}],"predecessor-version":[{"id":66934,"href":"https:\/\/select-luxury.travel\/en\/wp-json\/wp\/v2\/pages\/66913\/revisions\/66934"}],"up":[{"embeddable":true,"href":"https:\/\/select-luxury.travel\/en\/wp-json\/wp\/v2\/pages\/514"}],"wp:attachment":[{"href":"https:\/\/select-luxury.travel\/en\/wp-json\/wp\/v2\/media?parent=66913"}],"wp:term":[{"taxonomy":"category","embeddable":true,"href":"https:\/\/select-luxury.travel\/en\/wp-json\/wp\/v2\/categories?post=66913"},{"taxonomy":"post_tag","embeddable":true,"href":"https:\/\/select-luxury.travel\/en\/wp-json\/wp\/v2\/tags?post=66913"}],"curies":[{"name":"wp","href":"https:\/\/api.w.org\/{rel}","templated":true}]}}