{"id":66638,"date":"2025-06-24T10:22:21","date_gmt":"2025-06-24T08:22:21","guid":{"rendered":"https:\/\/select-luxury.travel\/?page_id=66638"},"modified":"2026-03-23T11:11:34","modified_gmt":"2026-03-23T10:11:34","slug":"5-rosewood-luang-prabang-laos","status":"publish","type":"page","link":"https:\/\/select-luxury.travel\/en\/5-rosewood-luang-prabang-laos","title":{"rendered":"5\u2605 Rosewood Luang Prabang"},"content":{"rendered":"<p><span class=\"text-braun\">Where the golden light of dawn dances through the jungle <\/span><\/p>\n<p>Escape the daily grind at Rosewood Luang Prabang, a hidden gem in a lush green valley just ten minutes from the UNESCO-protected city centre. Here, where the monks' bells ring in the morning and the last rays of sunlight dance on the river in the evening, a retreat of quiet beauty awaits you. Designed by renowned interior designer Bill Bensley, the resort is a harmonious blend of French-Indochinese colonial architecture and Laotian craftsmanship. Whether you meet monks giving alms early in the morning or explore the fascinating waterfalls and temples, you will find authentic experiences here. In the evening, \"The Great House\" will spoil you with Laotian-inspired menus.<\/p>","protected":false},"excerpt":{"rendered":"<p>Wo das goldene Licht der D\u00e4mmerung durch den Dschungel tanzt Entfliehen Sie dem Alltag im Rosewood Luang Prabang, einem versteckten Juwel in einem \u00fcppig gr\u00fcnen Tal, nur zehn Minuten vom UNESCO-gesch\u00fctzten Stadtzentrum entfernt. Hier, wo morgens die Glocken der M\u00f6nche klingen und abends die letzten Sonnenstrahlen auf dem Fluss tanzen, erwartet Sie ein R\u00fcckzugsort von [&hellip;]<\/p>","protected":false},"author":4,"featured_media":0,"parent":0,"menu_order":0,"comment_status":"closed","ping_status":"closed","template":"page-reise_detail5.php","meta":{"_acf_changed":false,"inline_featured_image":false,"footnotes":""},"categories":[61,9,2],"tags":[],"class_list":["post-66638","page","type-page","status-publish","hentry","category-luxuryhotels","category-private-selections","category-unkategorisiert"],"acf":[],"_links":{"self":[{"href":"https:\/\/select-luxury.travel\/en\/wp-json\/wp\/v2\/pages\/66638","targetHints":{"allow":["GET"]}}],"collection":[{"href":"https:\/\/select-luxury.travel\/en\/wp-json\/wp\/v2\/pages"}],"about":[{"href":"https:\/\/select-luxury.travel\/en\/wp-json\/wp\/v2\/types\/page"}],"author":[{"embeddable":true,"href":"https:\/\/select-luxury.travel\/en\/wp-json\/wp\/v2\/users\/4"}],"replies":[{"embeddable":true,"href":"https:\/\/select-luxury.travel\/en\/wp-json\/wp\/v2\/comments?post=66638"}],"version-history":[{"count":23,"href":"https:\/\/select-luxury.travel\/en\/wp-json\/wp\/v2\/pages\/66638\/revisions"}],"predecessor-version":[{"id":69615,"href":"https:\/\/select-luxury.travel\/en\/wp-json\/wp\/v2\/pages\/66638\/revisions\/69615"}],"wp:attachment":[{"href":"https:\/\/select-luxury.travel\/en\/wp-json\/wp\/v2\/media?parent=66638"}],"wp:term":[{"taxonomy":"category","embeddable":true,"href":"https:\/\/select-luxury.travel\/en\/wp-json\/wp\/v2\/categories?post=66638"},{"taxonomy":"post_tag","embeddable":true,"href":"https:\/\/select-luxury.travel\/en\/wp-json\/wp\/v2\/tags?post=66638"}],"curies":[{"name":"wp","href":"https:\/\/api.w.org\/{rel}","templated":true}]}}