{"id":66377,"date":"2025-06-17T15:42:50","date_gmt":"2025-06-17T13:42:50","guid":{"rendered":"https:\/\/select-luxury.travel\/?page_id=66377"},"modified":"2026-03-23T10:57:46","modified_gmt":"2026-03-23T09:57:46","slug":"5zannier-bai-san-ho-quy-nhon-vietnam","status":"publish","type":"page","link":"https:\/\/select-luxury.travel\/en\/selections\/private\/5zannier-bai-san-ho-quy-nhon-vietnam","title":{"rendered":"5\u2605 Zannier B\u00e3i San H\u00f4"},"content":{"rendered":"<p><span class=\"text-braun\">Your dream holiday on Vietnam's cultural central coast<\/span>\u201c<br \/>\nZannier Hotels B\u00e3i San H\u00f4 is idyllically located on Vietnam's picturesque central coast near Quy Nhon and is the perfect base from which to explore the rich beauty and cultural heritage of the region. Located directly on one of the country's most famous beaches, the 5-star luxury resort offers access to a private, kilometre-long bay surrounded by unspoilt nature, rice paddies and rolling hills. This secluded location promises deep tranquillity and an authentic connection with the local culture. A highlight is the proximity to three UNESCO World Heritage Sites, which offer unique insights into Vietnam's history. From coral reef snorkelling to cultural excursions - here you can experience the destination in all its glory. An ideal retreat for travellers who value cultural discoveries and nature-based experiences alongside relaxation.<\/p>","protected":false},"excerpt":{"rendered":"<p>Ihr Traumurlaub an Vietnams kultureller Zentralk\u00fcste&#8220; Das Zannier Hotels B\u00e3i San H\u00f4 liegt idyllisch an Vietnams malerischer Zentralk\u00fcste nahe Quy Nhon und ist der perfekte Ausgangspunkt, um die reiche Sch\u00f6nheit und das kulturelle Erbe der Region zu erkunden. Direkt an einem der ber\u00fchmtesten Str\u00e4nde des Landes gelegen, bietet das 5-Sterne-Luxusresort Zugang zu einer privaten, kilometerlangen [&hellip;]<\/p>","protected":false},"author":4,"featured_media":0,"parent":514,"menu_order":0,"comment_status":"closed","ping_status":"closed","template":"page-reise_detail5.php","meta":{"_acf_changed":false,"inline_featured_image":false,"footnotes":""},"categories":[61,9],"tags":[],"class_list":["post-66377","page","type-page","status-publish","hentry","category-luxuryhotels","category-private-selections"],"acf":[],"_links":{"self":[{"href":"https:\/\/select-luxury.travel\/en\/wp-json\/wp\/v2\/pages\/66377","targetHints":{"allow":["GET"]}}],"collection":[{"href":"https:\/\/select-luxury.travel\/en\/wp-json\/wp\/v2\/pages"}],"about":[{"href":"https:\/\/select-luxury.travel\/en\/wp-json\/wp\/v2\/types\/page"}],"author":[{"embeddable":true,"href":"https:\/\/select-luxury.travel\/en\/wp-json\/wp\/v2\/users\/4"}],"replies":[{"embeddable":true,"href":"https:\/\/select-luxury.travel\/en\/wp-json\/wp\/v2\/comments?post=66377"}],"version-history":[{"count":14,"href":"https:\/\/select-luxury.travel\/en\/wp-json\/wp\/v2\/pages\/66377\/revisions"}],"predecessor-version":[{"id":69607,"href":"https:\/\/select-luxury.travel\/en\/wp-json\/wp\/v2\/pages\/66377\/revisions\/69607"}],"up":[{"embeddable":true,"href":"https:\/\/select-luxury.travel\/en\/wp-json\/wp\/v2\/pages\/514"}],"wp:attachment":[{"href":"https:\/\/select-luxury.travel\/en\/wp-json\/wp\/v2\/media?parent=66377"}],"wp:term":[{"taxonomy":"category","embeddable":true,"href":"https:\/\/select-luxury.travel\/en\/wp-json\/wp\/v2\/categories?post=66377"},{"taxonomy":"post_tag","embeddable":true,"href":"https:\/\/select-luxury.travel\/en\/wp-json\/wp\/v2\/tags?post=66377"}],"curies":[{"name":"wp","href":"https:\/\/api.w.org\/{rel}","templated":true}]}}