{"id":66374,"date":"2025-06-23T13:10:57","date_gmt":"2025-06-23T11:10:57","guid":{"rendered":"https:\/\/select-luxury.travel\/?page_id=66374"},"modified":"2026-03-23T10:56:30","modified_gmt":"2026-03-23T09:56:30","slug":"5-four-seasons-resort-the-nam-hai","status":"publish","type":"page","link":"https:\/\/select-luxury.travel\/en\/selections\/private\/5-four-seasons-resort-the-nam-hai","title":{"rendered":"5\u2605 Four Seasons The Nam Hai"},"content":{"rendered":"<p><span class=\"text-braun\">A masterpiece of relaxation: Your retreat on the South China Sea<\/span><br \/>\nThe luxurious beach resort is idyllically located on Vietnam's culturally rich central coast, offers access to three exceptional UNESCO World Heritage Sites and is also the perfect address on the country's most famous beach for relaxing on a dream beach.  It features elegant pool villas inspired by traditional Vietnamese architecture that blend harmoniously into the tropical landscape. Each villa offers maximum privacy and comfort, often with a private pool and sea view. Guests can enjoy exquisite cuisine in the award-winning restaurants, including local specialities and international dishes. The luxurious The Heart of the Earth Spa, the three impressive infinity pools and a variety of activities - from yoga and water sports to cultural excursions - guarantee an unforgettable stay. Four Seasons The Nam Hai is the ideal choice for discerning travellers who appreciate the highest standards of luxury, service and cultural authenticity.<\/p>","protected":false},"excerpt":{"rendered":"<p>Ein Meisterwerk der Erholung: Ihr R\u00fcckzugsort am S\u00fcdchinesischen Meer Das luxuri\u00f6se Strandresort liegt idyllisch an der kulturell reichen Zentralk\u00fcste Vietnams, bietet den Zugang zu drei au\u00dfergew\u00f6hnlichen UNESCO-Weltkulturerbest\u00e4tten und ist zudem die perfekte Adresse am ber\u00fchmtesten Strand des Landes zur Erholung am Traumstrand. Es verf\u00fcgt \u00fcber elegante Poolvillen, die von traditioneller vietnamesischer Architektur inspiriert sind und [&hellip;]<\/p>","protected":false},"author":4,"featured_media":0,"parent":514,"menu_order":0,"comment_status":"closed","ping_status":"closed","template":"page-reise_detail5.php","meta":{"_acf_changed":false,"inline_featured_image":false,"footnotes":""},"categories":[61,9],"tags":[],"class_list":["post-66374","page","type-page","status-publish","hentry","category-luxuryhotels","category-private-selections"],"acf":[],"_links":{"self":[{"href":"https:\/\/select-luxury.travel\/en\/wp-json\/wp\/v2\/pages\/66374","targetHints":{"allow":["GET"]}}],"collection":[{"href":"https:\/\/select-luxury.travel\/en\/wp-json\/wp\/v2\/pages"}],"about":[{"href":"https:\/\/select-luxury.travel\/en\/wp-json\/wp\/v2\/types\/page"}],"author":[{"embeddable":true,"href":"https:\/\/select-luxury.travel\/en\/wp-json\/wp\/v2\/users\/4"}],"replies":[{"embeddable":true,"href":"https:\/\/select-luxury.travel\/en\/wp-json\/wp\/v2\/comments?post=66374"}],"version-history":[{"count":17,"href":"https:\/\/select-luxury.travel\/en\/wp-json\/wp\/v2\/pages\/66374\/revisions"}],"predecessor-version":[{"id":69606,"href":"https:\/\/select-luxury.travel\/en\/wp-json\/wp\/v2\/pages\/66374\/revisions\/69606"}],"up":[{"embeddable":true,"href":"https:\/\/select-luxury.travel\/en\/wp-json\/wp\/v2\/pages\/514"}],"wp:attachment":[{"href":"https:\/\/select-luxury.travel\/en\/wp-json\/wp\/v2\/media?parent=66374"}],"wp:term":[{"taxonomy":"category","embeddable":true,"href":"https:\/\/select-luxury.travel\/en\/wp-json\/wp\/v2\/categories?post=66374"},{"taxonomy":"post_tag","embeddable":true,"href":"https:\/\/select-luxury.travel\/en\/wp-json\/wp\/v2\/tags?post=66374"}],"curies":[{"name":"wp","href":"https:\/\/api.w.org\/{rel}","templated":true}]}}