{"id":66368,"date":"2025-06-17T14:30:33","date_gmt":"2025-06-17T12:30:33","guid":{"rendered":"https:\/\/select-luxury.travel\/?page_id=66368"},"modified":"2026-03-23T11:06:41","modified_gmt":"2026-03-23T10:06:41","slug":"5six-senses-krabey-island-cambodia","status":"publish","type":"page","link":"https:\/\/select-luxury.travel\/en\/5six-senses-krabey-island-cambodia","title":{"rendered":"5\u2605 Six Senses Krabey Island, Kambodscha"},"content":{"rendered":"<p><span class=\"text-braun\">Harmony with nature<\/span><br \/>\nThe Six Senses Krabey Island offers an unrivalled 5-star experience on a private island off the coast of Sihanoukville in Cambodia. Guests are immersed in a holistic wellness experience: The expansive Six Senses Spa is inspired by Khmer healing traditions and offers a wealth of treatments, yoga classes and bespoke wellness programmes. The culinary journey ranges from fresh, sustainable seafood to organic produce from the hotel's own garden. Whether snorkelling, kayaking, movie nights under the stars or participating in local cultural programmes, Six Senses Krabey Island creates unforgettable moments of relaxation and connection with nature, ideal for discerning travellers.<\/p>","protected":false},"excerpt":{"rendered":"<p>Harmonie mit der Natur Das Six Senses Krabey Island bietet ein unvergleichliches 5-Sterne-Erlebnis auf einer privaten Insel vor der K\u00fcste Sihanoukvilles in Kambodscha. G\u00e4ste tauchen hier in ein ganzheitliches Wellness-Erlebnis ein: Das weitl\u00e4ufige Six Senses Spa ist inspiriert von Khmer-Heiltraditionen und bietet eine F\u00fclle von Behandlungen, Yoga-Kursen und ma\u00dfgeschneiderten Wellness-Programmen. Die kulinarische Reise reicht von [&hellip;]<\/p>","protected":false},"author":4,"featured_media":0,"parent":0,"menu_order":0,"comment_status":"closed","ping_status":"closed","template":"page-reise_detail5.php","meta":{"_acf_changed":false,"inline_featured_image":false,"footnotes":""},"categories":[61,2],"tags":[],"class_list":["post-66368","page","type-page","status-publish","hentry","category-luxuryhotels","category-unkategorisiert"],"acf":[],"_links":{"self":[{"href":"https:\/\/select-luxury.travel\/en\/wp-json\/wp\/v2\/pages\/66368","targetHints":{"allow":["GET"]}}],"collection":[{"href":"https:\/\/select-luxury.travel\/en\/wp-json\/wp\/v2\/pages"}],"about":[{"href":"https:\/\/select-luxury.travel\/en\/wp-json\/wp\/v2\/types\/page"}],"author":[{"embeddable":true,"href":"https:\/\/select-luxury.travel\/en\/wp-json\/wp\/v2\/users\/4"}],"replies":[{"embeddable":true,"href":"https:\/\/select-luxury.travel\/en\/wp-json\/wp\/v2\/comments?post=66368"}],"version-history":[{"count":19,"href":"https:\/\/select-luxury.travel\/en\/wp-json\/wp\/v2\/pages\/66368\/revisions"}],"predecessor-version":[{"id":69613,"href":"https:\/\/select-luxury.travel\/en\/wp-json\/wp\/v2\/pages\/66368\/revisions\/69613"}],"wp:attachment":[{"href":"https:\/\/select-luxury.travel\/en\/wp-json\/wp\/v2\/media?parent=66368"}],"wp:term":[{"taxonomy":"category","embeddable":true,"href":"https:\/\/select-luxury.travel\/en\/wp-json\/wp\/v2\/categories?post=66368"},{"taxonomy":"post_tag","embeddable":true,"href":"https:\/\/select-luxury.travel\/en\/wp-json\/wp\/v2\/tags?post=66368"}],"curies":[{"name":"wp","href":"https:\/\/api.w.org\/{rel}","templated":true}]}}