{"id":66361,"date":"2025-06-23T11:46:34","date_gmt":"2025-06-23T09:46:34","guid":{"rendered":"https:\/\/select-luxury.travel\/?page_id=66361"},"modified":"2026-03-23T11:04:31","modified_gmt":"2026-03-23T10:04:31","slug":"5-song-sa-private-island-koh-rong-archipelago-cambodia","status":"publish","type":"page","link":"https:\/\/select-luxury.travel\/en\/5-song-sa-private-island-koh-rong-archipel-kambodscha","title":{"rendered":"5\u2605 Song Sa Private Island"},"content":{"rendered":"<p><span class=\"text-braun\">Experience Cambodia's unspoilt beauty<\/span><br \/>\nSong Saa Private Island, the private island luxury hideaway, is idyllically located in Cambodia's unspoilt Koh Rong archipelago. The Overwater Villas offer you a marvellous sea view, while the Jungle Villas, surrounded by jungle, guarantee sufficient space for your privacy. This exceptional 5-star resort is spread over two islands, Koh Ouen and Koh Bong, which are harmoniously connected by a wooden bridge. Each villa has been built sustainably and blends seamlessly into the tropical surroundings, complete with private pool and breathtaking views. At Song Saa, you will not only experience supreme comfort and impeccable service, but also a deep commitment to conservation. Dive into the dazzling underwater world while snorkelling, explore mangrove forests by kayak or simply relax on the powdery white sandy beaches. <\/p>","protected":false},"excerpt":{"rendered":"<p>Erleben Sie Kambodschas Unber\u00fchrte Sch\u00f6nheit Song Saa Private Island, das private Insel-Luxus-Hideaway, liegt idyllisch im unber\u00fchrten Koh Rong Archipel Kambodschas. Die Overwater Villen bieten Ihnen einen traumhaften Meerblick, w\u00e4hrend die vom Urwald umgebenen Jungle Villen ausreichend Raum f\u00fcr Ihre Privatsph\u00e4re garantieren. Dieses au\u00dfergew\u00f6hnliche 5-Sterne-Resort erstreckt sich \u00fcber zwei Inseln, Koh Ouen und Koh Bong, die [&hellip;]<\/p>\n","protected":false},"author":4,"featured_media":0,"parent":0,"menu_order":0,"comment_status":"closed","ping_status":"closed","template":"page-reise_detail5.php","meta":{"_acf_changed":false,"inline_featured_image":false,"footnotes":""},"categories":[12,61,9,2],"tags":[75,147,148,92,146],"class_list":["post-66361","page","type-page","status-publish","hentry","category-island-selections","category-luxuryhotels","category-private-selections","category-unkategorisiert","tag-asien","tag-kambodscha","tag-private-island","tag-privatinsel","tag-song-saa"],"acf":[],"_links":{"self":[{"href":"https:\/\/select-luxury.travel\/en\/wp-json\/wp\/v2\/pages\/66361","targetHints":{"allow":["GET"]}}],"collection":[{"href":"https:\/\/select-luxury.travel\/en\/wp-json\/wp\/v2\/pages"}],"about":[{"href":"https:\/\/select-luxury.travel\/en\/wp-json\/wp\/v2\/types\/page"}],"author":[{"embeddable":true,"href":"https:\/\/select-luxury.travel\/en\/wp-json\/wp\/v2\/users\/4"}],"replies":[{"embeddable":true,"href":"https:\/\/select-luxury.travel\/en\/wp-json\/wp\/v2\/comments?post=66361"}],"version-history":[{"count":21,"href":"https:\/\/select-luxury.travel\/en\/wp-json\/wp\/v2\/pages\/66361\/revisions"}],"predecessor-version":[{"id":69612,"href":"https:\/\/select-luxury.travel\/en\/wp-json\/wp\/v2\/pages\/66361\/revisions\/69612"}],"wp:attachment":[{"href":"https:\/\/select-luxury.travel\/en\/wp-json\/wp\/v2\/media?parent=66361"}],"wp:term":[{"taxonomy":"category","embeddable":true,"href":"https:\/\/select-luxury.travel\/en\/wp-json\/wp\/v2\/categories?post=66361"},{"taxonomy":"post_tag","embeddable":true,"href":"https:\/\/select-luxury.travel\/en\/wp-json\/wp\/v2\/tags?post=66361"}],"curies":[{"name":"wp","href":"https:\/\/api.w.org\/{rel}","templated":true}]}}