{"id":65964,"date":"2025-05-19T14:10:19","date_gmt":"2025-05-19T12:10:19","guid":{"rendered":"https:\/\/select-luxury.travel\/?page_id=65964"},"modified":"2025-12-31T12:14:27","modified_gmt":"2025-12-31T11:14:27","slug":"england-self-drive-tour-through-the-south-2","status":"publish","type":"page","link":"https:\/\/select-luxury.travel\/en\/selections\/private\/england-self-drive-tour-through-the-south-2","title":{"rendered":"England's south with Salisbury"},"content":{"rendered":"<p><span class=\"text-braun\">Discover southern England's historical treasures<\/span><br \/>\nThis self-drive tour takes you through the fascinating south of England - a region full of history, charm and scenic diversity. Discover vibrant small towns, royal residences, mysterious stone circles, majestic cathedrals and picturesque villages that seem straight out of a picture book. London awaits you with world-famous sights and a trendy atmosphere, Bath with Roman bathing culture and Georgian elegance. In Devon and Cornwall, you can enjoy beautiful coastlines, historic harbour towns and mystical legends surrounding King Arthur. The route is rich in cultural highlights, unique nature and the British way of life - whether over a cream tea in a cottage, a boat trip on the Thames or a stroll through exotic gardens. Let yourself be inspired by the unmistakable South of England - stylish, diverse and unforgettable.<\/p>","protected":false},"excerpt":{"rendered":"<p>Entdecken Sie S\u00fcdenglands historische Sch\u00e4tze Diese Selbstfahrer-Tour f\u00fchrt Sie durch den faszinierenden S\u00fcden Englands \u2013 eine Region voller Geschichte, Charme und landschaftlicher Vielfalt. Entdecken Sie pulsierende Kleinst\u00e4dte, k\u00f6nigliche Residenzen, geheimnisvolle Steinkreise, majest\u00e4tische Kathedralen und malerische D\u00f6rfer, die wie aus einem Bilderbuch wirken. London erwartet Sie mit weltber\u00fchmten Sehensw\u00fcrdigkeiten und trendiger Atmosph\u00e4re, Bath mit r\u00f6mischer Badekultur [&hellip;]<\/p>","protected":false},"author":3,"featured_media":0,"parent":514,"menu_order":30,"comment_status":"closed","ping_status":"closed","template":"page-reise_detail.php","meta":{"_acf_changed":false,"inline_featured_image":false,"footnotes":""},"categories":[9,8],"tags":[140,143,144,142,141],"class_list":["post-65964","page","type-page","status-publish","hentry","category-private-selections","category-reisen","tag-england","tag-englands-sueden","tag-london","tag-rundreise","tag-selbstfahrer"],"acf":[],"_links":{"self":[{"href":"https:\/\/select-luxury.travel\/en\/wp-json\/wp\/v2\/pages\/65964","targetHints":{"allow":["GET"]}}],"collection":[{"href":"https:\/\/select-luxury.travel\/en\/wp-json\/wp\/v2\/pages"}],"about":[{"href":"https:\/\/select-luxury.travel\/en\/wp-json\/wp\/v2\/types\/page"}],"author":[{"embeddable":true,"href":"https:\/\/select-luxury.travel\/en\/wp-json\/wp\/v2\/users\/3"}],"replies":[{"embeddable":true,"href":"https:\/\/select-luxury.travel\/en\/wp-json\/wp\/v2\/comments?post=65964"}],"version-history":[{"count":17,"href":"https:\/\/select-luxury.travel\/en\/wp-json\/wp\/v2\/pages\/65964\/revisions"}],"predecessor-version":[{"id":65965,"href":"https:\/\/select-luxury.travel\/en\/wp-json\/wp\/v2\/pages\/65964\/revisions\/65965"}],"up":[{"embeddable":true,"href":"https:\/\/select-luxury.travel\/en\/wp-json\/wp\/v2\/pages\/514"}],"wp:attachment":[{"href":"https:\/\/select-luxury.travel\/en\/wp-json\/wp\/v2\/media?parent=65964"}],"wp:term":[{"taxonomy":"category","embeddable":true,"href":"https:\/\/select-luxury.travel\/en\/wp-json\/wp\/v2\/categories?post=65964"},{"taxonomy":"post_tag","embeddable":true,"href":"https:\/\/select-luxury.travel\/en\/wp-json\/wp\/v2\/tags?post=65964"}],"curies":[{"name":"wp","href":"https:\/\/api.w.org\/{rel}","templated":true}]}}