{"id":65716,"date":"2025-05-05T12:47:22","date_gmt":"2025-05-05T10:47:22","guid":{"rendered":"https:\/\/select-luxury.travel\/?page_id=65716"},"modified":"2025-12-31T12:19:33","modified_gmt":"2025-12-31T11:19:33","slug":"england-self-drive-tour-through-the-south-2-2","status":"publish","type":"page","link":"https:\/\/select-luxury.travel\/en\/selections\/private\/england-self-drive-tour-through-the-south-2-2","title":{"rendered":"England's south and the Cotswolds"},"content":{"rendered":"<p><span class=\"text-braun\">From the metropolis of London to the green hills of the Cotswolds<\/span><br \/>\nExperience England in a stylish and personalised way: This exclusive self-drive tour takes you from the vibrant metropolis of London via historic cities such as Bath and Oxford to the idyllic landscapes of the Cotswolds and the Lake District. Look forward to a varied route full of culture, history and nature - combined with hand-picked, atmospheric hotels that give each stage a special setting. Discover world-famous sights, charming villages and breathtaking panoramas at your own pace - with the comfort of a hire car and the freedom to organise the day as you wish. A trip for connoisseurs, explorers and lovers of British flair.<\/p>","protected":false},"excerpt":{"rendered":"<p>Von der Metropole London zu den gr\u00fcnen H\u00fcgeln der Cotswolds Erleben Sie England auf stilvolle und individuelle Weise: Diese exklusive Selbstfahrerreise f\u00fchrt Sie von der pulsierenden Metropole London \u00fcber historische St\u00e4dte wie Bath und Oxford bis in die idyllischen Landschaften der Cotswolds und des Lake District. Freuen Sie sich auf eine abwechslungsreiche Route voller Kultur, [&hellip;]<\/p>","protected":false},"author":3,"featured_media":0,"parent":514,"menu_order":30,"comment_status":"closed","ping_status":"closed","template":"page-reise_detail.php","meta":{"_acf_changed":false,"inline_featured_image":false,"footnotes":""},"categories":[9,8],"tags":[140,144,142,145],"class_list":["post-65716","page","type-page","status-publish","hentry","category-private-selections","category-reisen","tag-england","tag-london","tag-rundreise","tag-selbstfahrertour"],"acf":[],"_links":{"self":[{"href":"https:\/\/select-luxury.travel\/en\/wp-json\/wp\/v2\/pages\/65716","targetHints":{"allow":["GET"]}}],"collection":[{"href":"https:\/\/select-luxury.travel\/en\/wp-json\/wp\/v2\/pages"}],"about":[{"href":"https:\/\/select-luxury.travel\/en\/wp-json\/wp\/v2\/types\/page"}],"author":[{"embeddable":true,"href":"https:\/\/select-luxury.travel\/en\/wp-json\/wp\/v2\/users\/3"}],"replies":[{"embeddable":true,"href":"https:\/\/select-luxury.travel\/en\/wp-json\/wp\/v2\/comments?post=65716"}],"version-history":[{"count":30,"href":"https:\/\/select-luxury.travel\/en\/wp-json\/wp\/v2\/pages\/65716\/revisions"}],"predecessor-version":[{"id":68305,"href":"https:\/\/select-luxury.travel\/en\/wp-json\/wp\/v2\/pages\/65716\/revisions\/68305"}],"up":[{"embeddable":true,"href":"https:\/\/select-luxury.travel\/en\/wp-json\/wp\/v2\/pages\/514"}],"wp:attachment":[{"href":"https:\/\/select-luxury.travel\/en\/wp-json\/wp\/v2\/media?parent=65716"}],"wp:term":[{"taxonomy":"category","embeddable":true,"href":"https:\/\/select-luxury.travel\/en\/wp-json\/wp\/v2\/categories?post=65716"},{"taxonomy":"post_tag","embeddable":true,"href":"https:\/\/select-luxury.travel\/en\/wp-json\/wp\/v2\/tags?post=65716"}],"curies":[{"name":"wp","href":"https:\/\/api.w.org\/{rel}","templated":true}]}}