{"id":65648,"date":"2025-04-23T10:24:38","date_gmt":"2025-04-23T08:24:38","guid":{"rendered":"https:\/\/select-luxury.travel\/?page_id=65648"},"modified":"2025-08-28T10:44:40","modified_gmt":"2025-08-28T08:44:40","slug":"press-releases","status":"publish","type":"page","link":"https:\/\/select-luxury.travel\/en\/presseveroeffentlichungen","title":{"rendered":"Press releases"},"content":{"rendered":"<p><span class=\"text-braun\">Our journey through the world of media<\/span><\/p>\n<p>Let our passion for travelling accompany you not only on distant paths, but also in the press. We have already been able to report on our adventures in numerous publications, rave about exotic destinations and share our vision of the perfect holiday. Whether in renowned travel magazines, regional newspapers or digital travel worlds - the stories about us are as diverse as the places we travel to for you.<\/p>","protected":false},"excerpt":{"rendered":"<p>Unsere Reise durch die Medienwelt Lassen Sie sich von unserer Leidenschaft f\u00fcrs Reisen nicht nur auf fernen Pfaden, sondern auch in der Presse begleiten. In zahlreichen Ver\u00f6ffentlichungen durften wir bereits von unseren Abenteuern berichten, \u00fcber exotische Destinationen schw\u00e4rmen und unsere Vision vom perfekten Urlaub teilen. Ob in renommierten Reisemagazinen, regionalen Zeitungen oder digitalen Reisewelten \u2013 [&hellip;]<\/p>\n","protected":false},"author":3,"featured_media":0,"parent":0,"menu_order":0,"comment_status":"closed","ping_status":"closed","template":"page-warum_select.php","meta":{"_acf_changed":false,"inline_featured_image":false,"footnotes":""},"categories":[],"tags":[],"class_list":["post-65648","page","type-page","status-publish","hentry"],"acf":[],"_links":{"self":[{"href":"https:\/\/select-luxury.travel\/en\/wp-json\/wp\/v2\/pages\/65648","targetHints":{"allow":["GET"]}}],"collection":[{"href":"https:\/\/select-luxury.travel\/en\/wp-json\/wp\/v2\/pages"}],"about":[{"href":"https:\/\/select-luxury.travel\/en\/wp-json\/wp\/v2\/types\/page"}],"author":[{"embeddable":true,"href":"https:\/\/select-luxury.travel\/en\/wp-json\/wp\/v2\/users\/3"}],"replies":[{"embeddable":true,"href":"https:\/\/select-luxury.travel\/en\/wp-json\/wp\/v2\/comments?post=65648"}],"version-history":[{"count":8,"href":"https:\/\/select-luxury.travel\/en\/wp-json\/wp\/v2\/pages\/65648\/revisions"}],"predecessor-version":[{"id":67012,"href":"https:\/\/select-luxury.travel\/en\/wp-json\/wp\/v2\/pages\/65648\/revisions\/67012"}],"wp:attachment":[{"href":"https:\/\/select-luxury.travel\/en\/wp-json\/wp\/v2\/media?parent=65648"}],"wp:term":[{"taxonomy":"category","embeddable":true,"href":"https:\/\/select-luxury.travel\/en\/wp-json\/wp\/v2\/categories?post=65648"},{"taxonomy":"post_tag","embeddable":true,"href":"https:\/\/select-luxury.travel\/en\/wp-json\/wp\/v2\/tags?post=65648"}],"curies":[{"name":"wp","href":"https:\/\/api.w.org\/{rel}","templated":true}]}}