{"id":64920,"date":"2025-01-31T11:09:02","date_gmt":"2025-01-31T10:09:02","guid":{"rendered":"https:\/\/select-luxury.travel\/?page_id=64920"},"modified":"2025-06-13T17:04:33","modified_gmt":"2025-06-13T15:04:33","slug":"brazil-rio-jungle-beach","status":"publish","type":"page","link":"https:\/\/select-luxury.travel\/en\/selections\/private\/brasilien-rio-urwald-strand","title":{"rendered":"Discover Brazil's diversity"},"content":{"rendered":"<p><span class=\"text-braun\">The great trip to Brazil: Everything Brazil has to offer in a single moment of luxury.<\/span><\/p>\n<p>On this comprehensive tour of Brazil, we prove that the country has far more to offer than samba and Rio de Janeiro. There's the mighty roar of the Iguaz\u00fa Falls and the animal-rich wonderland of the Pantanal. In a lodge hidden deep in the jungle, you will experience the best of the Amazon rainforest: watercourses, river dolphins and the inhabitants. Other natural beauties lead off the beaten tourist track, for example to the vast sea of dunes of the Len\u00e7ois Maranhenses National Park and the magical island archipelago of Fernando de Noronha.  <\/p>","protected":false},"excerpt":{"rendered":"<p>Die gro\u00dfe Brasilienreise: Alles, was Brasilien zu bieten hat, in einem einzigen Luxusmoment. Auf dieser umfassenden Brasilienreise beweisen wir, dass das Land weit mehr zu bieten hat als Samba und Rio de Janeiro. Da ist das m\u00e4chtige Rauschen der Iguaz\u00fa-Wasserf\u00e4lle und die tierreiche Wunderwelt des Pantanal. In einer tiefen im Dschungel verborgenen Lodge erleben Sie [&hellip;]<\/p>\n","protected":false},"author":3,"featured_media":0,"parent":514,"menu_order":0,"comment_status":"closed","ping_status":"closed","template":"page-reise_detail.php","meta":{"_acf_changed":false,"inline_featured_image":false,"footnotes":""},"categories":[9,8],"tags":[],"class_list":["post-64920","page","type-page","status-publish","hentry","category-private-selections","category-reisen"],"acf":[],"_links":{"self":[{"href":"https:\/\/select-luxury.travel\/en\/wp-json\/wp\/v2\/pages\/64920","targetHints":{"allow":["GET"]}}],"collection":[{"href":"https:\/\/select-luxury.travel\/en\/wp-json\/wp\/v2\/pages"}],"about":[{"href":"https:\/\/select-luxury.travel\/en\/wp-json\/wp\/v2\/types\/page"}],"author":[{"embeddable":true,"href":"https:\/\/select-luxury.travel\/en\/wp-json\/wp\/v2\/users\/3"}],"replies":[{"embeddable":true,"href":"https:\/\/select-luxury.travel\/en\/wp-json\/wp\/v2\/comments?post=64920"}],"version-history":[{"count":38,"href":"https:\/\/select-luxury.travel\/en\/wp-json\/wp\/v2\/pages\/64920\/revisions"}],"predecessor-version":[{"id":66834,"href":"https:\/\/select-luxury.travel\/en\/wp-json\/wp\/v2\/pages\/64920\/revisions\/66834"}],"up":[{"embeddable":true,"href":"https:\/\/select-luxury.travel\/en\/wp-json\/wp\/v2\/pages\/514"}],"wp:attachment":[{"href":"https:\/\/select-luxury.travel\/en\/wp-json\/wp\/v2\/media?parent=64920"}],"wp:term":[{"taxonomy":"category","embeddable":true,"href":"https:\/\/select-luxury.travel\/en\/wp-json\/wp\/v2\/categories?post=64920"},{"taxonomy":"post_tag","embeddable":true,"href":"https:\/\/select-luxury.travel\/en\/wp-json\/wp\/v2\/tags?post=64920"}],"curies":[{"name":"wp","href":"https:\/\/api.w.org\/{rel}","templated":true}]}}