{"id":64866,"date":"2025-01-30T13:12:39","date_gmt":"2025-01-30T12:12:39","guid":{"rendered":"https:\/\/select-luxury.travel\/?page_id=64866"},"modified":"2026-03-13T14:09:38","modified_gmt":"2026-03-13T13:09:38","slug":"best-of-namibia-botswana","status":"publish","type":"page","link":"https:\/\/select-luxury.travel\/en\/selections\/private\/best-of-namibia-botswana","title":{"rendered":"Best of Namibia &amp; Botswana"},"content":{"rendered":"<p><span class=\"text-braun\">The best a luxury safari holiday can offer<\/span><\/p>\n<p>The name Namibia comes from the Namib Desert and means \"big place\", which is very apt given the vast landscapes of this beautiful country north of South Africa. Stretching from the Skeleton Coast through the Namib Desert, across the Great Escarpment and the Kalahari Desert, Namibia is a special place of vastness and wonder that gives visitors a chance to unwind from the hustle and bustle of life. The country's expansive nature offers a variety of wildlife and vistas. The vast landscapes convey a sense of awe and humility. Many of the regions in Botswana are considered iconic. It is no secret that Botswana is blessed with some of the best reserves in Africa. Chobe National Park has been dubbed the \"Land of the Giants\" because it is home to the largest concentration of elephants on the African continent. The magic of the Okavango Delta is famous for being the largest inland delta in the world.<\/p>","protected":false},"excerpt":{"rendered":"<p>Das Beste, was eine Luxury Safarireise zu bieten haben kann Der Name Namibia stammt von der Namib-W\u00fcste und bedeutet \u201egro\u00dfer Ort\u201c, was angesichts der weitl\u00e4ufigen Landschaften dieses wundersch\u00f6nen Landes n\u00f6rdlich von S\u00fcdafrika sehr treffend ist. Namibia erstreckt sich von der Skelettk\u00fcste durch die Namib-W\u00fcste, \u00fcber die Gro\u00dfe Steilk\u00fcste und die Kalahari-W\u00fcste und ist ein besonderer [&hellip;]<\/p>\n","protected":false},"author":3,"featured_media":0,"parent":514,"menu_order":0,"comment_status":"closed","ping_status":"closed","template":"page-reise_detail.php","meta":{"_acf_changed":false,"inline_featured_image":false,"footnotes":""},"categories":[9,8],"tags":[],"class_list":["post-64866","page","type-page","status-publish","hentry","category-private-selections","category-reisen"],"acf":[],"_links":{"self":[{"href":"https:\/\/select-luxury.travel\/en\/wp-json\/wp\/v2\/pages\/64866","targetHints":{"allow":["GET"]}}],"collection":[{"href":"https:\/\/select-luxury.travel\/en\/wp-json\/wp\/v2\/pages"}],"about":[{"href":"https:\/\/select-luxury.travel\/en\/wp-json\/wp\/v2\/types\/page"}],"author":[{"embeddable":true,"href":"https:\/\/select-luxury.travel\/en\/wp-json\/wp\/v2\/users\/3"}],"replies":[{"embeddable":true,"href":"https:\/\/select-luxury.travel\/en\/wp-json\/wp\/v2\/comments?post=64866"}],"version-history":[{"count":12,"href":"https:\/\/select-luxury.travel\/en\/wp-json\/wp\/v2\/pages\/64866\/revisions"}],"predecessor-version":[{"id":69292,"href":"https:\/\/select-luxury.travel\/en\/wp-json\/wp\/v2\/pages\/64866\/revisions\/69292"}],"up":[{"embeddable":true,"href":"https:\/\/select-luxury.travel\/en\/wp-json\/wp\/v2\/pages\/514"}],"wp:attachment":[{"href":"https:\/\/select-luxury.travel\/en\/wp-json\/wp\/v2\/media?parent=64866"}],"wp:term":[{"taxonomy":"category","embeddable":true,"href":"https:\/\/select-luxury.travel\/en\/wp-json\/wp\/v2\/categories?post=64866"},{"taxonomy":"post_tag","embeddable":true,"href":"https:\/\/select-luxury.travel\/en\/wp-json\/wp\/v2\/tags?post=64866"}],"curies":[{"name":"wp","href":"https:\/\/api.w.org\/{rel}","templated":true}]}}