{"id":64138,"date":"2024-10-24T12:55:09","date_gmt":"2024-10-24T10:55:09","guid":{"rendered":"https:\/\/select-luxury.travel\/?page_id=64138"},"modified":"2026-03-21T16:06:39","modified_gmt":"2026-03-21T15:06:39","slug":"japan-expo-2025","status":"publish","type":"page","link":"https:\/\/select-luxury.travel\/en\/selections\/private\/japan-expo-2025","title":{"rendered":"Japan - Expo 2025"},"content":{"rendered":"<p><span class=\"text-braun\">The Japanese metropolis of Osaka will welcome the world in 2025 to discuss the future of societies.<\/span><\/p>\n<p>After EXPO 2020 in Dubai, the world has now waited five years to come together again to showcase technical and artistic achievements. Magnificent pavilions can also be expected at this EXPO. In addition to two days at the EXPO, numerous experiences in nearby Kyoto are also part of this trip: Discover temples, the geisha quarter and a gently swaying bamboo forest in lovely Kyoto.<\/p>","protected":false},"excerpt":{"rendered":"<p>Die japanische Metropole Osaka empf\u00e4ngt 2025 die Welt, um sich \u00fcber die Zukunft der Gesellschaften zu verst\u00e4ndigen. Nach der EXPO 2020 in Dubai hat die Welt nun f\u00fcnf Jahre gewartet, bis sie sich wieder trifft, um technische und kunsthandwerkliche Leistungen zu pr\u00e4sentieren. Pr\u00e4chtige Pavillons sind auch bei dieser EXPO zu erwarten. Neben zwei Tagen auf [&hellip;]<\/p>\n","protected":false},"author":3,"featured_media":0,"parent":514,"menu_order":0,"comment_status":"closed","ping_status":"closed","template":"page-reise_detail.php","meta":{"_acf_changed":false,"inline_featured_image":false,"footnotes":""},"categories":[9],"tags":[],"class_list":["post-64138","page","type-page","status-publish","hentry","category-private-selections"],"acf":[],"_links":{"self":[{"href":"https:\/\/select-luxury.travel\/en\/wp-json\/wp\/v2\/pages\/64138","targetHints":{"allow":["GET"]}}],"collection":[{"href":"https:\/\/select-luxury.travel\/en\/wp-json\/wp\/v2\/pages"}],"about":[{"href":"https:\/\/select-luxury.travel\/en\/wp-json\/wp\/v2\/types\/page"}],"author":[{"embeddable":true,"href":"https:\/\/select-luxury.travel\/en\/wp-json\/wp\/v2\/users\/3"}],"replies":[{"embeddable":true,"href":"https:\/\/select-luxury.travel\/en\/wp-json\/wp\/v2\/comments?post=64138"}],"version-history":[{"count":9,"href":"https:\/\/select-luxury.travel\/en\/wp-json\/wp\/v2\/pages\/64138\/revisions"}],"predecessor-version":[{"id":69596,"href":"https:\/\/select-luxury.travel\/en\/wp-json\/wp\/v2\/pages\/64138\/revisions\/69596"}],"up":[{"embeddable":true,"href":"https:\/\/select-luxury.travel\/en\/wp-json\/wp\/v2\/pages\/514"}],"wp:attachment":[{"href":"https:\/\/select-luxury.travel\/en\/wp-json\/wp\/v2\/media?parent=64138"}],"wp:term":[{"taxonomy":"category","embeddable":true,"href":"https:\/\/select-luxury.travel\/en\/wp-json\/wp\/v2\/categories?post=64138"},{"taxonomy":"post_tag","embeddable":true,"href":"https:\/\/select-luxury.travel\/en\/wp-json\/wp\/v2\/tags?post=64138"}],"curies":[{"name":"wp","href":"https:\/\/api.w.org\/{rel}","templated":true}]}}