{"id":5772,"date":"2019-04-02T16:05:25","date_gmt":"2019-04-02T14:05:25","guid":{"rendered":"https:\/\/select-luxury.travel\/?page_id=5772"},"modified":"2026-03-16T12:24:37","modified_gmt":"2026-03-16T11:24:37","slug":"island-luxury","status":"publish","type":"page","link":"https:\/\/select-luxury.travel\/en\/selections\/private\/island-luxury","title":{"rendered":"Island Luxury in summer"},"content":{"rendered":"<p><span class=\"text-braun\">Private luxury tour through the land of fire and ice<\/span><\/p>\n<p>In summer, the white nights with their soft light enchant the long day into an infinite world. In autumn and winter, green lights billow unrealistically in the sky, seeming like signs from another, distant world. The hot water of natural thermal springs seems much more earthly. Or the dramatic lunar landscapes that stretch for kilometres across the island and are characterised by volcanoes, geysers, thermal springs and lava fields. Protected areas for the huge glaciers are the Vatnaj\u00f6kull and Sn\u00e6fellsj\u00f6kull National Parks. Iceland is a unique natural spectacle. Take the trip of a lifetime with us to this world that is not so far away and yet feels light years away. Dive into the depths of volcanoes and glaciers, watch water cascading down and splashing up at famous waterfalls such as Gullfoss, Seljalandsfoss, Sn\u00e6fellsnes or Sk\u00f3gafoss, explore glaciers, walk along cliffs and the black lava beaches of Reynisdrangar - one of the ten most beautiful non-tropical beaches in the world. In between, there is always time for an atmospheric picnic in particularly beautiful places. The choice is yours: an exciting self-drive tour or a luxury trip in a private car with your private driver-guide - either way, off-road and always with that certain kick. You will travel to the highlights of this fascinating island in a private vehicle, immerse yourself in the natural wonders, meet locals for a chat, enjoy the Scandinavian cuisine and stay at the best addresses in Iceland. <\/p>","protected":false},"excerpt":{"rendered":"<p>Private Luxusreise durch das Land aus Feuer und Eis Im Sommer verzaubern die wei\u00dfen N\u00e4chte mit ihrem sanften Licht den langen Tag in eine unendliche Welt. Irreal wabern gr\u00fcne Lichter im Herbst und Winter am Himmel, scheinen wie Zeichen aus einer anderen, weit entfernten Welt. Viel weltlicher mutet da schon das hei\u00dfe Nass nat\u00fcrlicher Thermalquellen [&hellip;]<\/p>\n","protected":false},"author":4,"featured_media":0,"parent":514,"menu_order":0,"comment_status":"closed","ping_status":"closed","template":"page-reise_detail.php","meta":{"_acf_changed":false,"inline_featured_image":false,"footnotes":""},"categories":[12,9,8,2],"tags":[],"class_list":["post-5772","page","type-page","status-publish","hentry","category-island-selections","category-private-selections","category-reisen","category-unkategorisiert"],"acf":[],"_links":{"self":[{"href":"https:\/\/select-luxury.travel\/en\/wp-json\/wp\/v2\/pages\/5772","targetHints":{"allow":["GET"]}}],"collection":[{"href":"https:\/\/select-luxury.travel\/en\/wp-json\/wp\/v2\/pages"}],"about":[{"href":"https:\/\/select-luxury.travel\/en\/wp-json\/wp\/v2\/types\/page"}],"author":[{"embeddable":true,"href":"https:\/\/select-luxury.travel\/en\/wp-json\/wp\/v2\/users\/4"}],"replies":[{"embeddable":true,"href":"https:\/\/select-luxury.travel\/en\/wp-json\/wp\/v2\/comments?post=5772"}],"version-history":[{"count":94,"href":"https:\/\/select-luxury.travel\/en\/wp-json\/wp\/v2\/pages\/5772\/revisions"}],"predecessor-version":[{"id":69527,"href":"https:\/\/select-luxury.travel\/en\/wp-json\/wp\/v2\/pages\/5772\/revisions\/69527"}],"up":[{"embeddable":true,"href":"https:\/\/select-luxury.travel\/en\/wp-json\/wp\/v2\/pages\/514"}],"wp:attachment":[{"href":"https:\/\/select-luxury.travel\/en\/wp-json\/wp\/v2\/media?parent=5772"}],"wp:term":[{"taxonomy":"category","embeddable":true,"href":"https:\/\/select-luxury.travel\/en\/wp-json\/wp\/v2\/categories?post=5772"},{"taxonomy":"post_tag","embeddable":true,"href":"https:\/\/select-luxury.travel\/en\/wp-json\/wp\/v2\/tags?post=5772"}],"curies":[{"name":"wp","href":"https:\/\/api.w.org\/{rel}","templated":true}]}}