{"id":5730,"date":"2019-03-28T16:01:09","date_gmt":"2019-03-28T15:01:09","guid":{"rendered":"https:\/\/select-luxury.travel\/?page_id=5730"},"modified":"2025-05-12T10:57:17","modified_gmt":"2025-05-12T08:57:17","slug":"jumeirah-olhahali-island-resort","status":"publish","type":"page","link":"https:\/\/select-luxury.travel\/en\/selections\/island-selections\/jumeirah-olhahali-island-resort","title":{"rendered":"5\u2605 Jumeirah Olhahali Island"},"content":{"rendered":"<p><span class=\"text-braun\">The Jumeirah Olhahali Island awaits you!<\/span><\/p>\n<p>Experience the pure Maldives feeling with modern flair at Jumeirah Olhahali Island. The spacious villas with private pool serve as exclusive retreats from which you can overlook the breathtakingly beautiful, turquoise-coloured lagoon behind the powdery white beach. Located in the North Mal\u00e9 Atoll, Jumeirah Olhahali Island Resort is just 55 minutes by speedboat or 15 minutes by seaplane from Mal\u00e9 International Airport. Three first-class restaurants spoil your palate with culinary highlights, while the Talise Spa promises ultimate relaxation. Adventure seekers can explore the colourful underwater world while snorkelling and discover turtles, exotic fish and vibrant coral reefs. Spend unforgettable hours enjoying a picnic on a secluded sandbank. Turquoise-coloured water gently lapping at the powder-white beaches, palm trees swaying in the warm wind and the sun conjuring up golden accents on the private terrace of your luxurious villa - welcome to Jumeirah Olhahali Island, your exclusive retreat in the pristine North Mal\u00e9 Atoll of the Maldives.<\/p>","protected":false},"excerpt":{"rendered":"<p>Das Jumeirah Olhahali Island erwartet Sie! Erleben Sie das pure Malediven-Feeling mit modernem Flair im Jumeirah Olhahali Island. Die gro\u00dfz\u00fcgigen Villen mit privatem Pool dienen als exklusive R\u00fcckzugsorte, von denen aus Sie die atemberaubend sch\u00f6ne, t\u00fcrkisfarbene Lagune hinter dem puderzuckerwei\u00dfen Strand \u00fcberblicken. Das Jumeirah Olhahali Insel Resort liegt im Nord-Mal\u00e9-Atoll und ist nur 55 Minuten [&hellip;]<\/p>","protected":false},"author":4,"featured_media":0,"parent":3048,"menu_order":0,"comment_status":"closed","ping_status":"closed","template":"page-reise_detail5.php","meta":{"_acf_changed":false,"inline_featured_image":false,"footnotes":""},"categories":[12,8],"tags":[],"class_list":["post-5730","page","type-page","status-publish","hentry","category-island-selections","category-reisen"],"acf":[],"_links":{"self":[{"href":"https:\/\/select-luxury.travel\/en\/wp-json\/wp\/v2\/pages\/5730","targetHints":{"allow":["GET"]}}],"collection":[{"href":"https:\/\/select-luxury.travel\/en\/wp-json\/wp\/v2\/pages"}],"about":[{"href":"https:\/\/select-luxury.travel\/en\/wp-json\/wp\/v2\/types\/page"}],"author":[{"embeddable":true,"href":"https:\/\/select-luxury.travel\/en\/wp-json\/wp\/v2\/users\/4"}],"replies":[{"embeddable":true,"href":"https:\/\/select-luxury.travel\/en\/wp-json\/wp\/v2\/comments?post=5730"}],"version-history":[{"count":26,"href":"https:\/\/select-luxury.travel\/en\/wp-json\/wp\/v2\/pages\/5730\/revisions"}],"predecessor-version":[{"id":65772,"href":"https:\/\/select-luxury.travel\/en\/wp-json\/wp\/v2\/pages\/5730\/revisions\/65772"}],"up":[{"embeddable":true,"href":"https:\/\/select-luxury.travel\/en\/wp-json\/wp\/v2\/pages\/3048"}],"wp:attachment":[{"href":"https:\/\/select-luxury.travel\/en\/wp-json\/wp\/v2\/media?parent=5730"}],"wp:term":[{"taxonomy":"category","embeddable":true,"href":"https:\/\/select-luxury.travel\/en\/wp-json\/wp\/v2\/categories?post=5730"},{"taxonomy":"post_tag","embeddable":true,"href":"https:\/\/select-luxury.travel\/en\/wp-json\/wp\/v2\/tags?post=5730"}],"curies":[{"name":"wp","href":"https:\/\/api.w.org\/{rel}","templated":true}]}}