{"id":5309,"date":"2019-03-15T12:34:32","date_gmt":"2019-03-15T11:34:32","guid":{"rendered":"https:\/\/select-luxury.travel\/?page_id=5309"},"modified":"2026-03-16T12:14:32","modified_gmt":"2026-03-16T11:14:32","slug":"from-venice-to-rome","status":"publish","type":"page","link":"https:\/\/select-luxury.travel\/en\/selections\/cruise\/von-venedig-nach-rom","title":{"rendered":"From the Adriatic to Rome"},"content":{"rendered":"<p><span class=\"text-braun\">To the pearls of the Adriatic and around Italy - la dolce vita<\/span><\/p>\n<p>If you are looking for the French way of life, an exciting feeling of discovery on land and at sea, culinary delights and exceptional destinations off the beaten track for your next cruise, I can highly recommend the small ships of the French shipping company. Anyone who has ever been on board knows that luxury cruising on the high seas has a name: PONANT.<\/p>","protected":false},"excerpt":{"rendered":"<p>Zu den Perlen der Adria und rund um Italien &#8211; la dolce Vita Wenn Sie das Miteinander von franz\u00f6sischer Lebensart, aufregendes Entdeckerfeeling an Land und auf See, lukullische Gen\u00fcsse und exzeptionelle Destinationen abseits der ausgetretenen Kreuzfahrt-Routen f\u00fcr Ihre n\u00e4chste Kreuzfahrt suchen, kann ich Ihnen besonders die kleinen Schiffe der franz\u00f6sischen Reederei ans Herz legen. Wer [&hellip;]<\/p>\n","protected":false},"author":4,"featured_media":0,"parent":627,"menu_order":3,"comment_status":"closed","ping_status":"closed","template":"page-reise_detail.php","meta":{"_acf_changed":false,"inline_featured_image":false,"footnotes":""},"categories":[11,9,8,10],"tags":[],"class_list":["post-5309","page","type-page","status-publish","hentry","category-cruise-selections","category-private-selections","category-reisen","category-small-group-selections"],"acf":[],"_links":{"self":[{"href":"https:\/\/select-luxury.travel\/en\/wp-json\/wp\/v2\/pages\/5309","targetHints":{"allow":["GET"]}}],"collection":[{"href":"https:\/\/select-luxury.travel\/en\/wp-json\/wp\/v2\/pages"}],"about":[{"href":"https:\/\/select-luxury.travel\/en\/wp-json\/wp\/v2\/types\/page"}],"author":[{"embeddable":true,"href":"https:\/\/select-luxury.travel\/en\/wp-json\/wp\/v2\/users\/4"}],"replies":[{"embeddable":true,"href":"https:\/\/select-luxury.travel\/en\/wp-json\/wp\/v2\/comments?post=5309"}],"version-history":[{"count":41,"href":"https:\/\/select-luxury.travel\/en\/wp-json\/wp\/v2\/pages\/5309\/revisions"}],"predecessor-version":[{"id":69520,"href":"https:\/\/select-luxury.travel\/en\/wp-json\/wp\/v2\/pages\/5309\/revisions\/69520"}],"up":[{"embeddable":true,"href":"https:\/\/select-luxury.travel\/en\/wp-json\/wp\/v2\/pages\/627"}],"wp:attachment":[{"href":"https:\/\/select-luxury.travel\/en\/wp-json\/wp\/v2\/media?parent=5309"}],"wp:term":[{"taxonomy":"category","embeddable":true,"href":"https:\/\/select-luxury.travel\/en\/wp-json\/wp\/v2\/categories?post=5309"},{"taxonomy":"post_tag","embeddable":true,"href":"https:\/\/select-luxury.travel\/en\/wp-json\/wp\/v2\/tags?post=5309"}],"curies":[{"name":"wp","href":"https:\/\/api.w.org\/{rel}","templated":true}]}}