{"id":5182,"date":"2019-03-15T11:57:05","date_gmt":"2019-03-15T10:57:05","guid":{"rendered":"https:\/\/select-luxury.travel\/?page_id=5182"},"modified":"2026-01-05T14:43:24","modified_gmt":"2026-01-05T13:43:24","slug":"groenland-newfoundland-ponant","status":"publish","type":"page","link":"https:\/\/select-luxury.travel\/en\/selections\/cruise\/groenland-newfoundland-ponant","title":{"rendered":"Greenland &amp; Newfoundland"},"content":{"rendered":"<p><span class=\"text-braun\"><span class=\"text-braun\">Natural wonders and uniqueness await you on the luxury expedition cruise with Ponant and National Geographic <\/span><\/p>\n<p>This exclusive voyage takes you to the spectacular natural wonders of Greenland and Newfoundland - regions that epitomise the true spirit of discovery. Away from the classic cruise routes, you will enjoy the French way of life, culinary highlights and unrivalled experiences at sea. On board the elegant ships of the PONANT Explorer class, such as the Le Champlain, you can expect spacious luxury cabins with private balconies and the highest level of comfort. The award-winning gourmet cuisine will spoil you with French specialities and exquisite wines. A highlight is the futuristic Blue Eye Lounge, which offers fascinating insights into the underwater world.<\/p>","protected":false},"excerpt":{"rendered":"<p>Naturwunder und Einzigartigkeit erwarten Sie auf der Luxus-Expeditionskreuzfahrt mit Ponant und National Geographic Diese exklusive Reise f\u00fchrt Sie zu den spektakul\u00e4ren Naturwundern von Gr\u00f6nland und Neufundland \u2013 Regionen, die f\u00fcr echten Entdeckergeist stehen. Abseits der klassischen Kreuzfahrt-Routen genie\u00dfen Sie franz\u00f6sische Lebensart, kulinarische H\u00f6hepunkte und unvergleichliche Erlebnisse auf See. An Bord der eleganten Schiffe der PONANT [&hellip;]<\/p>","protected":false},"author":4,"featured_media":0,"parent":627,"menu_order":1,"comment_status":"closed","ping_status":"closed","template":"page-reise_detail.php","meta":{"_acf_changed":false,"inline_featured_image":false,"footnotes":""},"categories":[11,9,8],"tags":[],"class_list":["post-5182","page","type-page","status-publish","hentry","category-cruise-selections","category-private-selections","category-reisen"],"acf":[],"_links":{"self":[{"href":"https:\/\/select-luxury.travel\/en\/wp-json\/wp\/v2\/pages\/5182","targetHints":{"allow":["GET"]}}],"collection":[{"href":"https:\/\/select-luxury.travel\/en\/wp-json\/wp\/v2\/pages"}],"about":[{"href":"https:\/\/select-luxury.travel\/en\/wp-json\/wp\/v2\/types\/page"}],"author":[{"embeddable":true,"href":"https:\/\/select-luxury.travel\/en\/wp-json\/wp\/v2\/users\/4"}],"replies":[{"embeddable":true,"href":"https:\/\/select-luxury.travel\/en\/wp-json\/wp\/v2\/comments?post=5182"}],"version-history":[{"count":73,"href":"https:\/\/select-luxury.travel\/en\/wp-json\/wp\/v2\/pages\/5182\/revisions"}],"predecessor-version":[{"id":68327,"href":"https:\/\/select-luxury.travel\/en\/wp-json\/wp\/v2\/pages\/5182\/revisions\/68327"}],"up":[{"embeddable":true,"href":"https:\/\/select-luxury.travel\/en\/wp-json\/wp\/v2\/pages\/627"}],"wp:attachment":[{"href":"https:\/\/select-luxury.travel\/en\/wp-json\/wp\/v2\/media?parent=5182"}],"wp:term":[{"taxonomy":"category","embeddable":true,"href":"https:\/\/select-luxury.travel\/en\/wp-json\/wp\/v2\/categories?post=5182"},{"taxonomy":"post_tag","embeddable":true,"href":"https:\/\/select-luxury.travel\/en\/wp-json\/wp\/v2\/tags?post=5182"}],"curies":[{"name":"wp","href":"https:\/\/api.w.org\/{rel}","templated":true}]}}