{"id":5158,"date":"2019-04-23T11:15:30","date_gmt":"2019-04-23T09:15:30","guid":{"rendered":"https:\/\/select-luxury.travel\/?page_id=5158"},"modified":"2026-04-11T16:20:34","modified_gmt":"2026-04-11T14:20:34","slug":"9-country-cruise-from-hamburg-to-new-york-explora-iii","status":"publish","type":"page","link":"https:\/\/select-luxury.travel\/en\/selections\/cruise\/9-country-cruise-from-hamburg-to-new-york-explora-iii","title":{"rendered":"9-country cruise: From Hamburg to New York - Explora III"},"content":{"rendered":"<p><span class=\"text-braun\">A magnificent journey through boreal landscapes and northern cultural heritage.<\/span><\/p>\n<p>Begin your adventure cruise in the port of Hamburg and set course for historic England, unspoilt Ireland and follow in the footsteps of the Vikings to Scotland. Marvel at the Icelandic charm of Sey\u00f0isfj\u00f6r\u00f0ur, Akureyri, Reykjavik and Isafjordur before exploring the remote wonders of Greenland. Your journey continues to Canada before you sail into New York City harbour, waving at the Statue of Liberty.<\/p>\n<p>&nbsp;<\/p>","protected":false},"excerpt":{"rendered":"<p>Eine gro\u00dfartige Reise durch boreale Landschaften und n\u00f6rdliches Kulturerbe. Beginnen Sie Ihre Erlebniskreuzfahrt im Hafen von Hamburg und nehmen Sie Kurs Richtung historisches England, unber\u00fchrtes Irland und folgen Sie den Spuren der Wikinger nach Schottland. Bewundern Sie den isl\u00e4ndischen Reiz von Sey\u00f0isfj\u00f6r\u00f0ur, Akureyri, Reykjavik und Isafjordur, bevor Sie die abgelegenen Wunder Gr\u00f6nlands erkunden. Ihre Reise [&hellip;]<\/p>","protected":false},"author":4,"featured_media":0,"parent":627,"menu_order":3,"comment_status":"closed","ping_status":"closed","template":"page-reise_detail.php","meta":{"_acf_changed":false,"inline_featured_image":false,"footnotes":""},"categories":[11,8],"tags":[],"class_list":["post-5158","page","type-page","status-publish","hentry","category-cruise-selections","category-reisen"],"acf":[],"_links":{"self":[{"href":"https:\/\/select-luxury.travel\/en\/wp-json\/wp\/v2\/pages\/5158","targetHints":{"allow":["GET"]}}],"collection":[{"href":"https:\/\/select-luxury.travel\/en\/wp-json\/wp\/v2\/pages"}],"about":[{"href":"https:\/\/select-luxury.travel\/en\/wp-json\/wp\/v2\/types\/page"}],"author":[{"embeddable":true,"href":"https:\/\/select-luxury.travel\/en\/wp-json\/wp\/v2\/users\/4"}],"replies":[{"embeddable":true,"href":"https:\/\/select-luxury.travel\/en\/wp-json\/wp\/v2\/comments?post=5158"}],"version-history":[{"count":39,"href":"https:\/\/select-luxury.travel\/en\/wp-json\/wp\/v2\/pages\/5158\/revisions"}],"predecessor-version":[{"id":69832,"href":"https:\/\/select-luxury.travel\/en\/wp-json\/wp\/v2\/pages\/5158\/revisions\/69832"}],"up":[{"embeddable":true,"href":"https:\/\/select-luxury.travel\/en\/wp-json\/wp\/v2\/pages\/627"}],"wp:attachment":[{"href":"https:\/\/select-luxury.travel\/en\/wp-json\/wp\/v2\/media?parent=5158"}],"wp:term":[{"taxonomy":"category","embeddable":true,"href":"https:\/\/select-luxury.travel\/en\/wp-json\/wp\/v2\/categories?post=5158"},{"taxonomy":"post_tag","embeddable":true,"href":"https:\/\/select-luxury.travel\/en\/wp-json\/wp\/v2\/tags?post=5158"}],"curies":[{"name":"wp","href":"https:\/\/api.w.org\/{rel}","templated":true}]}}